{"id":10179,"date":"2024-11-16T07:28:30","date_gmt":"2024-11-16T07:28:30","guid":{"rendered":"https:\/\/alqawafel.com\/?post_type=product&#038;p=10179"},"modified":"2025-07-21T08:12:48","modified_gmt":"2025-07-21T08:12:48","slug":"buyume-20-20-20t-e","status":"publish","type":"product","link":"https:\/\/alqawafel.com\/tr\/product\/growth-20-20-20t-e\/","title":{"rendered":"B\u00fcy\u00fcme 20-20-20+T.E. G\u00fcbre"},"content":{"rendered":"<h3>Neden Growth 20-20-20+T.E. G\u00fcbresini Se\u00e7melisiniz?<\/h3>\n<p><span style=\"font-size: 18px;\">Growth 20-20-20+T.E. e\u015fit oranda azot (N), fosfor (P\u2082O\u2085) ve potasyum (K\u2082O) sunan geli\u015fmi\u015f bir kompoze g\u00fcbredir. Makro ve mikro besinler, organik asitler ve temel vitaminler ile zenginle\u015ftirilmi\u015f bu dengeli NPK g\u00fcbresi, bitki b\u00fcy\u00fcmesinin t\u00fcm a\u015famalar\u0131n\u0131 destekler. Y\u00fcksek \u00e7\u00f6z\u00fcn\u00fcrl\u00fc\u011f\u00fc ve asidik form\u00fclasyonu, y\u00fcksek tuzluluktaki topraklarda bile besin emilimini optimize eder.<\/span><\/p>\n<h3>B\u00fcy\u00fcme 20-20-20+T.E.'nin Temel Faydalar\u0131<\/h3>\n<ul>\n<li><span style=\"font-size: 18px;\"><strong>Dengeli NPK Oran\u0131:<\/strong> Kapsaml\u0131 bitki beslemesi i\u00e7in e\u015fit miktarda azot, fosfor ve potasyum sa\u011flar.<\/span><\/li>\n<li><span style=\"font-size: 18px;\"><strong>Geli\u015ftirilmi\u015f Emilim:<\/strong> Asidik pH (1 g\/L'de ~6), \u00e7e\u015fitli toprak ko\u015fullar\u0131nda optimum besin al\u0131m\u0131n\u0131 sa\u011flar.<\/span><\/li>\n<li><span style=\"font-size: 18px;\"><strong>Tuzlu Topraklar i\u00e7in D\u00fc\u015f\u00fck EC:<\/strong> Y\u00fcksek tuzluluk oran\u0131na sahip ortamlarda etkin performans g\u00f6sterecek \u015fekilde tasarlanm\u0131\u015ft\u0131r.<\/span><\/li>\n<li><span style=\"font-size: 18px;\"><strong>Y\u00fcksek \u00c7\u00f6z\u00fcn\u00fcrl\u00fck:<\/strong> \u00dcre fosfat gibi saf hammaddelerden \u00fcretilmi\u015ftir, di\u011fer g\u00fcbrelere k\u0131yasla \u00fcst\u00fcn \u00e7\u00f6z\u00fcn\u00fcrl\u00fck sa\u011flar.<\/span><\/li>\n<li><span style=\"font-size: 18px;\"><strong>\u00c7e\u015fitli \u00fcr\u00fcnlerde kullan\u0131n:<\/strong> Sebzeler, tarla bitkileri, meyve a\u011fa\u00e7lar\u0131 ve s\u00fcs bitkileri i\u00e7in uygundur.<\/span><\/li>\n<li><span style=\"font-size: 18px;\"><strong>Etkili Teslimat:<\/strong> Uygulama kolayl\u0131\u011f\u0131 i\u00e7in modern sulama ve p\u00fcsk\u00fcrtme sistemleri ile uyumludur.<\/span><\/li>\n<\/ul>\n<h3 class=\"translation-block\"><span style=\"font-size: 18px\">Kimyasal Bile\u015fimi<\/span>ition<\/h3>\n<ul>\n<li><span style=\"font-size: 18px;\"><strong>Azot (N 20%)<\/strong><\/span><\/li>\n<li><span style=\"font-size: 18px;\"><strong>Fosfor (P\u2082O\u2085 20%)<\/strong><\/span><\/li>\n<li><span style=\"font-size: 18px;\"><strong>Potasyum (K\u2082O 20%)<\/strong><\/span><\/li>\n<\/ul>\n<p><span style=\"font-size: 18px;\">Ayr\u0131ca \u015funlar\u0131 i\u00e7erir:<\/span><\/p>\n<ul>\n<li><span style=\"font-size: 18px;\">Temel mikro elementler (Demir, \u00c7inko, Manganez, Bak\u0131r, Bor).<\/span><\/li>\n<li><span style=\"font-size: 18px;\">Bitki sa\u011fl\u0131\u011f\u0131 i\u00e7in organik asitler ve vitaminler.<\/span><\/li>\n<\/ul>\n<h3>\u00d6nerilen Uygulamalar<\/h3>\n<p><span style=\"font-size: 18px;\"><strong>Uygun Mahsuller:<\/strong><\/span><\/p>\n<ul>\n<li><span style=\"font-size: 18px;\">Sera ve A\u00e7\u0131k Alan Sebzeleri.<\/span><\/li>\n<li><span style=\"font-size: 14pt;\">Tarla Bitkileri.<\/span><\/li>\n<li><span style=\"font-size: 18px;\">Meyve a\u011fa\u00e7lar\u0131.<\/span><\/li>\n<li><span style=\"font-size: 14pt;\">S\u00fcs Bitkileri.<\/span><\/li>\n<\/ul>\n<h3 data-start=\"139\" data-end=\"173\">Uygulama Oran\u0131<\/h3>\n<h4 data-start=\"139\" data-end=\"173\"><strong data-start=\"145\" data-end=\"171\">A\u00e7\u0131k Alan Sebzeleri:<\/strong><\/h4>\n<p><span style=\"font-size: 14pt;\">1,5-2 kg \/ 1000 m\u00b2, haftada 3-4 kez.<\/span><\/p>\n<h4 data-start=\"319\" data-end=\"343\"><strong data-start=\"325\" data-end=\"341\">Meyve a\u011fa\u00e7lar\u0131:<\/strong><\/h4>\n<p data-start=\"346\" data-end=\"497\"><span style=\"font-size: 14pt;\">0,5-1 kg\/1000 m\u00b2, meyve vermeye ba\u015flad\u0131ktan sonra ve meyve olgunlu\u011fu s\u00fcresince haftada 3-4 kez.<\/span><\/p>\n<p>&nbsp;<\/p>\n<h3>Paketleme<\/h3>\n<ul>\n<li><span style=\"font-size: 18px;\"><strong>25 kg'l\u0131k torbalar<\/strong><\/span><\/li>\n<\/ul>\n<p><img loading=\"lazy\" decoding=\"async\" class=\"alignnone size-medium wp-image-17206\" src=\"https:\/\/alqawafel.com\/wp-content\/uploads\/2024\/11\/Growth-Logo-20-20-20T.E-1-300x300.webp\" alt=\"B\u00fcy\u00fcme 20-20-20+T.E.\" width=\"300\" height=\"300\" srcset=\"https:\/\/alqawafel.com\/wp-content\/uploads\/2024\/11\/Growth-Logo-20-20-20T.E-1-300x300.webp 300w, https:\/\/alqawafel.com\/wp-content\/uploads\/2024\/11\/Growth-Logo-20-20-20T.E-1-150x150.webp 150w, https:\/\/alqawafel.com\/wp-content\/uploads\/2024\/11\/Growth-Logo-20-20-20T.E-1-768x768.webp 768w, https:\/\/alqawafel.com\/wp-content\/uploads\/2024\/11\/Growth-Logo-20-20-20T.E-1.webp 1000w\" sizes=\"auto, (max-width: 300px) 100vw, 300px\" \/><\/p>","protected":false},"excerpt":{"rendered":"<p><span style=\"font-size: 18px;\">Growth 20-20-20+T.E. temel besin maddeleri ile zenginle\u015ftirilmi\u015f dengeli bir NPK g\u00fcbresidir, g\u00fc\u00e7l\u00fc bitki b\u00fcy\u00fcmesi ve geli\u015fmi\u015f meyve kalitesi sa\u011flar.<\/span><\/p>","protected":false},"featured_media":17206,"comment_status":"open","ping_status":"closed","template":"","meta":{"om_disable_all_campaigns":false,"_monsterinsights_skip_tracking":false,"_monsterinsights_sitenote_active":false,"_monsterinsights_sitenote_note":"","_monsterinsights_sitenote_category":0},"product_brand":[2213],"product_cat":[50,2131],"product_tag":[866,894,1088,463,1087,911,1069],"class_list":{"0":"post-10179","1":"product","2":"type-product","3":"status-publish","4":"has-post-thumbnail","6":"product_brand-growth","7":"product_cat-fertilizers","8":"product_cat-water-soluble-fertilizers","9":"product_tag-al-qawafel-ind-agr-co","10":"product_tag-balanced-npk","11":"product_tag-comprehensive-nutrition","12":"product_tag-fertilizer","13":"product_tag-growth-20-20-20","14":"product_tag-high-solubility","15":"product_tag-saline-soil-compatible","17":"first","18":"instock","19":"shipping-taxable","20":"product-type-simple"},"aioseo_notices":[],"_links":{"self":[{"href":"https:\/\/alqawafel.com\/tr\/wp-json\/wp\/v2\/product\/10179","targetHints":{"allow":["GET"]}}],"collection":[{"href":"https:\/\/alqawafel.com\/tr\/wp-json\/wp\/v2\/product"}],"about":[{"href":"https:\/\/alqawafel.com\/tr\/wp-json\/wp\/v2\/types\/product"}],"replies":[{"embeddable":true,"href":"https:\/\/alqawafel.com\/tr\/wp-json\/wp\/v2\/comments?post=10179"}],"version-history":[{"count":7,"href":"https:\/\/alqawafel.com\/tr\/wp-json\/wp\/v2\/product\/10179\/revisions"}],"predecessor-version":[{"id":10181,"href":"https:\/\/alqawafel.com\/tr\/wp-json\/wp\/v2\/product\/10179\/revisions\/10181"}],"wp:featuredmedia":[{"embeddable":true,"href":"https:\/\/alqawafel.com\/tr\/wp-json\/wp\/v2\/media\/17206"}],"wp:attachment":[{"href":"https:\/\/alqawafel.com\/tr\/wp-json\/wp\/v2\/media?parent=10179"}],"wp:term":[{"taxonomy":"product_brand","embeddable":true,"href":"https:\/\/alqawafel.com\/tr\/wp-json\/wp\/v2\/product_brand?post=10179"},{"taxonomy":"product_cat","embeddable":true,"href":"https:\/\/alqawafel.com\/tr\/wp-json\/wp\/v2\/product_cat?post=10179"},{"taxonomy":"product_tag","embeddable":true,"href":"https:\/\/alqawafel.com\/tr\/wp-json\/wp\/v2\/product_tag?post=10179"}],"curies":[{"name":"wp","href":"https:\/\/api.w.org\/{rel}","templated":true}]}}