{"id":10214,"date":"2024-11-16T10:15:42","date_gmt":"2024-11-16T10:15:42","guid":{"rendered":"https:\/\/alqawafel.com\/?post_type=product&#038;p=10214"},"modified":"2025-08-12T07:18:32","modified_gmt":"2025-08-12T07:18:32","slug":"salatalik-qsc-101-f1","status":"publish","type":"product","link":"https:\/\/alqawafel.com\/tr\/product\/cucumber-qsc-101-f1\/","title":{"rendered":"Salatal\u0131k QSC-101 F1"},"content":{"rendered":"<p><span style=\"font-size: 18px;\">Bu <strong>Salatal\u0131k QSC-101 F1<\/strong> birinci s\u0131n\u0131f bir Beita-alpha sera \u00e7e\u015fididir, y\u00fcksek verimli, tek tip \u00fcretim arayan profesyonel yeti\u015ftiriciler i\u00e7in idealdir. Bu kuvvetli bitki \u015fu ko\u015fullarda b\u00fcy\u00fcr <strong>yaz-bahar mevsi\u0307mleri\u0307<\/strong>G\u00fc\u00e7l\u00fc b\u00fcy\u00fcme ve orta boy koyu ye\u015fil yapraklar sunar.<\/span><\/p>\n<table width=\"626\">\n<thead>\n<tr>\n<td width=\"106\"><span style=\"font-size: 18px;\"><strong>\u00d6znitelik<\/strong><\/span><\/td>\n<td width=\"513\"><span style=\"font-size: 18px;\"><strong>Detaylar<\/strong><\/span><\/td>\n<\/tr>\n<\/thead>\n<tbody>\n<tr>\n<td width=\"106\"><span style=\"font-size: 18px;\"><strong>\u00dcr\u00fcn Ad\u0131<\/strong><\/span><\/td>\n<td width=\"513\"><span style=\"font-size: 18px;\">Salatal\u0131k QSC-101 F1<\/span><\/td>\n<\/tr>\n<tr>\n<td width=\"106\"><span style=\"font-size: 18px;\"><strong>Tip<\/strong><\/span><\/td>\n<td width=\"513\"><span style=\"font-size: 18px;\">Beta-alfa sera<\/span><\/td>\n<\/tr>\n<tr>\n<td width=\"106\"><span style=\"font-size: 18px;\"><strong>Meyve Seti Stili<\/strong><\/span><\/td>\n<td width=\"513\"><span style=\"font-size: 18px;\">\u00c7ok meyveli, dallanma ile d\u00fc\u011f\u00fcm ba\u015f\u0131na 3-4 meyve, k\u0131sa bitki\u00a0<\/span><\/td>\n<\/tr>\n<tr>\n<td width=\"106\"><span style=\"font-size: 18px;\"><strong>Sezon<\/strong><\/span><\/td>\n<td width=\"513\"><span style=\"font-size: 18px;\">Yaz, \u0130lkbahar<\/span><\/td>\n<\/tr>\n<tr>\n<td width=\"106\"><strong>Bitkisel B\u00fcy\u00fcme<\/strong><\/td>\n<td width=\"513\"><span style=\"font-size: 18px;\">G\u00fc\u00e7l\u00fc bitki, orta boy koyu ye\u015fil yapraklar<\/span><\/td>\n<\/tr>\n<tr>\n<td width=\"106\"><span style=\"font-size: 18px;\"><strong>Meyve \u00d6zellikleri<\/strong><\/span><\/td>\n<td width=\"513\"><span style=\"font-size: 18px;\">\u0130yi kaburgal\u0131, koyu parlak ye\u015fil meyve, 14-16 cm uzunluk, y\u00fcksek homojenlik, y\u00fcksek \u00fcretim<\/span><\/td>\n<\/tr>\n<tr>\n<td width=\"106\"><span style=\"font-size: 18px;\"><strong>Tolerans (IR)<\/strong><\/span><\/td>\n<td width=\"513\"><span style=\"font-size: 18px;\">PM (K\u00fclleme), CMV (H\u0131yar Mozaik Vir\u00fcs\u00fc), CVYV (H\u0131yar Damar Sararmas\u0131 Vir\u00fcs\u00fc), CYSDV (H\u0131yar Sar\u0131 Bodurluk Bozuklu\u011fu Vir\u00fcs\u00fc), DM (T\u00fcyl\u00fc K\u00fcf)<\/span><\/td>\n<\/tr>\n<\/tbody>\n<\/table>\n<p><img loading=\"lazy\" decoding=\"async\" src=\"https:\/\/alqawafel.com\/wp-content\/uploads\/2024\/11\/101-225x300.jpg\" alt=\"Salatal\u0131k QSC-101 F1\" width=\"225\" height=\"300\" \/><\/p>\n<p>&nbsp;<\/p>\n<p><a title=\"Tohumlara Geri D\u00f6n\" href=\"https:\/\/alqawafel.com\/tr\/tohumlar\/\">Tohumlara Geri D\u00f6n<\/a><\/p>\n<p><a title=\"Facebook\" href=\"https:\/\/alqawafel.com\/tr\/facebook\/\" target=\"_blank\" rel=\"noopener\">Facebook<\/a><\/p>\n<p><a title=\"Linkedin\" href=\"https:\/\/www.linkedin.com\/company\/alqawafel-ind-agr-co\/\" target=\"_blank\" rel=\"noopener\">Linkedin<\/a><\/p>","protected":false},"excerpt":{"rendered":"<p><span style=\"font-size: 18px;\">Salatal\u0131k QSC-101 F1, kompakt bitkileri, parlak ye\u015fil meyveleri ve PM, CMV, CVYV, CYSDV ve DM'ye kar\u015f\u0131 g\u00fc\u00e7l\u00fc tolerans\u0131 ile y\u00fcksek verim sa\u011flar.<\/span><\/p>","protected":false},"featured_media":10220,"comment_status":"open","ping_status":"closed","template":"","meta":{"om_disable_all_campaigns":false,"_monsterinsights_skip_tracking":false,"_monsterinsights_sitenote_active":false,"_monsterinsights_sitenote_note":"","_monsterinsights_sitenote_category":0},"product_brand":[],"product_cat":[827,237],"product_tag":[866,1097,1103,1102,1098,1101,1100],"class_list":{"0":"post-10214","1":"product","2":"type-product","3":"status-publish","4":"has-post-thumbnail","6":"product_cat-cucumber","7":"product_cat-seeds","8":"product_tag-al-qawafel-ind-agr-co","9":"product_tag-beita-alpha-cucumber","10":"product_tag-compact-plant-variety","11":"product_tag-cucumber-qsc-101-f1","12":"product_tag-greenhouse-cucumber","13":"product_tag-seeds","14":"product_tag-summer-cucumber","16":"first","17":"instock","18":"shipping-taxable","19":"product-type-simple"},"aioseo_notices":[],"_links":{"self":[{"href":"https:\/\/alqawafel.com\/tr\/wp-json\/wp\/v2\/product\/10214","targetHints":{"allow":["GET"]}}],"collection":[{"href":"https:\/\/alqawafel.com\/tr\/wp-json\/wp\/v2\/product"}],"about":[{"href":"https:\/\/alqawafel.com\/tr\/wp-json\/wp\/v2\/types\/product"}],"replies":[{"embeddable":true,"href":"https:\/\/alqawafel.com\/tr\/wp-json\/wp\/v2\/comments?post=10214"}],"version-history":[{"count":14,"href":"https:\/\/alqawafel.com\/tr\/wp-json\/wp\/v2\/product\/10214\/revisions"}],"predecessor-version":[{"id":19524,"href":"https:\/\/alqawafel.com\/tr\/wp-json\/wp\/v2\/product\/10214\/revisions\/19524"}],"wp:featuredmedia":[{"embeddable":true,"href":"https:\/\/alqawafel.com\/tr\/wp-json\/wp\/v2\/media\/10220"}],"wp:attachment":[{"href":"https:\/\/alqawafel.com\/tr\/wp-json\/wp\/v2\/media?parent=10214"}],"wp:term":[{"taxonomy":"product_brand","embeddable":true,"href":"https:\/\/alqawafel.com\/tr\/wp-json\/wp\/v2\/product_brand?post=10214"},{"taxonomy":"product_cat","embeddable":true,"href":"https:\/\/alqawafel.com\/tr\/wp-json\/wp\/v2\/product_cat?post=10214"},{"taxonomy":"product_tag","embeddable":true,"href":"https:\/\/alqawafel.com\/tr\/wp-json\/wp\/v2\/product_tag?post=10214"}],"curies":[{"name":"wp","href":"https:\/\/api.w.org\/{rel}","templated":true}]}}