{"id":10228,"date":"2024-11-16T10:52:48","date_gmt":"2024-11-16T10:52:48","guid":{"rendered":"https:\/\/alqawafel.com\/?post_type=product&#038;p=10228"},"modified":"2025-04-28T08:26:14","modified_gmt":"2025-04-28T08:26:14","slug":"salatalik-qsc-102-f1","status":"publish","type":"product","link":"https:\/\/alqawafel.com\/tr\/product\/cucumber-qsc-102-f1\/","title":{"rendered":"Salatal\u0131k QSC-102 F1"},"content":{"rendered":"<p><span style=\"font-size: 18px\">Salatal\u0131k QSC-102 F1, y\u00fcksek homojenlik, g\u00fc\u00e7l\u00fc b\u00fcy\u00fcme ve m\u00fckemmel meyve \u00f6zelliklerine sahip birinci s\u0131n\u0131f Beita-alfa sera salatal\u0131\u011f\u0131d\u0131r. Yaz, ilkbahar ve sonbahar mevsimleri i\u00e7in idealdir.<\/span><\/p>\n<table width=\"629\">\n<thead>\n<tr>\n<td width=\"110\"><span style=\"font-size: 18px\"><strong>\u00d6znitelik<\/strong><\/span><\/td>\n<td><span style=\"font-size: 18px\"><strong>Detaylar<\/strong><\/span><\/td>\n<\/tr>\n<\/thead>\n<tbody>\n<tr>\n<td width=\"110\"><span style=\"font-size: 18px\"><strong>\u00dcr\u00fcn Ad\u0131<\/strong><\/span><\/td>\n<td><span style=\"font-size: 18px\">Salatal\u0131k QSC-102 F1<\/span><\/td>\n<\/tr>\n<tr>\n<td width=\"110\"><span style=\"font-size: 18px\"><strong>Tip<\/strong><\/span><\/td>\n<td><span style=\"font-size: 18px\">Beita-alfa sera<\/span><\/td>\n<\/tr>\n<tr>\n<td width=\"110\"><span style=\"font-size: 18px\"><strong>Meyve Seti Stili<\/strong><\/span><\/td>\n<td><span style=\"font-size: 18px\">\u00c7oklu meyve, dallanma ile d\u00fc\u011f\u00fcm ba\u015f\u0131na 3-4 meyve<\/span><\/td>\n<\/tr>\n<tr>\n<td width=\"110\"><span style=\"font-size: 18px\"><strong>Sezon<\/strong><\/span><\/td>\n<td><span style=\"font-size: 18px\">Yaz, \u0130lkbahar, Sonbahar<\/span><\/td>\n<\/tr>\n<tr>\n<td width=\"110\"><span style=\"font-size: 18px\"><strong>G\u00fc\u00e7l\u00fc B\u00fcy\u00fcme<\/strong><\/span><\/td>\n<td><span style=\"font-size: 18px\">G\u00fc\u00e7l\u00fc bitki, k\u00fc\u00e7\u00fck koyu ye\u015fil yapraklar<\/span><\/td>\n<\/tr>\n<tr>\n<td width=\"110\"><span style=\"font-size: 18px\"><strong>Meyve \u00d6zellikleri<\/strong><\/span><\/td>\n<td><span style=\"font-size: 18px\">M\u00fckemmel kaburgal\u0131 ye\u015fil meyve, 14-15 cm uzunluk, y\u00fcksek homojenlik, y\u00fcksek \u00fcretim<\/span><\/td>\n<\/tr>\n<tr>\n<td width=\"110\"><span style=\"font-size: 18px\"><strong>Tolerans (IR)<\/strong><\/span><\/td>\n<td><span style=\"font-size: 18px\">PM (K\u00fclleme), CMV (H\u0131yar Mozaik Vir\u00fcs\u00fc), CVYV (H\u0131yar Damar Sararma Vir\u00fcs\u00fc)<\/span><\/td>\n<\/tr>\n<\/tbody>\n<\/table>\n<p><img loading=\"lazy\" decoding=\"async\" class=\"alignnone size-medium wp-image-10229\" src=\"https:\/\/alqawafel.com\/wp-content\/uploads\/2024\/11\/102-225x300.jpg\" alt=\"Salatal\u0131k QSC-102 F1\" width=\"225\" height=\"300\" srcset=\"https:\/\/alqawafel.com\/wp-content\/uploads\/2024\/11\/102-225x300.jpg 225w, https:\/\/alqawafel.com\/wp-content\/uploads\/2024\/11\/102-768x1024.jpg 768w, https:\/\/alqawafel.com\/wp-content\/uploads\/2024\/11\/102-150x200.jpg 150w, https:\/\/alqawafel.com\/wp-content\/uploads\/2024\/11\/102.jpg 960w\" sizes=\"auto, (max-width: 225px) 100vw, 225px\" \/><\/p>\n<p>&nbsp;<\/p>\n<p><a title=\"Tohumlara Geri D\u00f6n\" href=\"https:\/\/alqawafel.com\/tr\/tohumlar\/\">Tohumlara Geri D\u00f6n<\/a><\/p>\n<p><a title=\"Facebook\" href=\"https:\/\/alqawafel.com\/tr\/facebook\/\" target=\"_blank\" rel=\"noopener\">Facebook<\/a><\/p>\n<p><a title=\"Linkedin\" href=\"https:\/\/www.linkedin.com\/company\/alqawafel-ind-agr-co\/\" target=\"_blank\" rel=\"noopener\">Linkedin<\/a><\/p>","protected":false},"excerpt":{"rendered":"<p><span style=\"font-size: 18px\">G\u00fc\u00e7l\u00fc bitki canl\u0131l\u0131\u011f\u0131, y\u00fcksek homojenlik ve PM, CMV ve CVYV'ye kar\u015f\u0131 m\u00fckemmel toleransa sahip bir Beita-alfa sera \u00e7e\u015fidi olan Salatal\u0131k QSC-102 F1'i ke\u015ffedin.<\/span><\/p>","protected":false},"featured_media":10229,"comment_status":"open","ping_status":"closed","template":"","meta":{"om_disable_all_campaigns":false,"_monsterinsights_skip_tracking":false,"_monsterinsights_sitenote_active":false,"_monsterinsights_sitenote_note":"","_monsterinsights_sitenote_category":0},"product_brand":[],"product_cat":[827,237],"product_tag":[866,1097,1096,1098,1099,1101,1100],"class_list":{"0":"post-10228","1":"product","2":"type-product","3":"status-publish","4":"has-post-thumbnail","6":"product_cat-cucumber","7":"product_cat-seeds","8":"product_tag-al-qawafel-ind-agr-co","9":"product_tag-beita-alpha-cucumber","10":"product_tag-cucumber-qsc-102-f1","11":"product_tag-greenhouse-cucumber","12":"product_tag-high-yield-cucumber","13":"product_tag-seeds","14":"product_tag-summer-cucumber","16":"first","17":"instock","18":"shipping-taxable","19":"product-type-simple"},"aioseo_notices":[],"_links":{"self":[{"href":"https:\/\/alqawafel.com\/tr\/wp-json\/wp\/v2\/product\/10228","targetHints":{"allow":["GET"]}}],"collection":[{"href":"https:\/\/alqawafel.com\/tr\/wp-json\/wp\/v2\/product"}],"about":[{"href":"https:\/\/alqawafel.com\/tr\/wp-json\/wp\/v2\/types\/product"}],"replies":[{"embeddable":true,"href":"https:\/\/alqawafel.com\/tr\/wp-json\/wp\/v2\/comments?post=10228"}],"version-history":[{"count":5,"href":"https:\/\/alqawafel.com\/tr\/wp-json\/wp\/v2\/product\/10228\/revisions"}],"predecessor-version":[{"id":10236,"href":"https:\/\/alqawafel.com\/tr\/wp-json\/wp\/v2\/product\/10228\/revisions\/10236"}],"wp:featuredmedia":[{"embeddable":true,"href":"https:\/\/alqawafel.com\/tr\/wp-json\/wp\/v2\/media\/10229"}],"wp:attachment":[{"href":"https:\/\/alqawafel.com\/tr\/wp-json\/wp\/v2\/media?parent=10228"}],"wp:term":[{"taxonomy":"product_brand","embeddable":true,"href":"https:\/\/alqawafel.com\/tr\/wp-json\/wp\/v2\/product_brand?post=10228"},{"taxonomy":"product_cat","embeddable":true,"href":"https:\/\/alqawafel.com\/tr\/wp-json\/wp\/v2\/product_cat?post=10228"},{"taxonomy":"product_tag","embeddable":true,"href":"https:\/\/alqawafel.com\/tr\/wp-json\/wp\/v2\/product_tag?post=10228"}],"curies":[{"name":"wp","href":"https:\/\/api.w.org\/{rel}","templated":true}]}}