{"id":10338,"date":"2024-11-17T08:26:22","date_gmt":"2024-11-17T08:26:22","guid":{"rendered":"https:\/\/alqawafel.com\/?post_type=product&#038;p=10338"},"modified":"2025-08-12T08:29:09","modified_gmt":"2025-08-12T08:29:09","slug":"salatalik-qsc-109-f1","status":"publish","type":"product","link":"https:\/\/alqawafel.com\/tr\/product\/cucumber-qsc-109-f1\/","title":{"rendered":"Salatal\u0131k QSC-109 F1"},"content":{"rendered":"<p><span style=\"font-size: 18px;\">Salatal\u0131k QSC-109 F1: D\u00fc\u015f\u00fck ve orta s\u0131cakl\u0131klar i\u00e7in ideal, tek tip parlak ye\u015fil meyveler \u00fcreten, y\u00fcksek verimli bir Beita-alfa salatal\u0131k.<\/span><\/p>\n<table>\n<thead>\n<tr>\n<th><span style=\"font-size: 18px;\"><strong>\u00d6znitelik<\/strong><\/span><\/th>\n<th><span style=\"font-size: 18px;\"><strong>Detaylar<\/strong><\/span><\/th>\n<\/tr>\n<\/thead>\n<tbody>\n<tr>\n<td><span style=\"font-size: 18px;\"><strong>\u00dcr\u00fcn Ad\u0131<\/strong><\/span><\/td>\n<td><span style=\"font-size: 18px;\">Salatal\u0131k QSC-109 F1<\/span><\/td>\n<\/tr>\n<tr>\n<td><span style=\"font-size: 18px;\"><strong>Tip<\/strong><\/span><\/td>\n<td><span style=\"font-size: 18px;\">Beita-alfa sera<\/span><\/td>\n<\/tr>\n<tr>\n<td><span style=\"font-size: 18px;\"><strong>Meyve Seti Stili<\/strong><\/span><\/td>\n<td><span style=\"font-size: 18px;\">Dallanma ile d\u00fc\u011f\u00fcm ba\u015f\u0131na tek meyve<\/span><\/td>\n<\/tr>\n<tr>\n<td><span style=\"font-size: 18px;\"><strong>Sezon<\/strong><\/span><\/td>\n<td><span style=\"font-size: 18px;\">D\u00fc\u015f\u00fck ila orta s\u0131cakl\u0131klar<\/span><\/td>\n<\/tr>\n<tr>\n<td><span style=\"font-size: 18px;\"><strong>Bitkisel B\u00fcy\u00fcme<\/strong><\/span><\/td>\n<td><span style=\"font-size: 18px;\">Orta b\u00fcy\u00fckl\u00fckte, koyu ye\u015fil yaprakl\u0131 g\u00fc\u00e7l\u00fc bitki<\/span><\/td>\n<\/tr>\n<tr>\n<td><span style=\"font-size: 18px;\"><strong>Meyve \u00d6zellikleri<\/strong><\/span><\/td>\n<td><span style=\"font-size: 18px;\">parlak ye\u015fil meyveler, iyi kaburgal\u0131, 16-17 cm uzunlu\u011funda, y\u00fcksek \u00fcniformite ve y\u00fcksek \u00fcretim<\/span><\/td>\n<\/tr>\n<tr>\n<td><span style=\"font-size: 18px;\"><strong>Tolerans (IR)<\/strong><\/span><\/td>\n<td><span style=\"font-size: 18px;\">CMV (Cucumber Mosaic Virus), ZYMV (Zucchini Yellow Mosaic Virus), CVYV (Cucumber Vein Yellowing Virus), PM (Powdery Mildew)<\/span><\/td>\n<\/tr>\n<\/tbody>\n<\/table>\n<p><img loading=\"lazy\" decoding=\"async\" class=\"alignnone size-medium wp-image-10339\" src=\"https:\/\/alqawafel.com\/wp-content\/uploads\/2024\/11\/WhatsApp-Image-2024-11-17-at-11.28.15-AM-225x300.jpeg\" alt=\"Salatal\u0131k QSC-109 F1 \" width=\"225\" height=\"300\" srcset=\"https:\/\/alqawafel.com\/wp-content\/uploads\/2024\/11\/WhatsApp-Image-2024-11-17-at-11.28.15-AM-225x300.jpeg 225w, https:\/\/alqawafel.com\/wp-content\/uploads\/2024\/11\/WhatsApp-Image-2024-11-17-at-11.28.15-AM-150x200.jpeg 150w, https:\/\/alqawafel.com\/wp-content\/uploads\/2024\/11\/WhatsApp-Image-2024-11-17-at-11.28.15-AM.jpeg 768w\" sizes=\"auto, (max-width: 225px) 100vw, 225px\" \/><\/p>\n<p>&nbsp;<\/p>\n<p><a title=\"Tohumlara Geri D\u00f6n\" href=\"https:\/\/alqawafel.com\/tr\/tohumlar\/\">Tohumlara Geri D\u00f6n<\/a><\/p>\n<p><a title=\"Facebook\" href=\"https:\/\/alqawafel.com\/tr\/facebook\/\" target=\"_blank\" rel=\"noopener\">Facebook<\/a><\/p>\n<p><a title=\"Linkedin\" href=\"https:\/\/www.linkedin.com\/company\/alqawafel-ind-agr-co\/\" target=\"_blank\" rel=\"noopener\">Linkedin<\/a><\/p>","protected":false},"excerpt":{"rendered":"<p><span style=\"font-size: 18px;\">Salatal\u0131k QSC-109 F1: 16-17 cm derin ye\u015fil meyveleri, y\u00fcksek \u00fcniformitesi ve CMV, ZYMV, CVYV ve PM'ye tolerans\u0131 ile g\u00fcvenilir bir Beita-alfa \u00e7e\u015fididir.<\/span><\/p>","protected":false},"featured_media":10339,"comment_status":"open","ping_status":"closed","template":"","meta":{"om_disable_all_campaigns":false,"_monsterinsights_skip_tracking":false,"_monsterinsights_sitenote_active":false,"_monsterinsights_sitenote_note":"","_monsterinsights_sitenote_category":0},"product_brand":[],"product_cat":[827,237],"product_tag":[866,1097,1133,1098,1099,1132,1101],"class_list":{"0":"post-10338","1":"product","2":"type-product","3":"status-publish","4":"has-post-thumbnail","6":"product_cat-cucumber","7":"product_cat-seeds","8":"product_tag-al-qawafel-ind-agr-co","9":"product_tag-beita-alpha-cucumber","10":"product_tag-cucumber-qsc-109-f1","11":"product_tag-greenhouse-cucumber","12":"product_tag-high-yield-cucumber","13":"product_tag-low-temperature-cucumber","14":"product_tag-seeds","16":"first","17":"instock","18":"shipping-taxable","19":"product-type-simple"},"aioseo_notices":[],"_links":{"self":[{"href":"https:\/\/alqawafel.com\/tr\/wp-json\/wp\/v2\/product\/10338","targetHints":{"allow":["GET"]}}],"collection":[{"href":"https:\/\/alqawafel.com\/tr\/wp-json\/wp\/v2\/product"}],"about":[{"href":"https:\/\/alqawafel.com\/tr\/wp-json\/wp\/v2\/types\/product"}],"replies":[{"embeddable":true,"href":"https:\/\/alqawafel.com\/tr\/wp-json\/wp\/v2\/comments?post=10338"}],"version-history":[{"count":5,"href":"https:\/\/alqawafel.com\/tr\/wp-json\/wp\/v2\/product\/10338\/revisions"}],"predecessor-version":[{"id":19535,"href":"https:\/\/alqawafel.com\/tr\/wp-json\/wp\/v2\/product\/10338\/revisions\/19535"}],"wp:featuredmedia":[{"embeddable":true,"href":"https:\/\/alqawafel.com\/tr\/wp-json\/wp\/v2\/media\/10339"}],"wp:attachment":[{"href":"https:\/\/alqawafel.com\/tr\/wp-json\/wp\/v2\/media?parent=10338"}],"wp:term":[{"taxonomy":"product_brand","embeddable":true,"href":"https:\/\/alqawafel.com\/tr\/wp-json\/wp\/v2\/product_brand?post=10338"},{"taxonomy":"product_cat","embeddable":true,"href":"https:\/\/alqawafel.com\/tr\/wp-json\/wp\/v2\/product_cat?post=10338"},{"taxonomy":"product_tag","embeddable":true,"href":"https:\/\/alqawafel.com\/tr\/wp-json\/wp\/v2\/product_tag?post=10338"}],"curies":[{"name":"wp","href":"https:\/\/api.w.org\/{rel}","templated":true}]}}