{"id":10357,"date":"2024-11-17T08:57:36","date_gmt":"2024-11-17T08:57:36","guid":{"rendered":"https:\/\/alqawafel.com\/?post_type=product&#038;p=10357"},"modified":"2025-08-12T08:40:38","modified_gmt":"2025-08-12T08:40:38","slug":"salatalik-qsc-111-f1","status":"publish","type":"product","link":"https:\/\/alqawafel.com\/tr\/product\/cucumber-qsc-111-f1\/","title":{"rendered":"Salatal\u0131k QSC-111 F1"},"content":{"rendered":"<p><span style=\"font-size: 18px;\">\u00a0Salatal\u0131k QSC-111 F1: M\u00fckemmel hastal\u0131k tolerans\u0131 ve ola\u011fan\u00fcst\u00fc \u00fcretkenli\u011fe sahip a\u00e7\u0131k ye\u015fil meyveler \u00fcreten, k\u0131\u015f i\u00e7in y\u00fcksek performansl\u0131 bir mini salatal\u0131k.<\/span><\/p>\n<table>\n<thead>\n<tr>\n<th><span style=\"font-size: 18px;\"><strong>\u00d6znitelik<\/strong><\/span><\/th>\n<th><span style=\"font-size: 18px;\"><strong>Detaylar<\/strong><\/span><\/th>\n<\/tr>\n<\/thead>\n<tbody>\n<tr>\n<td><span style=\"font-size: 18px;\"><strong>\u00dcr\u00fcn Ad\u0131<\/strong><\/span><\/td>\n<td><span style=\"font-size: 18px;\">Salatal\u0131k QSC-111 F1<\/span><\/td>\n<\/tr>\n<tr>\n<td><span style=\"font-size: 18px;\"><strong>Tip<\/strong><\/span><\/td>\n<td><span style=\"font-size: 18px;\">Mini salatal\u0131k<\/span><\/td>\n<\/tr>\n<tr>\n<td><span style=\"font-size: 18px;\"><strong>Meyve Seti Stili<\/strong><\/span><\/td>\n<td><span style=\"font-size: 18px;\">Mini \u00e7oklu meyve, d\u00fc\u011f\u00fcm ba\u015f\u0131na 3-5 meyve<\/span><\/td>\n<\/tr>\n<tr>\n<td><span style=\"font-size: 18px;\"><strong>Sezon<\/strong><\/span><\/td>\n<td><span style=\"font-size: 18px;\">K\u0131\u015f<\/span><\/td>\n<\/tr>\n<tr>\n<td><span style=\"font-size: 18px;\"><strong>Bitkisel B\u00fcy\u00fcme<\/strong><\/span><\/td>\n<td><span style=\"font-size: 18px;\">Orta boy bitki<\/span><\/td>\n<\/tr>\n<tr>\n<td><span style=\"font-size: 18px;\"><strong>Meyve \u00d6zellikleri<\/strong><\/span><\/td>\n<td><span style=\"font-size: 18px;\">A\u00e7\u0131k ye\u015fil meyveler, 8-10 cm uzunlu\u011funda<\/span><\/td>\n<\/tr>\n<tr>\n<td><span style=\"font-size: 18px;\"><strong>Tolerans (IR)<\/strong><\/span><\/td>\n<td><span style=\"font-size: 18px;\">PM (K\u00fclleme), DM (T\u00fcyl\u00fc Mildiy\u00f6), CMV (H\u0131yar Mozaik Vir\u00fcs\u00fc), CVYV (H\u0131yar Damar Sararma Vir\u00fcs\u00fc), ZYMV (Kabak Sar\u0131 Mozaik Vir\u00fcs\u00fc)<\/span><\/td>\n<\/tr>\n<\/tbody>\n<\/table>\n<p>&nbsp;<\/p>\n<p><a title=\"Tohumlara Geri D\u00f6n\" href=\"https:\/\/alqawafel.com\/tr\/tohumlar\/\">Tohumlara Geri D\u00f6n<\/a><\/p>\n<p><a title=\"Facebook\" href=\"https:\/\/alqawafel.com\/tr\/facebook\/\" target=\"_blank\" rel=\"noopener\">Facebook<\/a><\/p>\n<p><a title=\"Linkedin\" href=\"https:\/\/www.linkedin.com\/company\/alqawafel-ind-agr-co\/\" target=\"_blank\" rel=\"noopener\">Linkedin<\/a><\/p>","protected":false},"excerpt":{"rendered":"<p><span style=\"font-size: 18px;\">Salatal\u0131k QSC-111 F1: 8-10 cm a\u00e7\u0131k ye\u015fil meyveleri ve PM, DM, CMV, CVYV ve ZYMV'ye kar\u015f\u0131 g\u00fc\u00e7l\u00fc tolerans\u0131 ile k\u0131\u015fa haz\u0131r bir mini salatal\u0131k \u00e7e\u015fididir.<\/span><\/p>","protected":false},"featured_media":0,"comment_status":"open","ping_status":"closed","template":"","meta":{"om_disable_all_campaigns":false,"_monsterinsights_skip_tracking":false,"_monsterinsights_sitenote_active":false,"_monsterinsights_sitenote_note":"","_monsterinsights_sitenote_category":0},"product_brand":[],"product_cat":[827,237],"product_tag":[866,1134,1098,1136,1135,1101,1100],"class_list":{"0":"post-10357","1":"product","2":"type-product","3":"status-publish","5":"product_cat-cucumber","6":"product_cat-seeds","7":"product_tag-al-qawafel-ind-agr-co","8":"product_tag-cucumber-qsc-110-f1","9":"product_tag-greenhouse-cucumber","10":"product_tag-high-yield-mini-cucumber","11":"product_tag-mini-cucumber","12":"product_tag-seeds","13":"product_tag-summer-cucumber","15":"first","16":"instock","17":"shipping-taxable","18":"product-type-simple"},"aioseo_notices":[],"_links":{"self":[{"href":"https:\/\/alqawafel.com\/tr\/wp-json\/wp\/v2\/product\/10357","targetHints":{"allow":["GET"]}}],"collection":[{"href":"https:\/\/alqawafel.com\/tr\/wp-json\/wp\/v2\/product"}],"about":[{"href":"https:\/\/alqawafel.com\/tr\/wp-json\/wp\/v2\/types\/product"}],"replies":[{"embeddable":true,"href":"https:\/\/alqawafel.com\/tr\/wp-json\/wp\/v2\/comments?post=10357"}],"version-history":[{"count":2,"href":"https:\/\/alqawafel.com\/tr\/wp-json\/wp\/v2\/product\/10357\/revisions"}],"predecessor-version":[{"id":19537,"href":"https:\/\/alqawafel.com\/tr\/wp-json\/wp\/v2\/product\/10357\/revisions\/19537"}],"wp:attachment":[{"href":"https:\/\/alqawafel.com\/tr\/wp-json\/wp\/v2\/media?parent=10357"}],"wp:term":[{"taxonomy":"product_brand","embeddable":true,"href":"https:\/\/alqawafel.com\/tr\/wp-json\/wp\/v2\/product_brand?post=10357"},{"taxonomy":"product_cat","embeddable":true,"href":"https:\/\/alqawafel.com\/tr\/wp-json\/wp\/v2\/product_cat?post=10357"},{"taxonomy":"product_tag","embeddable":true,"href":"https:\/\/alqawafel.com\/tr\/wp-json\/wp\/v2\/product_tag?post=10357"}],"curies":[{"name":"wp","href":"https:\/\/api.w.org\/{rel}","templated":true}]}}