{"id":10365,"date":"2024-11-17T09:21:43","date_gmt":"2024-11-17T09:21:43","guid":{"rendered":"https:\/\/alqawafel.com\/?post_type=product&#038;p=10365"},"modified":"2025-08-12T09:39:18","modified_gmt":"2025-08-12T09:39:18","slug":"domates-qst-201-f1","status":"publish","type":"product","link":"https:\/\/alqawafel.com\/tr\/product\/tomato-qst-201-f1\/","title":{"rendered":"Domates QST-201 F1"},"content":{"rendered":"<p><span style=\"font-size: 18px;\">\u00a0Tomato QST-201 F1: A<\/span><\/p>\n<article class=\"text-token-text-primary w-full focus:outline-none scroll-mt-[calc(var(--header-height)+min(200px,max(70px,20svh)))]\" dir=\"auto\" tabindex=\"-1\" data-turn-id=\"request-WEB:c710787b-5420-471a-8324-cab83a37a101-7\" data-testid=\"conversation-turn-16\" data-scroll-anchor=\"true\" data-turn=\"assistant\">\n<div class=\"text-base my-auto mx-auto pb-10 [--thread-content-margin:--spacing(4)] @[37rem]:[--thread-content-margin:--spacing(6)] @[72rem]:[--thread-content-margin:--spacing(16)] px-(--thread-content-margin)\">\n<div class=\"[--thread-content-max-width:32rem] @[34rem]:[--thread-content-max-width:40rem] @[64rem]:[--thread-content-max-width:48rem] mx-auto max-w-(--thread-content-max-width) flex-1 group\/turn-messages focus-visible:outline-hidden relative flex w-full min-w-0 flex-col agent-turn\" tabindex=\"-1\">\n<div class=\"flex max-w-full flex-col grow\">\n<div class=\"min-h-8 text-message relative flex w-full flex-col items-end gap-2 text-start break-words whitespace-normal [.text-message+&amp;]:mt-5\" dir=\"auto\" data-message-author-role=\"assistant\" data-message-id=\"70dd2718-bfcb-4cc8-af9f-5ea94678528e\" data-message-model-slug=\"gpt-4o-mini\">\n<div class=\"flex w-full flex-col gap-1 empty:hidden first:pt-[3px]\">\n<div class=\"markdown prose dark:prose-invert w-full break-words light markdown-new-styling\">\n<p data-start=\"0\" data-end=\"18\" data-is-last-node=\"\" data-is-only-node=\"\">Determinate growth ,<span style=\"font-size: 18px;\">open-field tomato producing bright red, round fruits with excellent disease tolerance. Ideal for summer, spring, and autumn cultivation.<\/span><\/p>\n<\/div>\n<\/div>\n<\/div>\n<\/div>\n<\/div>\n<\/div>\n<\/article>\n<table>\n<thead>\n<tr>\n<th><span style=\"font-size: 18px;\"><strong>Attribute<\/strong><\/span><\/th>\n<th><span style=\"font-size: 18px;\"><strong>Details<\/strong><\/span><\/th>\n<\/tr>\n<\/thead>\n<tbody>\n<tr>\n<td><span style=\"font-size: 18px;\"><strong>Product Name<\/strong><\/span><\/td>\n<td><span style=\"font-size: 18px;\">Tomato QST-201 F1<\/span><\/td>\n<\/tr>\n<tr>\n<td><span style=\"font-size: 18px;\"><strong>Type<\/strong><\/span><\/td>\n<td>\n<article class=\"text-token-text-primary w-full focus:outline-none scroll-mt-[calc(var(--header-height)+min(200px,max(70px,20svh)))]\" dir=\"auto\" tabindex=\"-1\" data-turn-id=\"request-WEB:c710787b-5420-471a-8324-cab83a37a101-7\" data-testid=\"conversation-turn-16\" data-scroll-anchor=\"true\" data-turn=\"assistant\">\n<div class=\"text-base my-auto mx-auto pb-10 [--thread-content-margin:--spacing(4)] @[37rem]:[--thread-content-margin:--spacing(6)] @[72rem]:[--thread-content-margin:--spacing(16)] px-(--thread-content-margin)\">\n<div class=\"[--thread-content-max-width:32rem] @[34rem]:[--thread-content-max-width:40rem] @[64rem]:[--thread-content-max-width:48rem] mx-auto max-w-(--thread-content-max-width) flex-1 group\/turn-messages focus-visible:outline-hidden relative flex w-full min-w-0 flex-col agent-turn\" tabindex=\"-1\">\n<div class=\"flex max-w-full flex-col grow\">\n<div class=\"min-h-8 text-message relative flex w-full flex-col items-end gap-2 text-start break-words whitespace-normal [.text-message+&amp;]:mt-5\" dir=\"auto\" data-message-author-role=\"assistant\" data-message-id=\"70dd2718-bfcb-4cc8-af9f-5ea94678528e\" data-message-model-slug=\"gpt-4o-mini\">\n<div class=\"flex w-full flex-col gap-1 empty:hidden first:pt-[3px]\">\n<div class=\"markdown prose dark:prose-invert w-full break-words light markdown-new-styling\">\n<p data-start=\"0\" data-end=\"18\" data-is-last-node=\"\" data-is-only-node=\"\">Determinate growth<span style=\"font-family: inherit; font-size: 18px;\">, open field<\/span><\/p>\n<\/div>\n<\/div>\n<\/div>\n<\/div>\n<\/div>\n<\/div>\n<\/article>\n<\/td>\n<\/tr>\n<tr>\n<td><span style=\"font-size: 18px;\"><strong>Fruit Set Style<\/strong><\/span><\/td>\n<td><span style=\"font-size: 18px;\">Good<\/span><\/td>\n<\/tr>\n<tr>\n<td><span style=\"font-size: 18px;\"><strong>Season<\/strong><\/span><\/td>\n<td><span style=\"font-size: 18px;\">Summer, Spring, Autumn<\/span><\/td>\n<\/tr>\n<tr>\n<td><span style=\"font-size: 18px;\"><strong>Vegetative\u00a0 Growth<\/strong><\/span><\/td>\n<td><span style=\"font-size: 18px;\">Medium plant<\/span><\/td>\n<\/tr>\n<tr>\n<td><span style=\"font-size: 18px;\"><strong>Fruit Characteristics<\/strong><\/span><\/td>\n<td><span style=\"font-size: 18px;\">bright red fruits, round to globe-shaped, with an average weight of 200-250 gm<\/span><\/td>\n<\/tr>\n<tr>\n<td><span style=\"font-size: 18px;\"><strong>Tolerance (IR)<\/strong><\/span><\/td>\n<td><span style=\"font-size: 18px;\">TYLCV (Tomato Yellow Leaf Curl Virus), V (Verticillium Wilt), F1 &amp; F2 (Fusarium Wilt Races 1 and 2)<\/span><\/td>\n<\/tr>\n<\/tbody>\n<\/table>\n<p><img loading=\"lazy\" decoding=\"async\" class=\"alignnone size-medium wp-image-10366\" src=\"https:\/\/alqawafel.com\/wp-content\/uploads\/2024\/11\/201-224x300.jpg\" alt=\"Tomato QST-201 F1\" width=\"224\" height=\"300\" srcset=\"https:\/\/alqawafel.com\/wp-content\/uploads\/2024\/11\/201-224x300.jpg 224w, https:\/\/alqawafel.com\/wp-content\/uploads\/2024\/11\/201-150x201.jpg 150w, https:\/\/alqawafel.com\/wp-content\/uploads\/2024\/11\/201.jpg 625w\" sizes=\"auto, (max-width: 224px) 100vw, 224px\" \/><\/p>\n<p>&nbsp;<\/p>\n<p><a title=\"Back to Seeds\" href=\"https:\/\/alqawafel.com\/seeds\/\">Back to Seeds<\/a><\/p>\n<p><a title=\"Facebook\" href=\"https:\/\/alqawafel.com\/facebook\/\" target=\"_blank\" rel=\"noopener\">Facebook<\/a><\/p>\n<p><a title=\"Linkedin\" href=\"https:\/\/www.linkedin.com\/company\/alqawafel-ind-agr-co\/\" target=\"_blank\" rel=\"noopener\">Linkedin<\/a><\/p>\n","protected":false},"excerpt":{"rendered":"<p><span style=\"font-size: 18px;\">Domates QST-201 F1: 200-250 gm yuvarlak k\u0131rm\u0131z\u0131 meyveleri ve TYLCV, V ve Fusarium (F1 &amp; F2) tolerans\u0131 ile a\u00e7\u0131k alanlar i\u00e7in y\u00fcksek verimli bir determinate domates.<\/span><\/p>","protected":false},"featured_media":10366,"comment_status":"open","ping_status":"closed","template":"","meta":{"om_disable_all_campaigns":false,"_monsterinsights_skip_tracking":false,"_monsterinsights_sitenote_active":false,"_monsterinsights_sitenote_note":"","_monsterinsights_sitenote_category":0},"product_brand":[],"product_cat":[237,828],"product_tag":[866,1148,1147,1146,1149,1101,1150],"class_list":{"0":"post-10365","1":"product","2":"type-product","3":"status-publish","4":"has-post-thumbnail","6":"product_cat-seeds","7":"product_cat-tomato","8":"product_tag-al-qawafel-ind-agr-co","9":"product_tag-bright-red-tomato","10":"product_tag-determinate-tomato","11":"product_tag-open-field-tomato","12":"product_tag-round-tomato","13":"product_tag-seeds","14":"product_tag-tomato-qst-201-f1","16":"first","17":"instock","18":"shipping-taxable","19":"product-type-simple"},"aioseo_notices":[],"_links":{"self":[{"href":"https:\/\/alqawafel.com\/tr\/wp-json\/wp\/v2\/product\/10365","targetHints":{"allow":["GET"]}}],"collection":[{"href":"https:\/\/alqawafel.com\/tr\/wp-json\/wp\/v2\/product"}],"about":[{"href":"https:\/\/alqawafel.com\/tr\/wp-json\/wp\/v2\/types\/product"}],"replies":[{"embeddable":true,"href":"https:\/\/alqawafel.com\/tr\/wp-json\/wp\/v2\/comments?post=10365"}],"version-history":[{"count":4,"href":"https:\/\/alqawafel.com\/tr\/wp-json\/wp\/v2\/product\/10365\/revisions"}],"predecessor-version":[{"id":19543,"href":"https:\/\/alqawafel.com\/tr\/wp-json\/wp\/v2\/product\/10365\/revisions\/19543"}],"wp:featuredmedia":[{"embeddable":true,"href":"https:\/\/alqawafel.com\/tr\/wp-json\/wp\/v2\/media\/10366"}],"wp:attachment":[{"href":"https:\/\/alqawafel.com\/tr\/wp-json\/wp\/v2\/media?parent=10365"}],"wp:term":[{"taxonomy":"product_brand","embeddable":true,"href":"https:\/\/alqawafel.com\/tr\/wp-json\/wp\/v2\/product_brand?post=10365"},{"taxonomy":"product_cat","embeddable":true,"href":"https:\/\/alqawafel.com\/tr\/wp-json\/wp\/v2\/product_cat?post=10365"},{"taxonomy":"product_tag","embeddable":true,"href":"https:\/\/alqawafel.com\/tr\/wp-json\/wp\/v2\/product_tag?post=10365"}],"curies":[{"name":"wp","href":"https:\/\/api.w.org\/{rel}","templated":true}]}}