{"id":10475,"date":"2024-11-17T17:16:19","date_gmt":"2024-11-17T17:16:19","guid":{"rendered":"https:\/\/alqawafel.com\/?post_type=product&#038;p=10475"},"modified":"2025-06-11T08:06:05","modified_gmt":"2025-06-11T08:06:05","slug":"tachfel-30-sl","status":"publish","type":"product","link":"https:\/\/alqawafel.com\/tr\/product\/tachfel-30-sl\/","title":{"rendered":"Tachfel 30% SL Fungisit"},"content":{"rendered":"<h3>Neden Tachfel 30% SL?<\/h3>\n<p><span style=\"font-size: 18px\">Tachfel 30% SL, tohum ve topra\u011f\u0131 etkileyen fungal hastal\u0131klara kar\u015f\u0131 hem \u00f6nleyici hem de iyile\u015ftirici etki sunan sistemik bir fungisittir. Mantarlarda DNA\/RNA sentezini inhibe ederek, fide solgunlu\u011funu etkili bir \u015fekilde \u00f6nler ve Fusarium ve Pythium solgunlu\u011fu gibi kritik mantar enfeksiyonlar\u0131n\u0131 kontrol eder. Tachfel 30% SL, ekimden erken b\u00fcy\u00fcme a\u015famalar\u0131na kadar \u00fcr\u00fcn sa\u011fl\u0131\u011f\u0131n\u0131 korumay\u0131 ama\u00e7layan tar\u0131m profesyonelleri i\u00e7in \u00f6nemli bir ara\u00e7t\u0131r.<\/span><\/p>\n<h3>Tan\u0131mlama<\/h3>\n<ul>\n<li><span style=\"font-size: 18px\"><strong>Form\u00fclasyon<\/strong>: \u00c7\u00f6z\u00fcn\u00fcr Konsantre (SL)<\/span><\/li>\n<li><span style=\"font-size: 18px\"><strong>Etken Madde<\/strong>: Hymexazol 30% (potasyum tuzlar\u0131 olarak 41.52%) (w\/w)<\/span><\/li>\n<li><span style=\"font-size: 18px\"><strong>Kimyasal Grup<\/strong>: Oksazol<\/span><\/li>\n<li><span style=\"font-size: 18px\"><strong>Etki \u015eekli<\/strong>: Mantar DNA\/RNA sentezini inhibe ederek mantar hastal\u0131klar\u0131n\u0131 kontrol eden \u00f6nleyici ve iyile\u015ftirici \u00f6zelliklere sahip sistemik fungisit.<\/span><\/li>\n<\/ul>\n<h3>Tachfel 30% SL'nin \u0130deal Uygulamas\u0131<\/h3>\n<p><span style=\"font-size: 18px\">Listelenen tipik zararl\u0131 hedefleri ile a\u015fa\u011f\u0131daki \u00fcr\u00fcnlerde kullan\u0131lmas\u0131 \u00f6nerilir:<\/span><\/p>\n<h4><span style=\"font-size: 18px\">Ana \u00dcr\u00fcnler ve Tipik Zararl\u0131lar:<\/span><\/h4>\n<ul>\n<li><span style=\"font-size: 18px\"><strong>Lahana<\/strong>: Kontroller <em>Pythium<\/em><\/span><\/li>\n<li><span style=\"font-size: 18px\"><strong>Marul<\/strong>: Kontroller <em>Verticillium<\/em><\/span><\/li>\n<li><span style=\"font-size: 18px\"><strong>Bezelye<\/strong>: Kontroller <em>K\u00f6k \u00e7\u00fcr\u00fckleri<\/em><\/span><\/li>\n<li><span style=\"font-size: 18px\"><strong>Fasulye<\/strong>: Kontroller <em>K\u00f6k \u00e7\u00fcr\u00fckleri<\/em><\/span><\/li>\n<li><span style=\"font-size: 18px\"><strong>Salatal\u0131k<\/strong>: Kontroller <em>Pythium, Fusarium<\/em><\/span><\/li>\n<li><span style=\"font-size: 18px\"><strong>Kavun<\/strong>: Kontroller <em>Pythium<\/em><\/span><\/li>\n<li><span style=\"font-size: 18px\"><strong>Ispanak<\/strong>: Kontroller <em>Pythium<\/em><\/span><\/li>\n<li><span style=\"font-size: 18px\"><strong>Karpuz<\/strong>: Kontroller <em>Fusarium<\/em><\/span><\/li>\n<li><span style=\"font-size: 18px\"><strong>Bamya<\/strong>: Kontroller <em>Pythium<\/em><\/span><\/li>\n<li><span style=\"font-size: 18px\"><strong>\u015eeker pancar\u0131<\/strong>: Kontroller <em>S\u00f6n\u00fcmleme kapal\u0131<\/em><\/span><\/li>\n<li><span style=\"font-size: 18px\"><strong>A\u011fa\u00e7 (fidanl\u0131k a\u011fac\u0131)<\/strong>: Kontroller <em>Solgunluk hastal\u0131klar\u0131<\/em><\/span><\/li>\n<li><span style=\"font-size: 18px\"><strong>S\u00fcs bitkileri<\/strong>: Kontroller <em>Solgunluk hastal\u0131klar\u0131<\/em><\/span><\/li>\n<\/ul>\n<h3>Kullan\u0131m Oran\u0131:<\/h3>\n<p><span style=\"font-size: 14pt\">200 L su ba\u015f\u0131na 200-400 ml<\/span><\/p>\n<h3>Paketleme<\/h3>\n<ul>\n<li><span style=\"font-size: 18px\"><strong>500 ml<\/strong><\/span><\/li>\n<\/ul>\n<p><img loading=\"lazy\" decoding=\"async\" class=\"alignnone size-medium wp-image-18556\" src=\"https:\/\/alqawafel.com\/wp-content\/uploads\/2024\/11\/Tachfel-30-SL-LOGO-300x300.webp\" alt=\"Hymexazol 30% i\u00e7eren sistemik bir fungisit olan Tachfel 30% SL, fide solgunlu\u011funu \u00f6nleyerek ve Fusarium, Pythium ve nemlenme hastal\u0131klar\u0131n\u0131 kontrol ederek mahsulleri korur.\" width=\"300\" height=\"300\" srcset=\"https:\/\/alqawafel.com\/wp-content\/uploads\/2024\/11\/Tachfel-30-SL-LOGO-300x300.webp 300w, https:\/\/alqawafel.com\/wp-content\/uploads\/2024\/11\/Tachfel-30-SL-LOGO-150x150.webp 150w, https:\/\/alqawafel.com\/wp-content\/uploads\/2024\/11\/Tachfel-30-SL-LOGO-768x768.webp 768w, https:\/\/alqawafel.com\/wp-content\/uploads\/2024\/11\/Tachfel-30-SL-LOGO.webp 1000w\" sizes=\"auto, (max-width: 300px) 100vw, 300px\" \/><\/p>","protected":false},"excerpt":{"rendered":"<p><span style=\"font-size: 18px\">Hymexazol 30% i\u00e7eren sistemik bir fungisit olan Tachfel 30% SL, fide solgunlu\u011funu \u00f6nleyerek ve Fusarium, Pythium ve nemlenme hastal\u0131klar\u0131n\u0131 kontrol ederek mahsulleri korur.<\/span><\/p>","protected":false},"featured_media":18556,"comment_status":"open","ping_status":"closed","template":"","meta":{"om_disable_all_campaigns":false,"_monsterinsights_skip_tracking":false,"_monsterinsights_sitenote_active":false,"_monsterinsights_sitenote_note":"","_monsterinsights_sitenote_category":0},"product_brand":[],"product_cat":[823,87],"product_tag":[866,1174,901,1175,1173,1176,1172,1171],"class_list":{"0":"post-10475","1":"product","2":"type-product","3":"status-publish","4":"has-post-thumbnail","6":"product_cat-fungicide","7":"product_cat-pesticides","8":"product_tag-al-qawafel-ind-agr-co","9":"product_tag-damping-off","10":"product_tag-fungicide","11":"product_tag-fusarium","12":"product_tag-hymexazol","13":"product_tag-pythium","14":"product_tag-systemic","15":"product_tag-tachfel-30-sl","17":"first","18":"instock","19":"shipping-taxable","20":"product-type-simple"},"aioseo_notices":[],"_links":{"self":[{"href":"https:\/\/alqawafel.com\/tr\/wp-json\/wp\/v2\/product\/10475","targetHints":{"allow":["GET"]}}],"collection":[{"href":"https:\/\/alqawafel.com\/tr\/wp-json\/wp\/v2\/product"}],"about":[{"href":"https:\/\/alqawafel.com\/tr\/wp-json\/wp\/v2\/types\/product"}],"replies":[{"embeddable":true,"href":"https:\/\/alqawafel.com\/tr\/wp-json\/wp\/v2\/comments?post=10475"}],"version-history":[{"count":7,"href":"https:\/\/alqawafel.com\/tr\/wp-json\/wp\/v2\/product\/10475\/revisions"}],"predecessor-version":[{"id":18824,"href":"https:\/\/alqawafel.com\/tr\/wp-json\/wp\/v2\/product\/10475\/revisions\/18824"}],"wp:featuredmedia":[{"embeddable":true,"href":"https:\/\/alqawafel.com\/tr\/wp-json\/wp\/v2\/media\/18556"}],"wp:attachment":[{"href":"https:\/\/alqawafel.com\/tr\/wp-json\/wp\/v2\/media?parent=10475"}],"wp:term":[{"taxonomy":"product_brand","embeddable":true,"href":"https:\/\/alqawafel.com\/tr\/wp-json\/wp\/v2\/product_brand?post=10475"},{"taxonomy":"product_cat","embeddable":true,"href":"https:\/\/alqawafel.com\/tr\/wp-json\/wp\/v2\/product_cat?post=10475"},{"taxonomy":"product_tag","embeddable":true,"href":"https:\/\/alqawafel.com\/tr\/wp-json\/wp\/v2\/product_tag?post=10475"}],"curies":[{"name":"wp","href":"https:\/\/api.w.org\/{rel}","templated":true}]}}