{"id":10494,"date":"2024-11-17T17:56:50","date_gmt":"2024-11-17T17:56:50","guid":{"rendered":"https:\/\/alqawafel.com\/?post_type=product&#038;p=10494"},"modified":"2025-09-03T08:57:35","modified_gmt":"2025-09-03T08:57:35","slug":"vertam-3-6-ec","status":"publish","type":"product","link":"https:\/\/alqawafel.com\/tr\/product\/vertam-3-6-ec\/","title":{"rendered":"Vertam 3.6% EC \u0130nsektisit ve Mitisit"},"content":{"rendered":"<h3>Neden Vertam 3.6% EC?<\/h3>\n<p><span style=\"font-size: 18px;\">Vertam 3.6% EC, birden fazla \u00fcr\u00fcnde geni\u015f bir zararl\u0131 spektrumunu kontrol etmek i\u00e7in tasarlanm\u0131\u015f olduk\u00e7a etkili bir mitisit ve insektisittir. Translaminar hareketi ve hem temas hem de mide etkisi ile hedef zararl\u0131lar\u0131 etkili bir \u015fekilde fel\u00e7 eder ve ortadan kald\u0131r\u0131r. Benzersiz form\u00fclasyonu, s\u0131n\u0131rl\u0131 bitki sistemik aktivitesini korurken g\u00fcvenilir ha\u015fere kontrol\u00fc sa\u011flar, bu da onu tar\u0131m profesyonelleri i\u00e7in \u00f6nemli bir ara\u00e7 haline getirir.<\/span><\/p>\n<h3>Tan\u0131mlama<\/h3>\n<ul>\n<li><span style=\"font-size: 18px;\"><strong>Form\u00fclasyon<\/strong>: Em\u00fclsifiye Edilebilir Konsantre (EC)<\/span><\/li>\n<li><span style=\"font-size: 18px;\"><strong>Etken Madde<\/strong>: Abamectin 3.6% (w\/v)<\/span><\/li>\n<li><span style=\"font-size: 18px;\"><strong>Kimyasal Grup<\/strong>: Avermektin<\/span><\/li>\n<li><span style=\"font-size: 18px;\"><strong>Etki \u015eekli<\/strong>: Translaminar hareket ile temas ve mide etkisi, hedef zararl\u0131larda felce neden olur.<\/span><\/li>\n<\/ul>\n<h3>Vertam 3.6% EC'nin \u0130deal Uygulamas\u0131<\/h3>\n<p><span style=\"font-size: 18px;\">Vertam 3.6% EC, listelenen tipik zararl\u0131 hedefleri ile a\u015fa\u011f\u0131daki \u00fcr\u00fcnlerde kullan\u0131lmas\u0131 tavsiye edilir:<\/span><\/p>\n<h4>Mahsul ve Ha\u015fere Kontrol\u00fc:<\/h4>\n<ul>\n<li><span style=\"font-size: 18px;\"><strong>Elma, armut<\/strong>: Kontroller <em>\u0130ki benekli \u00f6r\u00fcmcek akar\u0131<\/em><\/span><\/li>\n<li><span style=\"font-size: 18px;\"><strong>Salatal\u0131k<\/strong>: Kontroller <em>Thrips , \u0130ki Noktal\u0131 \u00d6r\u00fcmcek Akar\u0131<\/em><\/span><\/li>\n<li><span style=\"font-size: 18px;\"><strong>Kabak, so\u011fan<\/strong>: Kontroller <em>\u0130ki benekli \u00f6r\u00fcmcek akar\u0131<\/em><\/span><\/li>\n<li><span style=\"font-size: 18px;\"><strong>Marul<\/strong>: Kontroller <em>\u0130ki benekli \u00f6r\u00fcmcek akar\u0131<\/em><\/span><\/li>\n<li><span style=\"font-size: 18px;\"><strong>M\u0131s\u0131r<\/strong>: Kontroller <em>\u0130ki benekli \u00f6r\u00fcmcek akar\u0131<\/em><\/span><\/li>\n<li><span style=\"font-size: 18px;\"><strong>\u00c7ilekli<\/strong>: Kontroller <em>Thrips, \u0130ki benekli \u00f6r\u00fcmcek akar\u0131<\/em><\/span><\/li>\n<li><span style=\"font-size: 18px;\"><strong>Turpgiller<\/strong>: Kontroller <em>Tripsler<\/em><\/span><\/li>\n<li><span style=\"font-size: 18px;\"><strong>S\u00fcs bitkileri<\/strong>: Kontroller <em>Thrips, \u0130ki benekli \u00f6r\u00fcmcek akar\u0131<\/em><\/span><\/li>\n<li><span style=\"font-size: 18px;\"><strong>Ac\u0131 biber, dolmal\u0131k biber<\/strong>: Kontroller <em>\u0130ki noktal\u0131 \u00f6r\u00fcmcek akar\u0131, domates pas akar\u0131, k\u0131rm\u0131z\u0131 \u00f6r\u00fcmcek akar\u0131, domates psylla, yaprak miner<\/em><\/span><\/li>\n<li><span style=\"font-size: 18px;\"><strong>Domates, patl\u0131can<\/strong>: Kontroller <em>\u0130ki noktal\u0131 \u00f6r\u00fcmcek akar\u0131, domates pas akar\u0131, k\u0131rm\u0131z\u0131 \u00f6r\u00fcmcek akar\u0131, domates psylla, thrips, yaprak miner<\/em><\/span><\/li>\n<li><span style=\"font-size: 18px;\"><strong>Narenciye<\/strong>: Kontroller <em>Turun\u00e7gil pas akar\u0131, geni\u015f akar, Drosophila, k\u0131rm\u0131z\u0131 turun\u00e7gil akar\u0131<\/em><\/span><\/li>\n<\/ul>\n<h3>Kullan\u0131m Oran\u0131:<\/h3>\n<p><span style=\"font-size: 14pt;\">200 L su ba\u015f\u0131na 30-100 ml<\/span><\/p>\n<h3>Paketleme<\/h3>\n<ul>\n<li><span style=\"font-size: 18px;\"><strong>1 L<\/strong><\/span><\/li>\n<\/ul>\n<p><img loading=\"lazy\" decoding=\"async\" class=\"alignnone size-medium wp-image-18102\" src=\"https:\/\/alqawafel.com\/wp-content\/uploads\/2024\/11\/Vertam-3.6-EC-LOGO-300x300.webp\" alt=\"Vertam 3.6% EC, domates, narenciye ve salatal\u0131k gibi \u00fcr\u00fcnlerde akarlar\u0131, tripsleri ve yaprak madencilerini kontrol eden translaminar etkili bir mitisit ve insektisittir.\" width=\"300\" height=\"300\" srcset=\"https:\/\/alqawafel.com\/wp-content\/uploads\/2024\/11\/Vertam-3.6-EC-LOGO-300x300.webp 300w, https:\/\/alqawafel.com\/wp-content\/uploads\/2024\/11\/Vertam-3.6-EC-LOGO-150x150.webp 150w, https:\/\/alqawafel.com\/wp-content\/uploads\/2024\/11\/Vertam-3.6-EC-LOGO-768x768.webp 768w, https:\/\/alqawafel.com\/wp-content\/uploads\/2024\/11\/Vertam-3.6-EC-LOGO.webp 1000w\" sizes=\"auto, (max-width: 300px) 100vw, 300px\" \/><\/p>\n<p>&nbsp;<\/p>","protected":false},"excerpt":{"rendered":"<p><span style=\"font-size: 18px;\">Vertam 3.6% EC, domates, narenciye ve salatal\u0131k gibi \u00fcr\u00fcnlerde akarlar\u0131, tripsleri ve yaprak madencilerini kontrol eden translaminar etkili bir mitisit ve insektisittir.<\/span><\/p>","protected":false},"featured_media":18102,"comment_status":"open","ping_status":"closed","template":"","meta":{"om_disable_all_campaigns":false,"_monsterinsights_skip_tracking":false,"_monsterinsights_sitenote_active":false,"_monsterinsights_sitenote_note":"","_monsterinsights_sitenote_category":0},"product_brand":[],"product_cat":[822,824,87],"product_tag":[866,841,857,1181,844,1182,1180],"class_list":{"0":"post-10494","1":"product","2":"type-product","3":"status-publish","4":"has-post-thumbnail","6":"product_cat-insecticide","7":"product_cat-miticide","8":"product_cat-pesticides","9":"product_tag-al-qawafel-ind-agr-co","10":"product_tag-insecticide","11":"product_tag-leafminer","12":"product_tag-mites","13":"product_tag-miticide","14":"product_tag-thrips","15":"product_tag-vertam-3-6-ec","17":"first","18":"instock","19":"shipping-taxable","20":"product-type-simple"},"aioseo_notices":[],"_links":{"self":[{"href":"https:\/\/alqawafel.com\/tr\/wp-json\/wp\/v2\/product\/10494","targetHints":{"allow":["GET"]}}],"collection":[{"href":"https:\/\/alqawafel.com\/tr\/wp-json\/wp\/v2\/product"}],"about":[{"href":"https:\/\/alqawafel.com\/tr\/wp-json\/wp\/v2\/types\/product"}],"replies":[{"embeddable":true,"href":"https:\/\/alqawafel.com\/tr\/wp-json\/wp\/v2\/comments?post=10494"}],"version-history":[{"count":12,"href":"https:\/\/alqawafel.com\/tr\/wp-json\/wp\/v2\/product\/10494\/revisions"}],"predecessor-version":[{"id":19942,"href":"https:\/\/alqawafel.com\/tr\/wp-json\/wp\/v2\/product\/10494\/revisions\/19942"}],"wp:featuredmedia":[{"embeddable":true,"href":"https:\/\/alqawafel.com\/tr\/wp-json\/wp\/v2\/media\/18102"}],"wp:attachment":[{"href":"https:\/\/alqawafel.com\/tr\/wp-json\/wp\/v2\/media?parent=10494"}],"wp:term":[{"taxonomy":"product_brand","embeddable":true,"href":"https:\/\/alqawafel.com\/tr\/wp-json\/wp\/v2\/product_brand?post=10494"},{"taxonomy":"product_cat","embeddable":true,"href":"https:\/\/alqawafel.com\/tr\/wp-json\/wp\/v2\/product_cat?post=10494"},{"taxonomy":"product_tag","embeddable":true,"href":"https:\/\/alqawafel.com\/tr\/wp-json\/wp\/v2\/product_tag?post=10494"}],"curies":[{"name":"wp","href":"https:\/\/api.w.org\/{rel}","templated":true}]}}