{"id":10505,"date":"2024-11-17T20:00:28","date_gmt":"2024-11-17T20:00:28","guid":{"rendered":"https:\/\/alqawafel.com\/?post_type=product&#038;p=10505"},"modified":"2025-06-11T10:14:41","modified_gmt":"2025-06-11T10:14:41","slug":"danfel-20-sc","status":"publish","type":"product","link":"https:\/\/alqawafel.com\/tr\/product\/danfel-20-sc\/","title":{"rendered":"Danfel 20% SC Mitisit"},"content":{"rendered":"<h3>Neden Danfel 20% SC?<\/h3>\n<p><span style=\"font-size: 18px\">Danfel 20% SC, t\u00fcm a\u015famalardaki iki noktal\u0131 \u00f6r\u00fcmcek akarlar\u0131n\u0131 kontrol etmek i\u00e7in tasarlanm\u0131\u015f olduk\u00e7a etkili, sistemik olmayan bir mitisittir. Temas yoluyla etki eden Danfel 20 % SC, akarlar\u0131n b\u00fcy\u00fcmesini engelleyerek mahsuller i\u00e7in etkin koruma sa\u011flar. Danfel 20 % SC, \u00e7e\u015fitli \u00fcr\u00fcnlerdeki akar istilalar\u0131n\u0131 y\u00f6netmek i\u00e7in g\u00fcvenilir bir \u00e7\u00f6z\u00fcm arayan tar\u0131m uzmanlar\u0131 i\u00e7in idealdir.<\/span><\/p>\n<h3>Tan\u0131mlama<\/h3>\n<ul>\n<li><span style=\"font-size: 18px\"><strong>Form\u00fclasyon<\/strong>: S\u00fcspansiyon Konsantresi (SC)<\/span><\/li>\n<li><span style=\"font-size: 18px\"><strong>Etken Madde<\/strong>: Cyflumetofen 20% (w\/v)<\/span><\/li>\n<li><span style=\"font-size: 18px\"><strong>Kimyasal Grup<\/strong>: K\u00f6pr\u00fcl\u00fc Difenil<\/span><\/li>\n<li><span style=\"font-size: 18px\"><strong>Etki \u015eekli<\/strong>: Akar b\u00fcy\u00fcmesini engellemek i\u00e7in temas yoluyla etki eden sistemik olmayan mitisit.<\/span><\/li>\n<\/ul>\n<h3>Danfel 20% SC'nin \u0130deal Uygulamas\u0131<\/h3>\n<p><span style=\"font-size: 18px\">Listelenen tipik zararl\u0131 hedefleri ile a\u015fa\u011f\u0131daki \u00fcr\u00fcnlerde kullan\u0131lmas\u0131 \u00f6nerilir:<\/span><\/p>\n<h4><span style=\"font-size: 18px\">Mahsul ve Ha\u015fere Kontrol\u00fc:<\/span><\/h4>\n<ul>\n<li><span style=\"font-size: 18px\"><strong>Asmalar<\/strong>: Kontroller <em>\u0130ki benekli \u00f6r\u00fcmcek akar\u0131<\/em><\/span><\/li>\n<li><span style=\"font-size: 18px\"><strong>Elma, armut, yenid\u00fcnya<\/strong>: Kontroller <em>\u0130ki benekli \u00f6r\u00fcmcek akar\u0131<\/em><\/span><\/li>\n<li><span style=\"font-size: 18px\"><strong>\u00c7ilekli<\/strong>: Kontroller <em>\u0130ki benekli \u00f6r\u00fcmcek akar\u0131<\/em><\/span><\/li>\n<li><span style=\"font-size: 18px\"><strong>Domates<\/strong>: Kontroller <em>\u0130ki benekli \u00f6r\u00fcmcek akar\u0131<\/em><\/span><\/li>\n<\/ul>\n<h3>Kullan\u0131m Oran\u0131:<\/h3>\n<p><span style=\"font-size: 14pt\">200 L su ba\u015f\u0131na 200 ml<\/span><\/p>\n<h3>Paketleme<\/h3>\n<ul>\n<li><span style=\"font-size: 18px\"><strong>500 ml<\/strong><\/span><\/li>\n<\/ul>\n<p><img loading=\"lazy\" decoding=\"async\" class=\"alignnone size-medium wp-image-18536\" src=\"https:\/\/alqawafel.com\/wp-content\/uploads\/2024\/11\/Danfel-20-SC-LOGO-300x300.webp\" alt=\"Danfel 20% SC, \u00fcz\u00fcm, elma ve domates gibi \u00fcr\u00fcnlerde iki noktal\u0131 \u00f6r\u00fcmcek akarlar\u0131n\u0131 kontrol etmek i\u00e7in etkili temas etkisi sunan sistemik olmayan bir mitisittir.\" width=\"300\" height=\"300\" srcset=\"https:\/\/alqawafel.com\/wp-content\/uploads\/2024\/11\/Danfel-20-SC-LOGO-300x300.webp 300w, https:\/\/alqawafel.com\/wp-content\/uploads\/2024\/11\/Danfel-20-SC-LOGO-150x150.webp 150w, https:\/\/alqawafel.com\/wp-content\/uploads\/2024\/11\/Danfel-20-SC-LOGO-768x768.webp 768w, https:\/\/alqawafel.com\/wp-content\/uploads\/2024\/11\/Danfel-20-SC-LOGO.webp 1000w\" sizes=\"auto, (max-width: 300px) 100vw, 300px\" \/><\/p>\n<p>&nbsp;<\/p>","protected":false},"excerpt":{"rendered":"<p><span style=\"font-size: 18px\">Danfel 20% SC, \u00fcz\u00fcm, elma ve domates gibi \u00fcr\u00fcnlerde iki noktal\u0131 \u00f6r\u00fcmcek akarlar\u0131n\u0131 kontrol etmek i\u00e7in etkili temas etkisi sunan sistemik olmayan bir mitisittir.<\/span><\/p>","protected":false},"featured_media":18536,"comment_status":"open","ping_status":"closed","template":"","meta":{"om_disable_all_campaigns":false,"_monsterinsights_skip_tracking":false,"_monsterinsights_sitenote_active":false,"_monsterinsights_sitenote_note":"","_monsterinsights_sitenote_category":0},"product_brand":[],"product_cat":[824,87],"product_tag":[866,1115,1199,1198,845,844,1191],"class_list":{"0":"post-10505","1":"product","2":"type-product","3":"status-publish","4":"has-post-thumbnail","6":"product_cat-miticide","7":"product_cat-pesticides","8":"product_tag-al-qawafel-ind-agr-co","9":"product_tag-contact","10":"product_tag-cyflumetofen","11":"product_tag-danfel-20-sc","12":"product_tag-mite","13":"product_tag-miticide","14":"product_tag-two-spotted-spider-mite","16":"first","17":"instock","18":"shipping-taxable","19":"product-type-simple"},"aioseo_notices":[],"_links":{"self":[{"href":"https:\/\/alqawafel.com\/tr\/wp-json\/wp\/v2\/product\/10505","targetHints":{"allow":["GET"]}}],"collection":[{"href":"https:\/\/alqawafel.com\/tr\/wp-json\/wp\/v2\/product"}],"about":[{"href":"https:\/\/alqawafel.com\/tr\/wp-json\/wp\/v2\/types\/product"}],"replies":[{"embeddable":true,"href":"https:\/\/alqawafel.com\/tr\/wp-json\/wp\/v2\/comments?post=10505"}],"version-history":[{"count":14,"href":"https:\/\/alqawafel.com\/tr\/wp-json\/wp\/v2\/product\/10505\/revisions"}],"predecessor-version":[{"id":18886,"href":"https:\/\/alqawafel.com\/tr\/wp-json\/wp\/v2\/product\/10505\/revisions\/18886"}],"wp:featuredmedia":[{"embeddable":true,"href":"https:\/\/alqawafel.com\/tr\/wp-json\/wp\/v2\/media\/18536"}],"wp:attachment":[{"href":"https:\/\/alqawafel.com\/tr\/wp-json\/wp\/v2\/media?parent=10505"}],"wp:term":[{"taxonomy":"product_brand","embeddable":true,"href":"https:\/\/alqawafel.com\/tr\/wp-json\/wp\/v2\/product_brand?post=10505"},{"taxonomy":"product_cat","embeddable":true,"href":"https:\/\/alqawafel.com\/tr\/wp-json\/wp\/v2\/product_cat?post=10505"},{"taxonomy":"product_tag","embeddable":true,"href":"https:\/\/alqawafel.com\/tr\/wp-json\/wp\/v2\/product_tag?post=10505"}],"curies":[{"name":"wp","href":"https:\/\/api.w.org\/{rel}","templated":true}]}}