{"id":10525,"date":"2024-11-17T20:21:24","date_gmt":"2024-11-17T20:21:24","guid":{"rendered":"https:\/\/alqawafel.com\/?post_type=product&#038;p=10525"},"modified":"2025-06-11T11:21:35","modified_gmt":"2025-06-11T11:21:35","slug":"clethofel-24-ec","status":"publish","type":"product","link":"https:\/\/alqawafel.com\/tr\/product\/clethofel-24-ec\/","title":{"rendered":"Clethofel 24% EC Herbisit"},"content":{"rendered":"<h3>Neden Clethofel 24% EC?<\/h3>\n<p><span style=\"font-size: 18px\">Clethofel 24% EC, tek y\u0131ll\u0131k ve \u00e7ok y\u0131ll\u0131k dar yaprakl\u0131 otlar\u0131n \u00e7\u0131k\u0131\u015f sonras\u0131 kontrol\u00fc i\u00e7in tasarlanm\u0131\u015f sistemik ve se\u00e7ici bir herbisittir. \u0130\u015flenmi\u015f yapraklar taraf\u0131ndan h\u0131zla emilir ve k\u00f6k sistemine ve bitkinin b\u00fcy\u00fcyen k\u0131s\u0131mlar\u0131na ta\u015f\u0131narak etkili yabanc\u0131 ot y\u00f6netimi sa\u011flar. Bu \u00fcr\u00fcn, geni\u015f bir \u00fcr\u00fcn yelpazesinde etkili \u00e7im kontrol\u00fc arayan tar\u0131m uzmanlar\u0131 i\u00e7in idealdir.<\/span><\/p>\n<h3>Tan\u0131mlama<\/h3>\n<ul>\n<li><span style=\"font-size: 18px\"><strong>Form\u00fclasyon<\/strong>: Em\u00fclsifiye Edilebilir Konsantre (EC)<\/span><\/li>\n<li><span style=\"font-size: 18px\"><strong>Etken Madde<\/strong>: Clethodim 24% (w\/v)<\/span><\/li>\n<li><span style=\"font-size: 18px\"><strong>Kimyasal Grup<\/strong>: Siklohekzanedion Oksim<\/span><\/li>\n<li><span style=\"font-size: 18px\"><strong>Etki \u015eekli<\/strong>: Yapraklardan k\u00f6klere ve di\u011fer b\u00fcy\u00fcyen k\u0131s\u0131mlara h\u0131zla ta\u015f\u0131nan, \u00e7\u0131k\u0131\u015f sonras\u0131 \u00e7im yabani otlar\u0131n\u0131 hedef alan sistemik se\u00e7ici herbisit.<\/span><\/li>\n<\/ul>\n<h3>Clethofel 24% EC'nin \u0130deal Uygulamas\u0131<\/h3>\n<p><span style=\"font-size: 18px\">Clethofel 24% EC, tipik zararl\u0131 hedefleri listelenen a\u015fa\u011f\u0131daki \u00fcr\u00fcnlerde kullan\u0131lmas\u0131 tavsiye edilir:<\/span><\/p>\n<h4><span style=\"font-size: 18px\">Mahsul ve Ha\u015fere Kontrol\u00fc:<\/span><\/h4>\n<ul>\n<li><span style=\"font-size: 18px\"><strong>Lahana, karnabahar, brokoli, havu\u00e7<\/strong>: Kontroller <em>\u00c7\u0131k\u0131\u015f sonras\u0131 tek y\u0131ll\u0131k ve \u00e7ok y\u0131ll\u0131k dar yaprakl\u0131 otlar<\/em><\/span><\/li>\n<li><span style=\"font-size: 18px\"><strong>Biber, patl\u0131can<\/strong>: Kontroller <em>\u00c7\u0131k\u0131\u015f sonras\u0131 tek y\u0131ll\u0131k ve \u00e7ok y\u0131ll\u0131k dar yaprakl\u0131 otlar<\/em><\/span><\/li>\n<li><span style=\"font-size: 18px\"><strong>Karpuz, salatal\u0131k, kavun, kabak, bal kaba\u011f\u0131<\/strong>: Kontroller <em>\u00c7\u0131k\u0131\u015f sonras\u0131 tek y\u0131ll\u0131k ve \u00e7ok y\u0131ll\u0131k dar yaprakl\u0131 otlar<\/em><\/span><\/li>\n<li><span style=\"font-size: 18px\"><strong>So\u011fan, sar\u0131msak<\/strong>: Kontroller <em>\u00c7\u0131k\u0131\u015f sonras\u0131 tek y\u0131ll\u0131k ve \u00e7ok y\u0131ll\u0131k dar yaprakl\u0131 otlar<\/em><\/span><\/li>\n<li><span style=\"font-size: 18px\"><strong>Patates<\/strong>: Kontroller <em>\u00c7\u0131k\u0131\u015f sonras\u0131 tek y\u0131ll\u0131k ve \u00e7ok y\u0131ll\u0131k dar yaprakl\u0131 otlar<\/em><\/span><\/li>\n<li><span style=\"font-size: 18px\"><strong>Turp<\/strong>: Kontroller <em>\u00c7\u0131k\u0131\u015f sonras\u0131 tek y\u0131ll\u0131k ve \u00e7ok y\u0131ll\u0131k dar yaprakl\u0131 otlar<\/em><\/span><\/li>\n<li><span style=\"font-size: 18px\"><strong>Domates<\/strong>: Kontroller <em>\u00c7\u0131k\u0131\u015f sonras\u0131 tek y\u0131ll\u0131k ve \u00e7ok y\u0131ll\u0131k dar yaprakl\u0131 otlar<\/em><\/span><\/li>\n<li><span style=\"font-size: 18px\"><strong>\u00c7ilekli<\/strong>: Kontroller <em>\u00c7\u0131k\u0131\u015f sonras\u0131 tek y\u0131ll\u0131k ve \u00e7ok y\u0131ll\u0131k dar yaprakl\u0131 otlar<\/em><\/span><\/li>\n<li><span style=\"font-size: 18px\"><strong>Havu\u00e7<\/strong>: Kontroller <em>\u00c7\u0131k\u0131\u015f sonras\u0131 tek y\u0131ll\u0131k ve \u00e7ok y\u0131ll\u0131k dar yaprakl\u0131 otlar<\/em><\/span><\/li>\n<li><span style=\"font-size: 18px\"><strong>Kay\u0131s\u0131, \u015feftali, erik, kiraz, nektarin<\/strong>: Kontroller <em>\u00c7\u0131k\u0131\u015f sonras\u0131 tek y\u0131ll\u0131k ve \u00e7ok y\u0131ll\u0131k dar yaprakl\u0131 otlar<\/em><\/span><\/li>\n<li><span style=\"font-size: 18px\"><strong>Elma, armut, ayva, yenid\u00fcnya<\/strong>: Kontroller <em>\u00c7\u0131k\u0131\u015f sonras\u0131 tek y\u0131ll\u0131k ve \u00e7ok y\u0131ll\u0131k dar yaprakl\u0131 otlar<\/em><\/span><\/li>\n<\/ul>\n<h3>Kullan\u0131m Oran\u0131:<\/h3>\n<p><span style=\"font-size: 14pt\">200 L su ba\u015f\u0131na 100-200 ml<\/span><\/p>\n<h3>Paketleme<\/h3>\n<ul>\n<li><span style=\"font-size: 18px\"><strong>1 L<\/strong><\/span><\/li>\n<\/ul>\n<p><img loading=\"lazy\" decoding=\"async\" class=\"alignnone size-medium wp-image-18176\" src=\"https:\/\/alqawafel.com\/wp-content\/uploads\/2024\/11\/Clethofel-24-EC-LOGO-300x300.webp\" alt=\"Clethofel 24% EC, domates, patates ve lahana gibi \u00fcr\u00fcnlerde tek y\u0131ll\u0131k ve \u00e7ok y\u0131ll\u0131k dar yaprakl\u0131 otlar\u0131n \u00e7\u0131k\u0131\u015f sonras\u0131 kontrol\u00fc i\u00e7in kullan\u0131lan sistemik bir herbisittir.\" width=\"300\" height=\"300\" srcset=\"https:\/\/alqawafel.com\/wp-content\/uploads\/2024\/11\/Clethofel-24-EC-LOGO-300x300.webp 300w, https:\/\/alqawafel.com\/wp-content\/uploads\/2024\/11\/Clethofel-24-EC-LOGO-150x150.webp 150w, https:\/\/alqawafel.com\/wp-content\/uploads\/2024\/11\/Clethofel-24-EC-LOGO-768x768.webp 768w, https:\/\/alqawafel.com\/wp-content\/uploads\/2024\/11\/Clethofel-24-EC-LOGO.webp 1000w\" sizes=\"auto, (max-width: 300px) 100vw, 300px\" \/><\/p>","protected":false},"excerpt":{"rendered":"<p><span style=\"font-size: 18px\">Clethofel 24% EC, domates, patates ve lahana gibi \u00fcr\u00fcnlerde tek y\u0131ll\u0131k ve \u00e7ok y\u0131ll\u0131k dar yaprakl\u0131 otlar\u0131n \u00e7\u0131k\u0131\u015f sonras\u0131 kontrol\u00fc i\u00e7in kullan\u0131lan sistemik bir herbisittir.<\/span><\/p>","protected":false},"featured_media":18176,"comment_status":"open","ping_status":"closed","template":"","meta":{"om_disable_all_campaigns":false,"_monsterinsights_skip_tracking":false,"_monsterinsights_sitenote_active":false,"_monsterinsights_sitenote_note":"","_monsterinsights_sitenote_category":0},"product_brand":[],"product_cat":[825,87],"product_tag":[866,1202,1206,1200,1204,1113,1205,1203,1201,1172],"class_list":{"0":"post-10525","1":"product","2":"type-product","3":"status-publish","4":"has-post-thumbnail","6":"product_cat-herbicide","7":"product_cat-pesticides","8":"product_tag-al-qawafel-ind-agr-co","9":"product_tag-annual","10":"product_tag-clethodim","11":"product_tag-clethofel-24-ec","12":"product_tag-grasses","13":"product_tag-herbicide","14":"product_tag-narrow-leave","15":"product_tag-perennial","16":"product_tag-post-emergence","17":"product_tag-systemic","19":"first","20":"instock","21":"shipping-taxable","22":"product-type-simple"},"aioseo_notices":[],"_links":{"self":[{"href":"https:\/\/alqawafel.com\/tr\/wp-json\/wp\/v2\/product\/10525","targetHints":{"allow":["GET"]}}],"collection":[{"href":"https:\/\/alqawafel.com\/tr\/wp-json\/wp\/v2\/product"}],"about":[{"href":"https:\/\/alqawafel.com\/tr\/wp-json\/wp\/v2\/types\/product"}],"replies":[{"embeddable":true,"href":"https:\/\/alqawafel.com\/tr\/wp-json\/wp\/v2\/comments?post=10525"}],"version-history":[{"count":10,"href":"https:\/\/alqawafel.com\/tr\/wp-json\/wp\/v2\/product\/10525\/revisions"}],"predecessor-version":[{"id":18906,"href":"https:\/\/alqawafel.com\/tr\/wp-json\/wp\/v2\/product\/10525\/revisions\/18906"}],"wp:featuredmedia":[{"embeddable":true,"href":"https:\/\/alqawafel.com\/tr\/wp-json\/wp\/v2\/media\/18176"}],"wp:attachment":[{"href":"https:\/\/alqawafel.com\/tr\/wp-json\/wp\/v2\/media?parent=10525"}],"wp:term":[{"taxonomy":"product_brand","embeddable":true,"href":"https:\/\/alqawafel.com\/tr\/wp-json\/wp\/v2\/product_brand?post=10525"},{"taxonomy":"product_cat","embeddable":true,"href":"https:\/\/alqawafel.com\/tr\/wp-json\/wp\/v2\/product_cat?post=10525"},{"taxonomy":"product_tag","embeddable":true,"href":"https:\/\/alqawafel.com\/tr\/wp-json\/wp\/v2\/product_tag?post=10525"}],"curies":[{"name":"wp","href":"https:\/\/api.w.org\/{rel}","templated":true}]}}