{"id":10542,"date":"2024-11-17T20:37:14","date_gmt":"2024-11-17T20:37:14","guid":{"rendered":"https:\/\/alqawafel.com\/?post_type=product&#038;p=10542"},"modified":"2025-06-11T08:44:07","modified_gmt":"2025-06-11T08:44:07","slug":"emafel-4-me","status":"publish","type":"product","link":"https:\/\/alqawafel.com\/tr\/product\/emafel-4-me\/","title":{"rendered":"Emafel-4% ME \u0130nsektisit"},"content":{"rendered":"<h3>Neden Emafel-4% ME?<\/h3>\n<p><span style=\"font-size: 18px\">Emafel-4% ME, meyve a\u011fa\u00e7lar\u0131ndaki \u00e7e\u015fitli zararl\u0131lar\u0131 etkili bir \u015fekilde kontrol etmek i\u00e7in tasarlanm\u0131\u015f sistemik olmayan bir insektisittir. Translaminar hareket yoluyla yaprak dokular\u0131na n\u00fcfuz eder, Lepidoptera zararl\u0131lar\u0131n\u0131 fel\u00e7 eder ve saatler i\u00e7inde beslenmelerini durdurur. Bu, zararl\u0131lar\u0131n tedaviden sonraki 2-4 g\u00fcn i\u00e7inde \u00f6lmesiyle etkili bir ha\u015fere kontrol\u00fc sa\u011flar. Emafel-4% ME, sert \u00e7ekirdekli ve yaprak d\u00f6ken meyve a\u011fa\u00e7lar\u0131n\u0131 korumay\u0131 ama\u00e7layan tar\u0131m uzmanlar\u0131 i\u00e7in m\u00fckemmel bir \u00e7\u00f6z\u00fcmd\u00fcr.<\/span><\/p>\n<h3>Tan\u0131mlama<\/h3>\n<ul>\n<li><span style=\"font-size: 18px\"><strong>Form\u00fclasyon<\/strong>: Mikroem\u00fclsiyon (ME)<\/span><\/li>\n<li><span style=\"font-size: 18px\"><strong>Etken Madde<\/strong>: Emamektin benzoat 4% (w\/v)<\/span><\/li>\n<li><span style=\"font-size: 18px\"><strong>Kimyasal Grup<\/strong>: Avermektin<\/span><\/li>\n<li><span style=\"font-size: 18px\"><strong>Etki \u015eekli<\/strong>: Zararl\u0131lar\u0131 fel\u00e7 eden, beslenmenin durmas\u0131na ve nihai \u00f6l\u00fcme yol a\u00e7an translaminar harekete sahip sistemik olmayan insektisit.<\/span><\/li>\n<\/ul>\n<h3>Emafel-4% ME'nin \u0130deal Uygulamas\u0131<\/h3>\n<p><span style=\"font-size: 18px\">Enjeksiyon yoluyla kullan\u0131m i\u00e7in tavsiye edilir, yumu\u015fak ve sa\u011fl\u0131kl\u0131 d\u0131\u015f ah\u015fap katmanlar\u0131 enjekte edilmelidir, a\u011fac\u0131n taban\u0131na enjeksiyon yap\u0131lmal\u0131d\u0131r, etkilenen b\u00f6lgelere enjeksiyon yap\u0131lmaz, listelenen tipik zararl\u0131 hedefleri olan a\u015fa\u011f\u0131daki \u00fcr\u00fcnlerde:<\/span><\/p>\n<h4><span style=\"font-size: 18px\">Mahsul ve Ha\u015fere Kontrol\u00fc:<\/span><\/h4>\n<ul>\n<li><span style=\"font-size: 18px\"><strong>Yaprak d\u00f6ken a\u011fa\u00e7lar (Ta\u015f a\u011fa\u00e7lar\u0131)<\/strong>: Badem, \u015feftali, kay\u0131s\u0131, \u015feftali, kiraz<\/span>\n<ul>\n<li><span style=\"font-size: 18px\">Kontroller <em>B\u00f6cekler, T\u0131rt\u0131llar, Kurtlar, B\u00f6cekler, Yaprak Kurdu<\/em><\/span><\/li>\n<\/ul>\n<\/li>\n<\/ul>\n<h3>Kullan\u0131m Oran\u0131:<\/h3>\n<p><span style=\"font-size: 14pt\">200 L su ba\u015f\u0131na 150-200 ml<\/span><\/p>\n<h3>Paketleme<\/h3>\n<ul>\n<li><span style=\"font-size: 18px\"><strong>1 L<\/strong><\/span><\/li>\n<li><strong>250 ml<\/strong><\/li>\n<\/ul>\n<p><img loading=\"lazy\" decoding=\"async\" class=\"alignnone size-medium wp-image-17834\" src=\"https:\/\/alqawafel.com\/wp-content\/uploads\/2024\/11\/Emafel-4-ME-LOGO-300x300.webp\" alt=\"Emafel-4% ME, ta\u015f ve yaprak d\u00f6ken meyve a\u011fa\u00e7lar\u0131 i\u00e7in translaminar etki ile b\u00f6cekler ve t\u0131rt\u0131llar gibi zararl\u0131lar\u0131 kontrol eden sistemik olmayan bir insektisittir.\" width=\"300\" height=\"300\" srcset=\"https:\/\/alqawafel.com\/wp-content\/uploads\/2024\/11\/Emafel-4-ME-LOGO-300x300.webp 300w, https:\/\/alqawafel.com\/wp-content\/uploads\/2024\/11\/Emafel-4-ME-LOGO-150x150.webp 150w, https:\/\/alqawafel.com\/wp-content\/uploads\/2024\/11\/Emafel-4-ME-LOGO-768x768.webp 768w, https:\/\/alqawafel.com\/wp-content\/uploads\/2024\/11\/Emafel-4-ME-LOGO.webp 1000w\" sizes=\"auto, (max-width: 300px) 100vw, 300px\" \/><\/p>\n<p>&nbsp;<\/p>","protected":false},"excerpt":{"rendered":"<p><span style=\"font-size: 18px\">Emafel-4% ME, ta\u015f ve yaprak d\u00f6ken meyve a\u011fa\u00e7lar\u0131 i\u00e7in translaminar etki ile b\u00f6cekler ve t\u0131rt\u0131llar gibi zararl\u0131lar\u0131 kontrol eden sistemik olmayan bir insektisittir. <\/span><\/p>","protected":false},"featured_media":17834,"comment_status":"open","ping_status":"closed","template":"","meta":{"om_disable_all_campaigns":false,"_monsterinsights_skip_tracking":false,"_monsterinsights_sitenote_active":false,"_monsterinsights_sitenote_note":"","_monsterinsights_sitenote_category":0},"product_brand":[],"product_cat":[822,87],"product_tag":[866,1208,838,1207,1124,841,1210,1209],"class_list":{"0":"post-10542","1":"product","2":"type-product","3":"status-publish","4":"has-post-thumbnail","6":"product_cat-insecticide","7":"product_cat-pesticides","8":"product_tag-al-qawafel-ind-agr-co","9":"product_tag-beetles","10":"product_tag-caterpillars","11":"product_tag-emafel-4-me","12":"product_tag-emamectin-benzoate","13":"product_tag-insecticide","14":"product_tag-paralyzes","15":"product_tag-translaminar","17":"first","18":"instock","19":"shipping-taxable","20":"product-type-simple"},"aioseo_notices":[],"_links":{"self":[{"href":"https:\/\/alqawafel.com\/tr\/wp-json\/wp\/v2\/product\/10542","targetHints":{"allow":["GET"]}}],"collection":[{"href":"https:\/\/alqawafel.com\/tr\/wp-json\/wp\/v2\/product"}],"about":[{"href":"https:\/\/alqawafel.com\/tr\/wp-json\/wp\/v2\/types\/product"}],"replies":[{"embeddable":true,"href":"https:\/\/alqawafel.com\/tr\/wp-json\/wp\/v2\/comments?post=10542"}],"version-history":[{"count":11,"href":"https:\/\/alqawafel.com\/tr\/wp-json\/wp\/v2\/product\/10542\/revisions"}],"predecessor-version":[{"id":19938,"href":"https:\/\/alqawafel.com\/tr\/wp-json\/wp\/v2\/product\/10542\/revisions\/19938"}],"wp:featuredmedia":[{"embeddable":true,"href":"https:\/\/alqawafel.com\/tr\/wp-json\/wp\/v2\/media\/17834"}],"wp:attachment":[{"href":"https:\/\/alqawafel.com\/tr\/wp-json\/wp\/v2\/media?parent=10542"}],"wp:term":[{"taxonomy":"product_brand","embeddable":true,"href":"https:\/\/alqawafel.com\/tr\/wp-json\/wp\/v2\/product_brand?post=10542"},{"taxonomy":"product_cat","embeddable":true,"href":"https:\/\/alqawafel.com\/tr\/wp-json\/wp\/v2\/product_cat?post=10542"},{"taxonomy":"product_tag","embeddable":true,"href":"https:\/\/alqawafel.com\/tr\/wp-json\/wp\/v2\/product_tag?post=10542"}],"curies":[{"name":"wp","href":"https:\/\/api.w.org\/{rel}","templated":true}]}}