{"id":10644,"date":"2024-11-18T09:23:42","date_gmt":"2024-11-18T09:23:42","guid":{"rendered":"https:\/\/alqawafel.com\/?post_type=product&#038;p=10644"},"modified":"2025-08-17T07:55:53","modified_gmt":"2025-08-17T07:55:53","slug":"aci-biber-qshp-506-f1","status":"publish","type":"product","link":"https:\/\/alqawafel.com\/tr\/product\/hot-pepper-qshp-506-f1\/","title":{"rendered":"Ac\u0131 Biber QSHP-506 F1"},"content":{"rendered":"<p><span style=\"font-size: 18px;\">Ac\u0131 Biber QSHP-506 F1: Sera ve a\u00e7\u0131k alan i\u00e7in y\u00fcksek keskinlikte bir Macar ac\u0131 biber \u00e7e\u015fididir. Krem rengi konik meyveler (12 cm) \u00fcretir ve ToMV ve TMV'ye kar\u015f\u0131 diren\u00e7lidir.<\/span><\/p>\n<table>\n<thead>\n<tr>\n<th><span style=\"font-size: 18px;\"><strong>\u00d6znitelik<\/strong><\/span><\/th>\n<th><span style=\"font-size: 18px;\"><strong>Detaylar<\/strong><\/span><\/th>\n<\/tr>\n<\/thead>\n<tbody>\n<tr>\n<td><span style=\"font-size: 18px;\"><strong>\u00dcr\u00fcn Ad\u0131<\/strong><\/span><\/td>\n<td><span style=\"font-size: 18px;\">Ac\u0131 Biber QSHP - 506 F1<\/span><\/td>\n<\/tr>\n<tr>\n<td><span style=\"font-size: 18px;\"><strong>Tip<\/strong><\/span><\/td>\n<td><span style=\"font-size: 18px;\">Sera ve a\u00e7\u0131k alan i\u00e7in Macar tipi<\/span><\/td>\n<\/tr>\n<tr>\n<td><span style=\"font-size: 18px;\"><strong>Bitkisel B\u00fcy\u00fcme<\/strong><\/span><\/td>\n<td><span style=\"font-size: 18px;\">G\u00fc\u00e7l\u00fc bitki<\/span><\/td>\n<\/tr>\n<tr>\n<td><span style=\"font-size: 18px;\"><strong>Meyve \u00d6zellikleri<\/strong><\/span><\/td>\n<td><span style=\"font-size: 18px;\">Krem rengi meyveler, silindirik konik \u015fekilli, 12 cm uzunlu\u011funda<\/span><\/td>\n<\/tr>\n<tr>\n<td><span style=\"font-size: 18px;\"><strong>Keskinlik<\/strong><\/span><\/td>\n<td><span style=\"font-size: 18px;\">Y\u00fcksek<\/span><\/td>\n<\/tr>\n<tr>\n<td><span style=\"font-size: 18px;\"><strong>Tolerans (IR)<\/strong><\/span><\/td>\n<td><span style=\"font-size: 18px;\">ToMV (Domates Mozaik Vir\u00fcs\u00fc), TMV (T\u00fct\u00fcn Mozaik Vir\u00fcs\u00fc)<\/span><\/td>\n<\/tr>\n<\/tbody>\n<\/table>\n<p><img loading=\"lazy\" decoding=\"async\" class=\"alignnone size-medium wp-image-10645\" src=\"https:\/\/alqawafel.com\/wp-content\/uploads\/2024\/11\/WhatsApp-Image-2024-11-17-at-12.48.53-PM-225x300.jpeg\" alt=\"Ac\u0131 Biber QSHP-506 F1\" width=\"225\" height=\"300\" srcset=\"https:\/\/alqawafel.com\/wp-content\/uploads\/2024\/11\/WhatsApp-Image-2024-11-17-at-12.48.53-PM-225x300.jpeg 225w, https:\/\/alqawafel.com\/wp-content\/uploads\/2024\/11\/WhatsApp-Image-2024-11-17-at-12.48.53-PM-768x1024.jpeg 768w, https:\/\/alqawafel.com\/wp-content\/uploads\/2024\/11\/WhatsApp-Image-2024-11-17-at-12.48.53-PM-150x200.jpeg 150w, https:\/\/alqawafel.com\/wp-content\/uploads\/2024\/11\/WhatsApp-Image-2024-11-17-at-12.48.53-PM.jpeg 960w\" sizes=\"auto, (max-width: 225px) 100vw, 225px\" \/><\/p>\n<p>&nbsp;<\/p>\n<p><a title=\"Tohumlara Geri D\u00f6n\" href=\"https:\/\/alqawafel.com\/tr\/tohumlar\/\">Tohumlara Geri D\u00f6n<\/a><\/p>\n<p><a title=\"Facebook\" href=\"https:\/\/alqawafel.com\/tr\/facebook\/\" target=\"_blank\" rel=\"noopener\">Facebook<\/a><\/p>\n<p><a title=\"Linkedin\" href=\"https:\/\/www.linkedin.com\/company\/alqawafel-ind-agr-co\/\" target=\"_blank\" rel=\"noopener\">Linkedin<\/a><\/p>","protected":false},"excerpt":{"rendered":"<p><span style=\"font-size: 18px;\">Ac\u0131 Biber QSHP-506 F1: ToMV ve TMV'ye diren\u00e7li, 12 cm kremsi konik meyvelere sahip, y\u00fcksek keskinlikte bir Macar ac\u0131 biberi.<\/span><\/p>","protected":false},"featured_media":10645,"comment_status":"open","ping_status":"closed","template":"","meta":{"om_disable_all_campaigns":false,"_monsterinsights_skip_tracking":false,"_monsterinsights_sitenote_active":false,"_monsterinsights_sitenote_note":"","_monsterinsights_sitenote_category":0},"product_brand":[],"product_cat":[837,237],"product_tag":[866,1230,1229,1238,1237,1231,1101],"class_list":{"0":"post-10644","1":"product","2":"type-product","3":"status-publish","4":"has-post-thumbnail","6":"product_cat-hot-pepper","7":"product_cat-seeds","8":"product_tag-al-qawafel-ind-agr-co","9":"product_tag-greenhouse-pepper","10":"product_tag-hot-pepper","11":"product_tag-hot-pepper-qshp-506-f1","12":"product_tag-hungarian-hot-pepper","13":"product_tag-open-field-pepper","14":"product_tag-seeds","16":"first","17":"instock","18":"shipping-taxable","19":"product-type-simple"},"aioseo_notices":[],"_links":{"self":[{"href":"https:\/\/alqawafel.com\/tr\/wp-json\/wp\/v2\/product\/10644","targetHints":{"allow":["GET"]}}],"collection":[{"href":"https:\/\/alqawafel.com\/tr\/wp-json\/wp\/v2\/product"}],"about":[{"href":"https:\/\/alqawafel.com\/tr\/wp-json\/wp\/v2\/types\/product"}],"replies":[{"embeddable":true,"href":"https:\/\/alqawafel.com\/tr\/wp-json\/wp\/v2\/comments?post=10644"}],"version-history":[{"count":3,"href":"https:\/\/alqawafel.com\/tr\/wp-json\/wp\/v2\/product\/10644\/revisions"}],"predecessor-version":[{"id":19590,"href":"https:\/\/alqawafel.com\/tr\/wp-json\/wp\/v2\/product\/10644\/revisions\/19590"}],"wp:featuredmedia":[{"embeddable":true,"href":"https:\/\/alqawafel.com\/tr\/wp-json\/wp\/v2\/media\/10645"}],"wp:attachment":[{"href":"https:\/\/alqawafel.com\/tr\/wp-json\/wp\/v2\/media?parent=10644"}],"wp:term":[{"taxonomy":"product_brand","embeddable":true,"href":"https:\/\/alqawafel.com\/tr\/wp-json\/wp\/v2\/product_brand?post=10644"},{"taxonomy":"product_cat","embeddable":true,"href":"https:\/\/alqawafel.com\/tr\/wp-json\/wp\/v2\/product_cat?post=10644"},{"taxonomy":"product_tag","embeddable":true,"href":"https:\/\/alqawafel.com\/tr\/wp-json\/wp\/v2\/product_tag?post=10644"}],"curies":[{"name":"wp","href":"https:\/\/api.w.org\/{rel}","templated":true}]}}