{"id":10682,"date":"2024-11-18T09:47:22","date_gmt":"2024-11-18T09:47:22","guid":{"rendered":"https:\/\/alqawafel.com\/?post_type=product&#038;p=10682"},"modified":"2025-08-12T12:41:53","modified_gmt":"2025-08-12T12:41:53","slug":"squash-qssq-404-f1","status":"publish","type":"product","link":"https:\/\/alqawafel.com\/tr\/product\/squash-qssq-404-f1\/","title":{"rendered":"Squash QSSq-404 F1"},"content":{"rendered":"<p><span style=\"font-size: 18px;\">Kabak QSSq-404 F1: A\u00e7\u0131k alanlar i\u00e7in y\u00fcksek performansl\u0131 bir Iskandarany kabak \u00e7e\u015fididir. Parlak ye\u015fil, silindirik meyveler (15-20 cm) \u00fcretir, 40 g\u00fcnde olgunla\u015f\u0131r ve g\u00fc\u00e7l\u00fc hastal\u0131k direncine sahiptir.<\/span><\/p>\n<table style=\"width: 100%; height: 216px;\">\n<thead>\n<tr style=\"height: 24px;\">\n<th style=\"height: 24px;\"><span style=\"font-size: 18px;\"><strong>\u00d6znitelik<\/strong><\/span><\/th>\n<th style=\"height: 24px;\"><span style=\"font-size: 18px;\"><strong>Detaylar<\/strong><\/span><\/th>\n<\/tr>\n<\/thead>\n<tbody>\n<tr style=\"height: 24px;\">\n<td style=\"height: 24px;\"><span style=\"font-size: 18px;\"><strong>\u00dcr\u00fcn Ad\u0131<\/strong><\/span><\/td>\n<td style=\"height: 24px;\"><span style=\"font-size: 18px;\">Squash QSSq-404 F1<\/span><\/td>\n<\/tr>\n<tr style=\"height: 24px;\">\n<td style=\"height: 24px;\"><span style=\"font-size: 18px;\"><strong>Tip<\/strong><\/span><\/td>\n<td style=\"height: 24px;\"><span style=\"font-size: 18px;\">A\u00e7\u0131k alan i\u00e7in Iskandarany \u00e7e\u015fidi<\/span><\/td>\n<\/tr>\n<tr style=\"height: 24px;\">\n<td style=\"height: 24px;\"><span style=\"font-size: 18px;\"><strong>Meyve Seti Stili<\/strong><\/span><\/td>\n<td style=\"height: 24px;\"><span style=\"font-size: 18px;\">\u0130yi, yakla\u015f\u0131k 40 g\u00fcnde olgunla\u015f\u0131r<\/span><\/td>\n<\/tr>\n<tr style=\"height: 24px;\">\n<td style=\"height: 24px;\"><span style=\"font-size: 18px;\"><strong>Bitkisel B\u00fcy\u00fcme<\/strong><\/span><\/td>\n<td style=\"height: 24px;\"><span style=\"font-size: 18px;\">G\u00fc\u00e7l\u00fc, kompakt bitki<\/span><\/td>\n<\/tr>\n<tr style=\"height: 48px;\">\n<td style=\"height: 48px;\"><span style=\"font-size: 18px;\"><strong>Meyve \u00d6zellikleri<\/strong><\/span><\/td>\n<td style=\"height: 48px;\"><span style=\"font-size: 18px;\">Parlak ye\u015fil, silindirik \u015fekilli, 15-20 cm boyutlar\u0131nda<\/span><\/td>\n<\/tr>\n<tr style=\"height: 48px;\">\n<td style=\"height: 48px;\"><span style=\"font-size: 18px;\"><strong>Tolerans (IR)<\/strong><\/span><\/td>\n<td style=\"height: 48px;\"><span style=\"font-size: 18px;\">PM (K\u00fclleme), CMV (H\u0131yar Mozaik Vir\u00fcs\u00fc), WMV (Karpuz Mozaik Vir\u00fcs\u00fc), ZYMV (Kabak Sar\u0131 Mozaik Vir\u00fcs\u00fc)<\/span><\/td>\n<\/tr>\n<\/tbody>\n<\/table>\n<p><img loading=\"lazy\" decoding=\"async\" class=\"alignnone size-medium wp-image-10683\" src=\"https:\/\/alqawafel.com\/wp-content\/uploads\/2024\/11\/404-186x300.png\" alt=\"Squash QSSq-404 F1 \" width=\"186\" height=\"300\" srcset=\"https:\/\/alqawafel.com\/wp-content\/uploads\/2024\/11\/404-186x300.png 186w, https:\/\/alqawafel.com\/wp-content\/uploads\/2024\/11\/404-150x242.png 150w, https:\/\/alqawafel.com\/wp-content\/uploads\/2024\/11\/404.png 412w\" sizes=\"auto, (max-width: 186px) 100vw, 186px\" \/><\/p>\n<p>&nbsp;<\/p>\n<p><a title=\"Tohumlara Geri D\u00f6n\" href=\"https:\/\/alqawafel.com\/tr\/tohumlar\/\">Tohumlara Geri D\u00f6n<\/a><\/p>\n<p><a title=\"Facebook\" href=\"https:\/\/alqawafel.com\/tr\/facebook\/\" target=\"_blank\" rel=\"noopener\">Facebook<\/a><\/p>\n<p><a title=\"Linkedin\" href=\"https:\/\/www.linkedin.com\/company\/alqawafel-ind-agr-co\/\" target=\"_blank\" rel=\"noopener\">Linkedin<\/a><\/p>","protected":false},"excerpt":{"rendered":"<p><span style=\"font-size: 18px;\">Kabak QSSq-404 F1: Silindirik ye\u015fil meyveleri, PM, CMV, WMV ve ZYMV'ye kar\u015f\u0131 direnci ve 40 g\u00fcnl\u00fck olgunlu\u011fu ile a\u00e7\u0131k alanlar i\u00e7in sa\u011flam bir Iskandarany kaba\u011f\u0131.<\/span><\/p>","protected":false},"featured_media":10683,"comment_status":"open","ping_status":"closed","template":"","meta":{"om_disable_all_campaigns":false,"_monsterinsights_skip_tracking":false,"_monsterinsights_sitenote_active":false,"_monsterinsights_sitenote_note":"","_monsterinsights_sitenote_category":0},"product_brand":[],"product_cat":[237,829],"product_tag":[866,1251,1241,1250,1240,1101,1249],"class_list":{"0":"post-10682","1":"product","2":"type-product","3":"status-publish","4":"has-post-thumbnail","6":"product_cat-seeds","7":"product_cat-squash","8":"product_tag-al-qawafel-ind-agr-co","9":"product_tag-early-maturing-squash","10":"product_tag-high-yield-squash","11":"product_tag-iskandarany-squash","12":"product_tag-open-field-squash","13":"product_tag-seeds","14":"product_tag-squash-qssq-404-f1","16":"first","17":"instock","18":"shipping-taxable","19":"product-type-simple"},"aioseo_notices":[],"_links":{"self":[{"href":"https:\/\/alqawafel.com\/tr\/wp-json\/wp\/v2\/product\/10682","targetHints":{"allow":["GET"]}}],"collection":[{"href":"https:\/\/alqawafel.com\/tr\/wp-json\/wp\/v2\/product"}],"about":[{"href":"https:\/\/alqawafel.com\/tr\/wp-json\/wp\/v2\/types\/product"}],"replies":[{"embeddable":true,"href":"https:\/\/alqawafel.com\/tr\/wp-json\/wp\/v2\/comments?post=10682"}],"version-history":[{"count":5,"href":"https:\/\/alqawafel.com\/tr\/wp-json\/wp\/v2\/product\/10682\/revisions"}],"predecessor-version":[{"id":19574,"href":"https:\/\/alqawafel.com\/tr\/wp-json\/wp\/v2\/product\/10682\/revisions\/19574"}],"wp:featuredmedia":[{"embeddable":true,"href":"https:\/\/alqawafel.com\/tr\/wp-json\/wp\/v2\/media\/10683"}],"wp:attachment":[{"href":"https:\/\/alqawafel.com\/tr\/wp-json\/wp\/v2\/media?parent=10682"}],"wp:term":[{"taxonomy":"product_brand","embeddable":true,"href":"https:\/\/alqawafel.com\/tr\/wp-json\/wp\/v2\/product_brand?post=10682"},{"taxonomy":"product_cat","embeddable":true,"href":"https:\/\/alqawafel.com\/tr\/wp-json\/wp\/v2\/product_cat?post=10682"},{"taxonomy":"product_tag","embeddable":true,"href":"https:\/\/alqawafel.com\/tr\/wp-json\/wp\/v2\/product_tag?post=10682"}],"curies":[{"name":"wp","href":"https:\/\/api.w.org\/{rel}","templated":true}]}}