{"id":10735,"date":"2024-11-18T10:59:10","date_gmt":"2024-11-18T10:59:10","guid":{"rendered":"https:\/\/alqawafel.com\/?post_type=product&#038;p=10735"},"modified":"2025-04-28T08:12:52","modified_gmt":"2025-04-28T08:12:52","slug":"karpuz-qswm-703-f1","status":"publish","type":"product","link":"https:\/\/alqawafel.com\/tr\/product\/watermelon-qswm-703-f1\/","title":{"rendered":"Karpuz QSWM-703 F1"},"content":{"rendered":"<div class=\"flex-shrink-0 flex flex-col relative items-end\">\n<div>\n<div class=\"pt-0\">\n<div class=\"gizmo-bot-avatar flex h-8 w-8 items-center justify-center overflow-hidden rounded-full\">\n<p class=\"relative p-1 rounded-sm flex items-center justify-center bg-token-main-surface-primary text-token-text-primary h-8 w-8\"><span style=\"font-size: 18px\">Watermelon QSWM-703 F1: A Sugar Baby watermelon variety for open fields. Produces round fruits (7-9 kg) with deep red flesh, small seeds, and strong disease resistance.<\/span><\/p>\n<\/div>\n<\/div>\n<\/div>\n<\/div>\n<div class=\"group\/conversation-turn relative flex w-full min-w-0 flex-col agent-turn\">\n<div class=\"flex-col gap-1 md:gap-3\">\n<div class=\"flex max-w-full flex-col flex-grow\">\n<div class=\"min-h-8 text-message flex w-full flex-col items-end gap-2 whitespace-normal break-words [.text-message+&amp;]:mt-5\" dir=\"auto\" data-message-author-role=\"assistant\" data-message-id=\"da4ca972-6513-43a6-9133-2ef4c7c9f48c\" data-message-model-slug=\"gpt-4o\">\n<div class=\"flex w-full flex-col gap-1 empty:hidden first:pt-[3px]\">\n<div class=\"markdown prose w-full break-words dark:prose-invert light\">\n<table>\n<thead>\n<tr>\n<th><span style=\"font-size: 18px\"><strong>Attribute<\/strong><\/span><\/th>\n<th><span style=\"font-size: 18px\"><strong>Details<\/strong><\/span><\/th>\n<\/tr>\n<\/thead>\n<tbody>\n<tr>\n<td><span style=\"font-size: 18px\"><strong>Product Name<\/strong><\/span><\/td>\n<td><span style=\"font-size: 18px\">Watermelon QSWM &#8211; 703 F1<\/span><\/td>\n<\/tr>\n<tr>\n<td><span style=\"font-size: 18px\"><strong>Type<\/strong><\/span><\/td>\n<td><span style=\"font-size: 18px\">Sugar Baby type for open field<\/span><\/td>\n<\/tr>\n<tr>\n<td><span style=\"font-size: 18px\"><strong>Fruit Characteristics<\/strong><\/span><\/td>\n<td><span style=\"font-size: 18px\">Round shape with a weight of 7-9 kg<\/span><\/td>\n<\/tr>\n<tr>\n<td><span style=\"font-size: 18px\"><strong>Flesh Color<\/strong><\/span><\/td>\n<td><span style=\"font-size: 18px\">Deep red with small seeds<\/span><\/td>\n<\/tr>\n<tr>\n<td><span style=\"font-size: 18px\"><strong>Tolerance (IR)<\/strong><\/span><\/td>\n<td><span style=\"font-size: 18px\">PM (Powdery Mildew), F2 (Fusarium Wilt Race 2)<\/span><\/td>\n<\/tr>\n<\/tbody>\n<\/table>\n<\/div>\n<\/div>\n<\/div>\n<\/div>\n<\/div>\n<\/div>\n<p><img loading=\"lazy\" decoding=\"async\" class=\"alignnone size-medium wp-image-10736\" src=\"https:\/\/alqawafel.com\/wp-content\/uploads\/2024\/11\/WhatsApp-Image-2024-11-18-at-1.22.05-PM-2-298x300.jpeg\" alt=\"Watermelon QSWM-703 F1\" width=\"298\" height=\"300\" srcset=\"https:\/\/alqawafel.com\/wp-content\/uploads\/2024\/11\/WhatsApp-Image-2024-11-18-at-1.22.05-PM-2-298x300.jpeg 298w, https:\/\/alqawafel.com\/wp-content\/uploads\/2024\/11\/WhatsApp-Image-2024-11-18-at-1.22.05-PM-2-150x151.jpeg 150w, https:\/\/alqawafel.com\/wp-content\/uploads\/2024\/11\/WhatsApp-Image-2024-11-18-at-1.22.05-PM-2.jpeg 546w\" sizes=\"auto, (max-width: 298px) 100vw, 298px\" \/><\/p>\n<p>&nbsp;<\/p>\n<p><a title=\"Back to Seeds\" href=\"https:\/\/alqawafel.com\/seeds\/\">Back to Seeds<\/a><\/p>\n<p><a title=\"Facebook\" href=\"https:\/\/alqawafel.com\/facebook\/\" target=\"_blank\" rel=\"noopener\">Facebook<\/a><\/p>\n<p><a title=\"Linkedin\" href=\"https:\/\/www.linkedin.com\/company\/alqawafel-ind-agr-co\/\" target=\"_blank\" rel=\"noopener\">Linkedin<\/a><\/p>\n","protected":false},"excerpt":{"rendered":"<p><span style=\"font-size: 18px\">Karpuz QSWM-703 F1: 7-9 kg yuvarlak meyveli, koyu k\u0131rm\u0131z\u0131 etli, k\u00fc\u00e7\u00fck \u00e7ekirdekli, PM ve Fusarium Solgunlu\u011funa (F2) diren\u00e7li sa\u011flam bir Sugar Baby karpuzu.<\/span><\/p>","protected":false},"featured_media":10736,"comment_status":"open","ping_status":"closed","template":"","meta":{"om_disable_all_campaigns":false,"_monsterinsights_skip_tracking":false,"_monsterinsights_sitenote_active":false,"_monsterinsights_sitenote_note":"","_monsterinsights_sitenote_category":0},"product_brand":[],"product_cat":[237,832],"product_tag":[1267,866,1260,1264,1101,1266,1268],"class_list":{"0":"post-10735","1":"product","2":"type-product","3":"status-publish","4":"has-post-thumbnail","6":"product_cat-seeds","7":"product_cat-watermelon","8":"product_tag-7-9-kg-watermelon","9":"product_tag-al-qawafel-ind-agr-co","10":"product_tag-open-field-watermelon","11":"product_tag-round-watermelon","12":"product_tag-seeds","13":"product_tag-sugar-baby-watermelon","14":"product_tag-watermelon-qswm-703-f1","16":"first","17":"instock","18":"shipping-taxable","19":"product-type-simple"},"aioseo_notices":[],"_links":{"self":[{"href":"https:\/\/alqawafel.com\/tr\/wp-json\/wp\/v2\/product\/10735","targetHints":{"allow":["GET"]}}],"collection":[{"href":"https:\/\/alqawafel.com\/tr\/wp-json\/wp\/v2\/product"}],"about":[{"href":"https:\/\/alqawafel.com\/tr\/wp-json\/wp\/v2\/types\/product"}],"replies":[{"embeddable":true,"href":"https:\/\/alqawafel.com\/tr\/wp-json\/wp\/v2\/comments?post=10735"}],"version-history":[{"count":3,"href":"https:\/\/alqawafel.com\/tr\/wp-json\/wp\/v2\/product\/10735\/revisions"}],"predecessor-version":[{"id":10743,"href":"https:\/\/alqawafel.com\/tr\/wp-json\/wp\/v2\/product\/10735\/revisions\/10743"}],"wp:featuredmedia":[{"embeddable":true,"href":"https:\/\/alqawafel.com\/tr\/wp-json\/wp\/v2\/media\/10736"}],"wp:attachment":[{"href":"https:\/\/alqawafel.com\/tr\/wp-json\/wp\/v2\/media?parent=10735"}],"wp:term":[{"taxonomy":"product_brand","embeddable":true,"href":"https:\/\/alqawafel.com\/tr\/wp-json\/wp\/v2\/product_brand?post=10735"},{"taxonomy":"product_cat","embeddable":true,"href":"https:\/\/alqawafel.com\/tr\/wp-json\/wp\/v2\/product_cat?post=10735"},{"taxonomy":"product_tag","embeddable":true,"href":"https:\/\/alqawafel.com\/tr\/wp-json\/wp\/v2\/product_tag?post=10735"}],"curies":[{"name":"wp","href":"https:\/\/api.w.org\/{rel}","templated":true}]}}