{"id":10744,"date":"2024-11-18T11:06:36","date_gmt":"2024-11-18T11:06:36","guid":{"rendered":"https:\/\/alqawafel.com\/?post_type=product&#038;p=10744"},"modified":"2025-04-28T08:12:44","modified_gmt":"2025-04-28T08:12:44","slug":"karpuz-qswm-704-f1","status":"publish","type":"product","link":"https:\/\/alqawafel.com\/tr\/product\/watermelon-qswm-704-f1\/","title":{"rendered":"Karpuz QSWM-704 F1"},"content":{"rendered":"<div class=\"flex-shrink-0 flex flex-col relative items-end\">\n<div class=\"pt-0\">\n<div class=\"gizmo-bot-avatar flex h-8 w-8 items-center justify-center overflow-hidden rounded-full\">\n<p><span style=\"font-size: 18px\">Karpuz QSWM-704 F1: A\u00e7\u0131k alanlar i\u00e7in bir \u015eeker Bebek karpuz \u00e7e\u015fididir. Koyu k\u0131rm\u0131z\u0131 etli, k\u00fc\u00e7\u00fck \u00e7ekirdekli ve m\u00fckemmel hastal\u0131k direncine sahip oval meyveler (7-9 kg) \u00fcretir.<\/span><\/p>\n<table>\n<thead>\n<tr>\n<th><span style=\"font-size: 18px\"><strong>\u00d6znitelik<\/strong><\/span><\/th>\n<th><span style=\"font-size: 18px\"><strong>Detaylar<\/strong><\/span><\/th>\n<\/tr>\n<\/thead>\n<tbody>\n<tr>\n<td><span style=\"font-size: 18px\"><strong>\u00dcr\u00fcn Ad\u0131<\/strong><\/span><\/td>\n<td><span style=\"font-size: 18px\">Karpuz QSWM - 704 F1<\/span><\/td>\n<\/tr>\n<tr>\n<td><span style=\"font-size: 18px\"><strong>Tip<\/strong><\/span><\/td>\n<td><span style=\"font-size: 18px\">A\u00e7\u0131k alan i\u00e7in \u015eeker Bebek tipi<\/span><\/td>\n<\/tr>\n<tr>\n<td><span style=\"font-size: 18px\"><strong>Meyve \u00d6zellikleri<\/strong><\/span><\/td>\n<td><span style=\"font-size: 18px\">7-9 kg a\u011f\u0131rl\u0131\u011f\u0131nda oval \u015fekil<\/span><\/td>\n<\/tr>\n<tr>\n<td><span style=\"font-size: 18px\"><strong>Ten Rengi<\/strong><\/span><\/td>\n<td><span style=\"font-size: 18px\">K\u00fc\u00e7\u00fck \u00e7ekirdekli koyu k\u0131rm\u0131z\u0131<\/span><\/td>\n<\/tr>\n<tr>\n<td><span style=\"font-size: 18px\"><strong>Tolerans (IR)<\/strong><\/span><\/td>\n<td><span style=\"font-size: 18px\">PM (K\u00fclleme), F2 (Fusarium Solgunlu\u011fu Irk 2)<\/span><\/td>\n<\/tr>\n<\/tbody>\n<\/table>\n<\/div>\n<\/div>\n<\/div>\n<p><img loading=\"lazy\" decoding=\"async\" class=\"alignnone size-medium wp-image-10745\" src=\"https:\/\/alqawafel.com\/wp-content\/uploads\/2024\/11\/WhatsApp-Image-2024-11-18-at-1.22.06-PM-169x300.jpeg\" alt=\"Karpuz QSWM-704 F1\" width=\"169\" height=\"300\" srcset=\"https:\/\/alqawafel.com\/wp-content\/uploads\/2024\/11\/WhatsApp-Image-2024-11-18-at-1.22.06-PM-169x300.jpeg 169w, https:\/\/alqawafel.com\/wp-content\/uploads\/2024\/11\/WhatsApp-Image-2024-11-18-at-1.22.06-PM-576x1024.jpeg 576w, https:\/\/alqawafel.com\/wp-content\/uploads\/2024\/11\/WhatsApp-Image-2024-11-18-at-1.22.06-PM-150x267.jpeg 150w, https:\/\/alqawafel.com\/wp-content\/uploads\/2024\/11\/WhatsApp-Image-2024-11-18-at-1.22.06-PM.jpeg 720w\" sizes=\"auto, (max-width: 169px) 100vw, 169px\" \/><\/p>\n<p>&nbsp;<\/p>\n<p><a title=\"Tohumlara Geri D\u00f6n\" href=\"https:\/\/alqawafel.com\/tr\/tohumlar\/\">Tohumlara Geri D\u00f6n<\/a><\/p>\n<p><a title=\"Facebook\" href=\"https:\/\/alqawafel.com\/tr\/facebook\/\" target=\"_blank\" rel=\"noopener\">Facebook<\/a><\/p>\n<p><a title=\"Linkedin\" href=\"https:\/\/www.linkedin.com\/company\/alqawafel-ind-agr-co\/\" target=\"_blank\" rel=\"noopener\">Linkedin<\/a><\/p>","protected":false},"excerpt":{"rendered":"<p><span style=\"font-size: 18px\">Karpuz QSWM-704 F1: 7-9 kg oval meyveli, koyu k\u0131rm\u0131z\u0131 etli, k\u00fc\u00e7\u00fck \u00e7ekirdekli, PM ve Fusarium Solgunlu\u011funa (F2) dayan\u0131kl\u0131 bir \u015eeker Bebek karpuzu.<\/span><\/p>","protected":false},"featured_media":10745,"comment_status":"open","ping_status":"closed","template":"","meta":{"om_disable_all_campaigns":false,"_monsterinsights_skip_tracking":false,"_monsterinsights_sitenote_active":false,"_monsterinsights_sitenote_note":"","_monsterinsights_sitenote_category":0},"product_brand":[],"product_cat":[237,832],"product_tag":[1267,866,1260,1269,1101,1266,1270],"class_list":{"0":"post-10744","1":"product","2":"type-product","3":"status-publish","4":"has-post-thumbnail","6":"product_cat-seeds","7":"product_cat-watermelon","8":"product_tag-7-9-kg-watermelon","9":"product_tag-al-qawafel-ind-agr-co","10":"product_tag-open-field-watermelon","11":"product_tag-oval-watermelon","12":"product_tag-seeds","13":"product_tag-sugar-baby-watermelon","14":"product_tag-watermelon-qswm-704-f1","16":"first","17":"instock","18":"shipping-taxable","19":"product-type-simple"},"aioseo_notices":[],"_links":{"self":[{"href":"https:\/\/alqawafel.com\/tr\/wp-json\/wp\/v2\/product\/10744","targetHints":{"allow":["GET"]}}],"collection":[{"href":"https:\/\/alqawafel.com\/tr\/wp-json\/wp\/v2\/product"}],"about":[{"href":"https:\/\/alqawafel.com\/tr\/wp-json\/wp\/v2\/types\/product"}],"replies":[{"embeddable":true,"href":"https:\/\/alqawafel.com\/tr\/wp-json\/wp\/v2\/comments?post=10744"}],"version-history":[{"count":1,"href":"https:\/\/alqawafel.com\/tr\/wp-json\/wp\/v2\/product\/10744\/revisions"}],"predecessor-version":[{"id":10750,"href":"https:\/\/alqawafel.com\/tr\/wp-json\/wp\/v2\/product\/10744\/revisions\/10750"}],"wp:featuredmedia":[{"embeddable":true,"href":"https:\/\/alqawafel.com\/tr\/wp-json\/wp\/v2\/media\/10745"}],"wp:attachment":[{"href":"https:\/\/alqawafel.com\/tr\/wp-json\/wp\/v2\/media?parent=10744"}],"wp:term":[{"taxonomy":"product_brand","embeddable":true,"href":"https:\/\/alqawafel.com\/tr\/wp-json\/wp\/v2\/product_brand?post=10744"},{"taxonomy":"product_cat","embeddable":true,"href":"https:\/\/alqawafel.com\/tr\/wp-json\/wp\/v2\/product_cat?post=10744"},{"taxonomy":"product_tag","embeddable":true,"href":"https:\/\/alqawafel.com\/tr\/wp-json\/wp\/v2\/product_tag?post=10744"}],"curies":[{"name":"wp","href":"https:\/\/api.w.org\/{rel}","templated":true}]}}