{"id":10765,"date":"2024-11-18T11:34:58","date_gmt":"2024-11-18T11:34:58","guid":{"rendered":"https:\/\/alqawafel.com\/?post_type=product&#038;p=10765"},"modified":"2025-04-28T08:12:27","modified_gmt":"2025-04-28T08:12:27","slug":"patlican-qseg-801-f1","status":"publish","type":"product","link":"https:\/\/alqawafel.com\/tr\/product\/eggplant-qseg-801-f1\/","title":{"rendered":"Patl\u0131can QSEg-801 F1"},"content":{"rendered":"<div class=\"flex-shrink-0 flex flex-col relative items-end\">\n<div class=\"pt-0\">\n<div class=\"gizmo-bot-avatar flex h-8 w-8 items-center justify-center overflow-hidden rounded-full\">\n<p><span style=\"font-size: 18px\">Patl\u0131can QSEg-801 F1: Sera ve a\u00e7\u0131k tarla yeti\u015ftiricili\u011fi i\u00e7in klasik bir patl\u0131can \u00e7e\u015fididir. \u00c7ekirdeksiz, saf beyaz etli ve m\u00fckemmel hastal\u0131k direncine sahip parlak siyah obovat meyveler (250-300 gm) \u00fcretir.<\/span><\/p>\n<table>\n<thead>\n<tr>\n<th><span style=\"font-size: 18px\"><strong>\u00d6znitelik<\/strong><\/span><\/th>\n<th><span style=\"font-size: 18px\"><strong>Detaylar<\/strong><\/span><\/th>\n<\/tr>\n<\/thead>\n<tbody>\n<tr>\n<td><span style=\"font-size: 18px\"><strong>\u00dcr\u00fcn Ad\u0131<\/strong><\/span><\/td>\n<td><span style=\"font-size: 18px\">Patl\u0131can QSEg - 801 F1<\/span><\/td>\n<\/tr>\n<tr>\n<td><span style=\"font-size: 18px\"><strong>Tip<\/strong><\/span><\/td>\n<td><span style=\"font-size: 18px\">Sera ve a\u00e7\u0131k alan i\u00e7in klasik \u00e7e\u015fit<\/span><\/td>\n<\/tr>\n<tr>\n<td><span style=\"font-size: 18px\"><strong>Meyve \u00d6zellikleri<\/strong><\/span><\/td>\n<td><span style=\"font-size: 18px\">Derin parlak siyah renk, ye\u015fil kaliksli obovat \u015fekli, ortalama 250-300 gm a\u011f\u0131rl\u0131k<\/span><\/td>\n<\/tr>\n<tr>\n<td><span style=\"font-size: 18px\"><strong>Et<\/strong><\/span><\/td>\n<td><span style=\"font-size: 18px\">Saf beyaz, \u00e7ekirdeksiz<\/span><\/td>\n<\/tr>\n<tr>\n<td><strong>Tolerans (IR)<\/strong><\/td>\n<td>TMV (Domates Mozaik Vir\u00fcs\u00fc), V (Verticillium Solgunlu\u011fu)<\/td>\n<\/tr>\n<\/tbody>\n<\/table>\n<\/div>\n<\/div>\n<\/div>\n<p>&nbsp;<\/p>\n<p>&nbsp;<\/p>\n<p><a title=\"Tohumlara Geri D\u00f6n\" href=\"https:\/\/alqawafel.com\/tr\/tohumlar\/\">Tohumlara Geri D\u00f6n<\/a><\/p>\n<p><a title=\"Facebook\" href=\"https:\/\/alqawafel.com\/tr\/facebook\/\" target=\"_blank\" rel=\"noopener\">Facebook<\/a><\/p>\n<p><a title=\"Linkedin\" href=\"https:\/\/www.linkedin.com\/company\/alqawafel-ind-agr-co\/\" target=\"_blank\" rel=\"noopener\">Linkedin<\/a><\/p>","protected":false},"excerpt":{"rendered":"<p><span style=\"font-size: 18px\">Patl\u0131can QSEg-801 F1: 250-300 gm parlak siyah obovat meyveleri, saf beyaz \u00e7ekirdeksiz eti ve TMV ve V'ye dayan\u0131kl\u0131l\u0131\u011f\u0131 ile birinci s\u0131n\u0131f bir patl\u0131can \u00e7e\u015fididir.<\/span><\/p>","protected":false},"featured_media":0,"comment_status":"open","ping_status":"closed","template":"","meta":{"om_disable_all_campaigns":false,"_monsterinsights_skip_tracking":false,"_monsterinsights_sitenote_active":false,"_monsterinsights_sitenote_note":"","_monsterinsights_sitenote_category":0},"product_brand":[],"product_cat":[833,237],"product_tag":[866,1276,1280,1277,1278,1101,1279],"class_list":{"0":"post-10765","1":"product","2":"type-product","3":"status-publish","5":"product_cat-eggplant","6":"product_cat-seeds","7":"product_tag-al-qawafel-ind-agr-co","8":"product_tag-classic-eggplant","9":"product_tag-eggplant-qseg-801-f1","10":"product_tag-greenhouse-eggplant","11":"product_tag-open-field-eggplant","12":"product_tag-seeds","13":"product_tag-shiny-black-eggplant","15":"first","16":"instock","17":"shipping-taxable","18":"product-type-simple"},"aioseo_notices":[],"_links":{"self":[{"href":"https:\/\/alqawafel.com\/tr\/wp-json\/wp\/v2\/product\/10765","targetHints":{"allow":["GET"]}}],"collection":[{"href":"https:\/\/alqawafel.com\/tr\/wp-json\/wp\/v2\/product"}],"about":[{"href":"https:\/\/alqawafel.com\/tr\/wp-json\/wp\/v2\/types\/product"}],"replies":[{"embeddable":true,"href":"https:\/\/alqawafel.com\/tr\/wp-json\/wp\/v2\/comments?post=10765"}],"version-history":[{"count":1,"href":"https:\/\/alqawafel.com\/tr\/wp-json\/wp\/v2\/product\/10765\/revisions"}],"predecessor-version":[{"id":10766,"href":"https:\/\/alqawafel.com\/tr\/wp-json\/wp\/v2\/product\/10765\/revisions\/10766"}],"wp:attachment":[{"href":"https:\/\/alqawafel.com\/tr\/wp-json\/wp\/v2\/media?parent=10765"}],"wp:term":[{"taxonomy":"product_brand","embeddable":true,"href":"https:\/\/alqawafel.com\/tr\/wp-json\/wp\/v2\/product_brand?post=10765"},{"taxonomy":"product_cat","embeddable":true,"href":"https:\/\/alqawafel.com\/tr\/wp-json\/wp\/v2\/product_cat?post=10765"},{"taxonomy":"product_tag","embeddable":true,"href":"https:\/\/alqawafel.com\/tr\/wp-json\/wp\/v2\/product_tag?post=10765"}],"curies":[{"name":"wp","href":"https:\/\/api.w.org\/{rel}","templated":true}]}}