{"id":11004,"date":"2024-11-19T07:53:12","date_gmt":"2024-11-19T07:53:12","guid":{"rendered":"https:\/\/alqawafel.com\/?post_type=product&#038;p=11004"},"modified":"2025-06-11T10:11:30","modified_gmt":"2025-06-11T10:11:30","slug":"toxamite-11-sc","status":"publish","type":"product","link":"https:\/\/alqawafel.com\/tr\/product\/toxamite-11-sc\/","title":{"rendered":"Toxamite 11 SC Mitisit"},"content":{"rendered":"<div class=\"flex-shrink-0 flex flex-col relative items-end\">\n<h3>Neden Toxamite 11% SC?<\/h3>\n<p><span style=\"font-size: 18px\">Toxamite 11% SC, yumurta, larva ve nimfler dahil olmak \u00fczere \u00e7e\u015fitli b\u00fcy\u00fcme a\u015famalar\u0131nda akarlar\u0131 kontrol etmek i\u00e7in \u00f6zel olarak tasarlanm\u0131\u015f olduk\u00e7a etkili bir kontakt mitisittir. Deri de\u011fi\u015ftirme s\u00fcrecini engelleyerek, akar pop\u00fclasyonlar\u0131nda \u00f6nemli bir azalma sa\u011flayarak kapsaml\u0131 bir koruma sa\u011flar. Mahsulleri i\u00e7in g\u00fcvenilir akar kontrol\u00fc arayan tar\u0131m uzmanlar\u0131 i\u00e7in ideal bir se\u00e7imdir.<\/span><\/p>\n<h3>Tan\u0131mlama<\/h3>\n<ul>\n<li><span style=\"font-size: 18px\"><strong>Form\u00fclasyon<\/strong>: S\u00fcspansiyon Konsantresi (SC)<\/span><\/li>\n<li><span style=\"font-size: 18px\"><strong>Etken Madde<\/strong>: Etoxazole 11% (w\/v)<\/span><\/li>\n<li><span style=\"font-size: 18px\"><strong>Kimyasal Grup<\/strong>: Difenil Oksazolin<\/span><\/li>\n<li><span style=\"font-size: 18px\"><strong>Etki \u015eekli<\/strong>: \u00c7e\u015fitli ya\u015fam evrelerinde (yumurtalar, larvalar ve nimfler) akarlar\u0131n deri de\u011fi\u015ftirmesini engelleyen kontakt mitisit.<\/span><\/li>\n<\/ul>\n<h3>Toxamite 11% SC'nin \u0130deal Uygulamas\u0131<\/h3>\n<p><span style=\"font-size: 18px\">A\u015fa\u011f\u0131daki \u00fcr\u00fcnler ve zararl\u0131lar \u00fczerinde etkilidir:<\/span><\/p>\n<ul>\n<li><span style=\"font-size: 18px\"><strong>Elma, Armut, Yenid\u00fcnya, Ayva:<\/strong><\/span>\n<ul>\n<li><span style=\"font-size: 18px\"><strong>Zararl\u0131larla M\u00fccadele:<\/strong> K\u0131rm\u0131z\u0131 Akar, Avrupa Akar\u0131<\/span><\/li>\n<\/ul>\n<\/li>\n<li><span style=\"font-size: 18px\"><strong>Turun\u00e7giller (Portakal, Limon, Pomelo, Mandalina):<\/strong><\/span>\n<ul>\n<li><span style=\"font-size: 18px\"><strong>Zararl\u0131larla M\u00fccadele:<\/strong> Akarlar<\/span><\/li>\n<\/ul>\n<\/li>\n<li><span style=\"font-size: 18px\"><strong>Domates, Biber:<\/strong><\/span>\n<ul>\n<li><span style=\"font-size: 18px\"><strong>Zararl\u0131larla M\u00fccadele:<\/strong> \u0130ki Noktal\u0131 \u00d6r\u00fcmcek Akar\u0131<\/span><\/li>\n<\/ul>\n<\/li>\n<li><span style=\"font-size: 18px\"><strong>Muz:<\/strong><\/span>\n<ul>\n<li><span style=\"font-size: 18px\"><strong>Zararl\u0131larla M\u00fccadele:<\/strong> Akarlar<\/span><\/li>\n<\/ul>\n<\/li>\n<\/ul>\n<h3>Kullan\u0131m Oran\u0131:<\/h3>\n<p><span style=\"font-size: 14pt\">200 L su ba\u015f\u0131na 70-100 ml<\/span><\/p>\n<h3>Paketleme<\/h3>\n<ul>\n<li><span style=\"font-size: 18px\"><strong>500 ml<\/strong><\/span><\/li>\n<\/ul>\n<\/div>\n<p><img loading=\"lazy\" decoding=\"async\" class=\"alignnone size-medium wp-image-18566\" src=\"https:\/\/alqawafel.com\/wp-content\/uploads\/2024\/11\/TOXAMITE-11-SC-LOGO-300x300.webp\" alt=\"Toxamite 11 SC kontakt mitisit, yumurta ve nimfler de dahil olmak \u00fczere t\u00fcm b\u00fcy\u00fcme a\u015famalar\u0131nda akarlar\u0131 etkili bir \u015fekilde kontrol ederek kapsaml\u0131 ve g\u00fcvenilir bir \u00fcr\u00fcn korumas\u0131 sunar.\" width=\"300\" height=\"300\" srcset=\"https:\/\/alqawafel.com\/wp-content\/uploads\/2024\/11\/TOXAMITE-11-SC-LOGO-300x300.webp 300w, https:\/\/alqawafel.com\/wp-content\/uploads\/2024\/11\/TOXAMITE-11-SC-LOGO-150x150.webp 150w, https:\/\/alqawafel.com\/wp-content\/uploads\/2024\/11\/TOXAMITE-11-SC-LOGO-768x768.webp 768w, https:\/\/alqawafel.com\/wp-content\/uploads\/2024\/11\/TOXAMITE-11-SC-LOGO.webp 1000w\" sizes=\"auto, (max-width: 300px) 100vw, 300px\" \/><\/p>\n<p>&nbsp;<\/p>","protected":false},"excerpt":{"rendered":"<p><span style=\"font-size: 18px\">Toxamite 11 SC kontakt mitisit, yumurta ve nimfler de dahil olmak \u00fczere t\u00fcm b\u00fcy\u00fcme a\u015famalar\u0131nda akarlar\u0131 etkili bir \u015fekilde kontrol ederek kapsaml\u0131 ve g\u00fcvenilir bir \u00fcr\u00fcn korumas\u0131 sunar.<\/span><\/p>","protected":false},"featured_media":18566,"comment_status":"open","ping_status":"closed","template":"","meta":{"om_disable_all_campaigns":false,"_monsterinsights_skip_tracking":false,"_monsterinsights_sitenote_active":false,"_monsterinsights_sitenote_note":"","_monsterinsights_sitenote_category":0},"product_brand":[],"product_cat":[824,87],"product_tag":[866,1115,1345,845,844,1326],"class_list":{"0":"post-11004","1":"product","2":"type-product","3":"status-publish","4":"has-post-thumbnail","6":"product_cat-miticide","7":"product_cat-pesticides","8":"product_tag-al-qawafel-ind-agr-co","9":"product_tag-contact","10":"product_tag-etoxazole","11":"product_tag-mite","12":"product_tag-miticide","13":"product_tag-toxamite-11-sc","15":"first","16":"instock","17":"shipping-taxable","18":"product-type-simple"},"aioseo_notices":[],"_links":{"self":[{"href":"https:\/\/alqawafel.com\/tr\/wp-json\/wp\/v2\/product\/11004","targetHints":{"allow":["GET"]}}],"collection":[{"href":"https:\/\/alqawafel.com\/tr\/wp-json\/wp\/v2\/product"}],"about":[{"href":"https:\/\/alqawafel.com\/tr\/wp-json\/wp\/v2\/types\/product"}],"replies":[{"embeddable":true,"href":"https:\/\/alqawafel.com\/tr\/wp-json\/wp\/v2\/comments?post=11004"}],"version-history":[{"count":8,"href":"https:\/\/alqawafel.com\/tr\/wp-json\/wp\/v2\/product\/11004\/revisions"}],"predecessor-version":[{"id":18885,"href":"https:\/\/alqawafel.com\/tr\/wp-json\/wp\/v2\/product\/11004\/revisions\/18885"}],"wp:featuredmedia":[{"embeddable":true,"href":"https:\/\/alqawafel.com\/tr\/wp-json\/wp\/v2\/media\/18566"}],"wp:attachment":[{"href":"https:\/\/alqawafel.com\/tr\/wp-json\/wp\/v2\/media?parent=11004"}],"wp:term":[{"taxonomy":"product_brand","embeddable":true,"href":"https:\/\/alqawafel.com\/tr\/wp-json\/wp\/v2\/product_brand?post=11004"},{"taxonomy":"product_cat","embeddable":true,"href":"https:\/\/alqawafel.com\/tr\/wp-json\/wp\/v2\/product_cat?post=11004"},{"taxonomy":"product_tag","embeddable":true,"href":"https:\/\/alqawafel.com\/tr\/wp-json\/wp\/v2\/product_tag?post=11004"}],"curies":[{"name":"wp","href":"https:\/\/api.w.org\/{rel}","templated":true}]}}