{"id":11006,"date":"2024-11-19T08:00:56","date_gmt":"2024-11-19T08:00:56","guid":{"rendered":"https:\/\/alqawafel.com\/?post_type=product&#038;p=11006"},"modified":"2025-09-09T12:32:36","modified_gmt":"2025-09-09T12:32:36","slug":"glyofel-48-sl","status":"publish","type":"product","link":"https:\/\/alqawafel.com\/tr\/product\/glyofel-48-sl\/","title":{"rendered":"Glyofel 48% SL Herbisit"},"content":{"rendered":"<div class=\"flex-shrink-0 flex flex-col relative items-end\">\n<h3><span style=\"font-size: 18pt;\">Neden Glyofel 48% SL?<\/span><\/h3>\n<p><span style=\"font-size: 18px;\">Glyofel48% SL, geni\u015f spektrumlu yabanc\u0131 ot kontrol\u00fc i\u00e7in tasarlanm\u0131\u015f sistemik bir herbisittir. Hem tek y\u0131ll\u0131k hem de \u00e7ok y\u0131ll\u0131k geni\u015f yaprakl\u0131 yabanc\u0131 otlar\u0131 etkili bir \u015fekilde y\u00f6netir, bu da onu tar\u0131m d\u0131\u015f\u0131 arazilerde, meyve a\u011fa\u00e7lar\u0131nda ve \u00fcz\u00fcm alanlar\u0131nda kullan\u0131m i\u00e7in ideal bir se\u00e7im haline getirir. Glyofel 48% SL, \u00e7\u0131k\u0131\u015f sonras\u0131 ve aktif b\u00fcy\u00fcme a\u015famalar\u0131nda yabanc\u0131 otlar\u0131 hedef alma yetene\u011fi ile optimum yabanc\u0131 ot y\u00f6netimi sa\u011flar ve tarlalar\u0131 ekime haz\u0131rlar.<\/span><\/p>\n<h3><span style=\"font-size: 18pt;\">Glyofel 48% SL'nin Tan\u0131mlanmas\u0131<\/span><\/h3>\n<ul>\n<li><span style=\"font-size: 18px;\"><strong>Form\u00fclasyon<\/strong>: \u00c7\u00f6z\u00fcn\u00fcr Konsantre (SL)<\/span><\/li>\n<li><span style=\"font-size: 18px;\"><strong>Etken Madde<\/strong>: Glyphosate-isopropylamine 48% (w\/v)<\/span><\/li>\n<li><span style=\"font-size: 18px;\"><strong>Kimyasal Grup<\/strong>: Fosfonoglisin<\/span><\/li>\n<li><span style=\"font-size: 18px;\"><strong>Etki \u015eekli<\/strong>: Tek ve \u00e7ok y\u0131ll\u0131k yabani otlar\u0131n etkili kontrol\u00fc i\u00e7in sistemik etki.<\/span><\/li>\n<\/ul>\n<h3><span style=\"font-size: 18pt;\">\u0130deal Uygulama<\/span><\/h3>\n<p><span style=\"font-size: 18px;\">A\u015fa\u011f\u0131daki \u00fcr\u00fcnlerde ve listelenen tipik yabanc\u0131 ot hedeflerine sahip alanlarda kullan\u0131lmas\u0131 \u00f6nerilir:<\/span><\/p>\n<h3><span style=\"font-size: 18pt; color: #000000;\">Ekin ve Yabani Ot Kontrol\u00fc:<\/span><\/h3>\n<ul>\n<li><span style=\"font-size: 18px;\"><strong>Meyve A\u011fa\u00e7lar\u0131 ve \u00dcz\u00fcm Tarlalar\u0131<\/strong>: Kontroller <em>\u00c7ok Y\u0131ll\u0131k ve Tek Y\u0131ll\u0131k Yabanc\u0131 Otlar (\u00e7\u0131k\u0131\u015f sonras\u0131 ve aktif b\u00fcy\u00fcme a\u015famas\u0131nda p\u00fcsk\u00fcrtme)<\/em><\/span><\/li>\n<li><span style=\"font-size: 18px;\"><strong>Ekilmemi\u015f Araziler<\/strong>: Kontroller <em>Tek Y\u0131ll\u0131k Yabani Otlar, \u00c7ok Y\u0131ll\u0131k Yabani Otlar<\/em><\/span><\/li>\n<li><span style=\"font-size: 18px;\"><strong>Dikim \u00d6ncesi Tarla Haz\u0131rl\u0131\u011f\u0131<\/strong>: Kontroller <em>\u00c7ok Y\u0131ll\u0131k ve Y\u0131ll\u0131k Yabanc\u0131 Ot.<\/em><\/span><\/li>\n<\/ul>\n<p><span style=\"font-size: 18pt; color: #000000;\"><strong data-start=\"63\" data-end=\"80\">Hedef Otlar:<\/strong><\/span><\/p>\n<ul>\n<li>Ah\u0131r otu, Kanepe otu, Yabani yulaf, Yabani arpa, Knotweed, Dodder, Fare kuyru\u011fu, M\u0131s\u0131r gromwell, Bu\u011fday \u00e7imi, At otu, Johnson otu, Kanarya otu, Bermuda otu, Y\u0131ll\u0131k halfa, K\u00fc\u00e7\u00fck arpa.<\/li>\n<\/ul>\n<p><span style=\"font-size: 18pt; color: #000000;\"><strong data-start=\"279\" data-end=\"296\">Hedef Bitkiler:<\/strong><\/span><\/p>\n<ul>\n<li>Lahana, Brokoli, Karnabahar<\/li>\n<li>Biber, Patl\u0131can<\/li>\n<li>Karpuz, Kavun, Balkaba\u011f\u0131, Kabak<\/li>\n<li>So\u011fan, Sar\u0131msak<\/li>\n<li>Patates<\/li>\n<li>Turp (yaprakl\u0131)<\/li>\n<li>Domates<\/li>\n<li>\u00c7ilekli<\/li>\n<li>Havu\u00e7<\/li>\n<li>Kay\u0131s\u0131, \u015eeftali, Erik, Kiraz, Nektarin<\/li>\n<li>Elma, Armut, Ayva, Yenid\u00fcnya<\/li>\n<\/ul>\n<p><span style=\"font-size: 18pt; color: #000000;\"><strong data-start=\"527\" data-end=\"557\">Optimum Uygulama A\u015famas\u0131:<\/strong><\/span><\/p>\n<ul>\n<li>Yabanc\u0131 otlar 3 yaprakl\u0131 a\u015famada ortaya \u00e7\u0131kt\u0131\u011f\u0131nda, yanal sap olu\u015fumunun ba\u015flang\u0131c\u0131na kadar.<\/li>\n<\/ul>\n<h3>Kullan\u0131m Oran\u0131:<\/h3>\n<p><span style=\"font-size: 14pt;\">200 L su ba\u015f\u0131na 1000 ml<\/span><\/p>\n<h3>Paketleme<\/h3>\n<ul>\n<li><span style=\"font-size: 18px;\"><strong>1 L<\/strong><\/span><\/li>\n<li><strong>5 L<\/strong><\/li>\n<\/ul>\n<p><img loading=\"lazy\" decoding=\"async\" class=\"alignnone size-medium wp-image-18186\" src=\"https:\/\/alqawafel.com\/wp-content\/uploads\/2024\/11\/Glyofel-48-SL-LOGO-300x300.webp\" alt=\"Glyofel 48% SL sistemik herbisit, meyve a\u011fa\u00e7lar\u0131nda, \u00fcz\u00fcm tarlalar\u0131nda ve tar\u0131m d\u0131\u015f\u0131 arazilerde tek ve \u00e7ok y\u0131ll\u0131k yabanc\u0131 otlar\u0131n geni\u015f spektrumlu kontrol\u00fcn\u00fc sa\u011flar.\" width=\"300\" height=\"300\" srcset=\"https:\/\/alqawafel.com\/wp-content\/uploads\/2024\/11\/Glyofel-48-SL-LOGO-300x300.webp 300w, https:\/\/alqawafel.com\/wp-content\/uploads\/2024\/11\/Glyofel-48-SL-LOGO-150x150.webp 150w, https:\/\/alqawafel.com\/wp-content\/uploads\/2024\/11\/Glyofel-48-SL-LOGO-768x768.webp 768w, https:\/\/alqawafel.com\/wp-content\/uploads\/2024\/11\/Glyofel-48-SL-LOGO.webp 1000w\" sizes=\"auto, (max-width: 300px) 100vw, 300px\" \/><\/p>\n<\/div>\n<p>&nbsp;<\/p>","protected":false},"excerpt":{"rendered":"<p><span style=\"font-size: 18px;\">Glyofel 48% SL sistemik herbisit, meyve a\u011fa\u00e7lar\u0131nda, \u00fcz\u00fcm tarlalar\u0131nda ve tar\u0131m d\u0131\u015f\u0131 arazilerde tek ve \u00e7ok y\u0131ll\u0131k yabanc\u0131 otlar\u0131n geni\u015f spektrumlu kontrol\u00fcn\u00fc sa\u011flar.<\/span><\/p>","protected":false},"featured_media":18186,"comment_status":"open","ping_status":"closed","template":"","meta":{"om_disable_all_campaigns":false,"_monsterinsights_skip_tracking":false,"_monsterinsights_sitenote_active":false,"_monsterinsights_sitenote_note":"","_monsterinsights_sitenote_category":0},"product_brand":[],"product_cat":[825,87],"product_tag":[866,1202,1356,1327,1357,1113,1203,1172],"class_list":{"0":"post-11006","1":"product","2":"type-product","3":"status-publish","4":"has-post-thumbnail","6":"product_cat-herbicide","7":"product_cat-pesticides","8":"product_tag-al-qawafel-ind-agr-co","9":"product_tag-annual","10":"product_tag-broad-spectrum","11":"product_tag-glyofel-48-sl","12":"product_tag-glyphosate-isopropylamine","13":"product_tag-herbicide","14":"product_tag-perennial","15":"product_tag-systemic","17":"first","18":"instock","19":"shipping-taxable","20":"product-type-simple"},"aioseo_notices":[],"_links":{"self":[{"href":"https:\/\/alqawafel.com\/tr\/wp-json\/wp\/v2\/product\/11006","targetHints":{"allow":["GET"]}}],"collection":[{"href":"https:\/\/alqawafel.com\/tr\/wp-json\/wp\/v2\/product"}],"about":[{"href":"https:\/\/alqawafel.com\/tr\/wp-json\/wp\/v2\/types\/product"}],"replies":[{"embeddable":true,"href":"https:\/\/alqawafel.com\/tr\/wp-json\/wp\/v2\/comments?post=11006"}],"version-history":[{"count":12,"href":"https:\/\/alqawafel.com\/tr\/wp-json\/wp\/v2\/product\/11006\/revisions"}],"predecessor-version":[{"id":19957,"href":"https:\/\/alqawafel.com\/tr\/wp-json\/wp\/v2\/product\/11006\/revisions\/19957"}],"wp:featuredmedia":[{"embeddable":true,"href":"https:\/\/alqawafel.com\/tr\/wp-json\/wp\/v2\/media\/18186"}],"wp:attachment":[{"href":"https:\/\/alqawafel.com\/tr\/wp-json\/wp\/v2\/media?parent=11006"}],"wp:term":[{"taxonomy":"product_brand","embeddable":true,"href":"https:\/\/alqawafel.com\/tr\/wp-json\/wp\/v2\/product_brand?post=11006"},{"taxonomy":"product_cat","embeddable":true,"href":"https:\/\/alqawafel.com\/tr\/wp-json\/wp\/v2\/product_cat?post=11006"},{"taxonomy":"product_tag","embeddable":true,"href":"https:\/\/alqawafel.com\/tr\/wp-json\/wp\/v2\/product_tag?post=11006"}],"curies":[{"name":"wp","href":"https:\/\/api.w.org\/{rel}","templated":true}]}}