{"id":11012,"date":"2024-11-19T09:34:15","date_gmt":"2024-11-19T09:34:15","guid":{"rendered":"https:\/\/alqawafel.com\/?post_type=product&#038;p=11012"},"modified":"2025-06-11T07:46:05","modified_gmt":"2025-06-11T07:46:05","slug":"unifel-se","status":"publish","type":"product","link":"https:\/\/alqawafel.com\/tr\/product\/unifel-se\/","title":{"rendered":"Unifel-SE Fungisit"},"content":{"rendered":"<div class=\"flex-shrink-0 flex flex-col relative items-end\">\n<h3>Neden Unifel-SE?<\/h3>\n<p><span style=\"font-size: 18px\">Unifel-SE, hem koruyucu hem de iyile\u015ftirici etki sunan olduk\u00e7a etkili bir sistemik fungisittir. Do\u011frudan toprak kaynakl\u0131 patojenleri hedef alarak spor \u00e7imlenmesini ve misel b\u00fcy\u00fcmesini engeller. Bu fungisit, ekimde temel hastal\u0131k kontrol\u00fc sa\u011flar ve b\u00fcy\u00fcme d\u00f6ng\u00fcs\u00fc boyunca mahsul sa\u011fl\u0131\u011f\u0131n\u0131 destekler. Tar\u0131m uzmanlar\u0131, mahsul verimini art\u0131rmak ve mantar hastal\u0131klar\u0131n\u0131 kapsaml\u0131 bir \u015fekilde y\u00f6netmek i\u00e7in bu ilaca g\u00fcvenmektedir.<\/span><\/p>\n<h3>Tan\u0131mlama Unifel-SE<\/h3>\n<ul>\n<li><span style=\"font-size: 18px\"><strong>Form\u00fclasyon<\/strong>: Suspoem\u00fclsiyon (SE)<\/span><\/li>\n<li><span style=\"font-size: 18px\"><strong>Etken Madde<\/strong>: Azoxystrobin 28.2% + Metalaxyl-M 10.9% (w\/w)<\/span><\/li>\n<li><span style=\"font-size: 18px\"><strong>Kimyasal Grup<\/strong>: Strobilurin + Asilalanin<\/span><\/li>\n<li><span style=\"font-size: 18px\"><strong>Etki \u015eekli<\/strong>: Mantar sporlar\u0131n\u0131n \u00e7imlenmesini engelleyen, misel geli\u015fimini kontrol eden ve toprak kaynakl\u0131 patojenlere kar\u015f\u0131 koruyucu ve iyile\u015ftirici \u00f6zelliklere sahip sistemik fungisit.<\/span><\/li>\n<\/ul>\n<h3>\u0130deal Uygulama<\/h3>\n<p><span style=\"font-size: 18px\">Unifel - SE, tipik zararl\u0131 hedefleri listelenen a\u015fa\u011f\u0131daki \u00fcr\u00fcnlerde kullan\u0131lmas\u0131 tavsiye edilir:<\/span><\/p>\n<h3>Mahsul ve Ha\u015fere Kontrol\u00fc:<\/h3>\n<ul>\n<li><span style=\"font-size: 18px\"><strong>Domates, Biber<\/strong>: Kontroller <em>K\u00f6k \u00c7\u00fcr\u00fckl\u00fc\u011f\u00fc, Solgunluk<\/em><\/span><\/li>\n<li><span style=\"font-size: 18px\"><strong>Turpgiller, So\u011fan, Kabakgiller, Yaprakl\u0131 Sebzeler<\/strong>: Kontroller <em>Rhizoctonia, Pythium<\/em><\/span><\/li>\n<li><span style=\"font-size: 18px\"><strong>Tah\u0131llar<\/strong>: Kontroller <em>Fide Yan\u0131kl\u0131\u011f\u0131, K\u00f6k \u00c7\u00fcr\u00fckl\u00fc\u011f\u00fc, Solgunluk<\/em><\/span><\/li>\n<\/ul>\n<h3>Kullan\u0131m Oran\u0131:<\/h3>\n<p><span style=\"font-size: 14pt\">200 L su ba\u015f\u0131na 200-300 ml<\/span><\/p>\n<h3>Paketleme<\/h3>\n<ul>\n<li><span style=\"font-size: 18px\"><strong>500 ml<\/strong><\/span><\/li>\n<\/ul>\n<p><img loading=\"lazy\" decoding=\"async\" class=\"alignnone size-medium wp-image-18576\" src=\"https:\/\/alqawafel.com\/wp-content\/uploads\/2024\/11\/Unifel-SE-LOGO-300x300.webp\" alt=\"Koruyucu ve iyile\u015ftirici etkiye sahip sistemik bir fungisit olan Unifel-SE, toprak kaynakl\u0131 patojenleri ve mantar hastal\u0131klar\u0131n\u0131 etkili bir \u015fekilde y\u00f6netir.\" width=\"300\" height=\"300\" srcset=\"https:\/\/alqawafel.com\/wp-content\/uploads\/2024\/11\/Unifel-SE-LOGO-300x300.webp 300w, https:\/\/alqawafel.com\/wp-content\/uploads\/2024\/11\/Unifel-SE-LOGO-150x150.webp 150w, https:\/\/alqawafel.com\/wp-content\/uploads\/2024\/11\/Unifel-SE-LOGO-768x768.webp 768w, https:\/\/alqawafel.com\/wp-content\/uploads\/2024\/11\/Unifel-SE-LOGO.webp 1000w\" sizes=\"auto, (max-width: 300px) 100vw, 300px\" \/><\/p>\n<\/div>\n<p>&nbsp;<\/p>","protected":false},"excerpt":{"rendered":"<p><span style=\"font-size: 18px\">Koruyucu ve iyile\u015ftirici etkiye sahip sistemik bir fungisit olan Unifel-SE, toprak kaynakl\u0131 patojenleri ve mantar hastal\u0131klar\u0131n\u0131 etkili bir \u015fekilde y\u00f6netir.<\/span><\/p>","protected":false},"featured_media":18576,"comment_status":"open","ping_status":"closed","template":"","meta":{"om_disable_all_campaigns":false,"_monsterinsights_skip_tracking":false,"_monsterinsights_sitenote_active":false,"_monsterinsights_sitenote_note":"","_monsterinsights_sitenote_category":0},"product_brand":[],"product_cat":[823,87],"product_tag":[866,1194,1196,901,1371,1197,1370,1172,1330],"class_list":{"0":"post-11012","1":"product","2":"type-product","3":"status-publish","4":"has-post-thumbnail","6":"product_cat-fungicide","7":"product_cat-pesticides","8":"product_tag-al-qawafel-ind-agr-co","9":"product_tag-azoxystrobin","10":"product_tag-curative","11":"product_tag-fungicide","12":"product_tag-metalaxyl-m","13":"product_tag-protective","14":"product_tag-soil-borne","15":"product_tag-systemic","16":"product_tag-unifel-se","18":"first","19":"instock","20":"shipping-taxable","21":"product-type-simple"},"aioseo_notices":[],"_links":{"self":[{"href":"https:\/\/alqawafel.com\/tr\/wp-json\/wp\/v2\/product\/11012","targetHints":{"allow":["GET"]}}],"collection":[{"href":"https:\/\/alqawafel.com\/tr\/wp-json\/wp\/v2\/product"}],"about":[{"href":"https:\/\/alqawafel.com\/tr\/wp-json\/wp\/v2\/types\/product"}],"replies":[{"embeddable":true,"href":"https:\/\/alqawafel.com\/tr\/wp-json\/wp\/v2\/comments?post=11012"}],"version-history":[{"count":11,"href":"https:\/\/alqawafel.com\/tr\/wp-json\/wp\/v2\/product\/11012\/revisions"}],"predecessor-version":[{"id":18811,"href":"https:\/\/alqawafel.com\/tr\/wp-json\/wp\/v2\/product\/11012\/revisions\/18811"}],"wp:featuredmedia":[{"embeddable":true,"href":"https:\/\/alqawafel.com\/tr\/wp-json\/wp\/v2\/media\/18576"}],"wp:attachment":[{"href":"https:\/\/alqawafel.com\/tr\/wp-json\/wp\/v2\/media?parent=11012"}],"wp:term":[{"taxonomy":"product_brand","embeddable":true,"href":"https:\/\/alqawafel.com\/tr\/wp-json\/wp\/v2\/product_brand?post=11012"},{"taxonomy":"product_cat","embeddable":true,"href":"https:\/\/alqawafel.com\/tr\/wp-json\/wp\/v2\/product_cat?post=11012"},{"taxonomy":"product_tag","embeddable":true,"href":"https:\/\/alqawafel.com\/tr\/wp-json\/wp\/v2\/product_tag?post=11012"}],"curies":[{"name":"wp","href":"https:\/\/api.w.org\/{rel}","templated":true}]}}