{"id":11063,"date":"2024-11-19T11:53:53","date_gmt":"2024-11-19T11:53:53","guid":{"rendered":"https:\/\/alqawafel.com\/?post_type=product&#038;p=11063"},"modified":"2025-06-11T11:14:21","modified_gmt":"2025-06-11T11:14:21","slug":"qaw-24-d-ester","status":"publish","type":"product","link":"https:\/\/alqawafel.com\/tr\/product\/qaw-24-d-ester\/","title":{"rendered":"Qaw 2,4-D Ester 60%EC Herbicide"},"content":{"rendered":"<div class=\"flex-shrink-0 flex flex-col relative items-end\">\n<h3>Why Qaw 2,4-D Ester 60%EC?<\/h3>\n<p><span style=\"font-size: 18px\"><strong>Qaw 2,4-D Ester 60%EC<\/strong> bu\u011fday ve arpa tarlalar\u0131n\u0131n yan\u0131 s\u0131ra meralarda tek ve \u00e7ok y\u0131ll\u0131k geni\u015f yaprakl\u0131 yabani otlar\u0131 etkili bir \u015fekilde kontrol eden sistemik, se\u00e7ici bir herbisittir. Herbisit yapraklara n\u00fcfuz eder, yabanc\u0131 otun i\u00e7inde yer de\u011fi\u015ftirir ve b\u00fcy\u00fcmeyi engellemek i\u00e7in tomurcuklarda ve k\u00f6klerde birikir. Etkili ve uzun s\u00fcreli yabanc\u0131 ot y\u00f6netimi sa\u011flayarak \u00fcr\u00fcnlerin rekabet olmadan b\u00fcy\u00fcmesini sa\u011flar.<\/span><\/p>\n<h3>Tan\u0131mlama<\/h3>\n<ul>\n<li><span style=\"font-size: 18px\"><strong>Form\u00fclasyon<\/strong>: Em\u00fclsifiye Edilebilir Konsantre (EC)<\/span><\/li>\n<li><span style=\"font-size: 18px\"><strong>Etken Madde<\/strong>: 2,4-D Isooctyl Ester 60% (w\/v)<\/span><\/li>\n<li><span style=\"font-size: 18px\"><strong>Kimyasal Grup<\/strong>: Klorofenoksi<\/span><\/li>\n<li><span style=\"font-size: 18px\"><strong>Etki \u015eekli<\/strong>: Sistemik ve se\u00e7ici, yapraklar taraf\u0131ndan emilir, tomurcuklara ve k\u00f6klere ta\u015f\u0131n\u0131r, bir b\u00fcy\u00fcme inhibit\u00f6r\u00fc olarak hareket eder.<\/span><\/li>\n<\/ul>\n<h3>Ideal Application of Qaw 2,4-D Ester 60%EC<\/h3>\n<p><span style=\"font-size: 18px\">Tek y\u0131ll\u0131k ve \u00e7ok y\u0131ll\u0131k geni\u015f yaprakl\u0131 yabani otlar\u0131n kontrol\u00fcnde son derece etkilidir. Kullan\u0131m i\u00e7in tavsiye edilir:<\/span><\/p>\n<ul>\n<li><span style=\"font-size: 18px\"><strong>Bu\u011fday ve Arpa<\/strong>: Optimum \u00fcr\u00fcn b\u00fcy\u00fcmesi i\u00e7in yabani otlardan ar\u0131nd\u0131r\u0131lm\u0131\u015f tarlalar sa\u011flar.<\/span><\/li>\n<li><span style=\"font-size: 18px\"><strong>Meralar<\/strong>: Sa\u011fl\u0131kl\u0131 otlatma alanlar\u0131n\u0131 desteklemek i\u00e7in yabanc\u0131 ot kontrol\u00fcn\u00fc s\u00fcrd\u00fcr\u00fcr.<\/span><\/li>\n<\/ul>\n<h3>Kullan\u0131m Oran\u0131:<\/h3>\n<p><span style=\"font-size: 14pt\">200 L su ba\u015f\u0131na 200 ml g<\/span><\/p>\n<h3>Paketleme<\/h3>\n<ul>\n<li><span style=\"font-size: 18px\"><strong>1 L<\/strong><\/span><\/li>\n<\/ul>\n<p><img loading=\"lazy\" decoding=\"async\" class=\"alignnone size-medium wp-image-18207\" src=\"https:\/\/alqawafel.com\/wp-content\/uploads\/2024\/11\/Qaw-2.4-D-LOGO-300x300.webp\" alt=\"Qaw 2,4-D Ester 60%EC is a systemic herbicide for controlling broadleaf weeds in wheat, barley, and pastures. It ensures effective weed management.\" width=\"300\" height=\"300\" srcset=\"https:\/\/alqawafel.com\/wp-content\/uploads\/2024\/11\/Qaw-2.4-D-LOGO-300x300.webp 300w, https:\/\/alqawafel.com\/wp-content\/uploads\/2024\/11\/Qaw-2.4-D-LOGO-150x150.webp 150w, https:\/\/alqawafel.com\/wp-content\/uploads\/2024\/11\/Qaw-2.4-D-LOGO-768x768.webp 768w, https:\/\/alqawafel.com\/wp-content\/uploads\/2024\/11\/Qaw-2.4-D-LOGO.webp 1000w\" sizes=\"auto, (max-width: 300px) 100vw, 300px\" \/><\/p>\n<\/div>\n<p>&nbsp;<\/p>","protected":false},"excerpt":{"rendered":"<p><span style=\"font-size: 18px\">Qaw 2,4-D Ester 60%EC is a systemic herbicide for controlling broadleaf weeds in wheat, barley, and pastures. It ensures effective weed management.<\/span><\/p>","protected":false},"featured_media":18207,"comment_status":"open","ping_status":"closed","template":"","meta":{"om_disable_all_campaigns":false,"_monsterinsights_skip_tracking":false,"_monsterinsights_sitenote_active":false,"_monsterinsights_sitenote_note":"","_monsterinsights_sitenote_category":0},"product_brand":[],"product_cat":[825,87],"product_tag":[1342,1350,866,1347,1113,1348,1116,1172],"class_list":{"0":"post-11063","1":"product","2":"type-product","3":"status-publish","4":"has-post-thumbnail","6":"product_cat-herbicide","7":"product_cat-pesticides","8":"product_tag-4-d-ester-60-ec","9":"product_tag-4-d-isooctyl-ester","10":"product_tag-al-qawafel-ind-agr-co","11":"product_tag-broadleaf","12":"product_tag-herbicide","13":"product_tag-qaw-2","14":"product_tag-selective","15":"product_tag-systemic","17":"first","18":"instock","19":"shipping-taxable","20":"product-type-simple"},"aioseo_notices":[],"_links":{"self":[{"href":"https:\/\/alqawafel.com\/tr\/wp-json\/wp\/v2\/product\/11063","targetHints":{"allow":["GET"]}}],"collection":[{"href":"https:\/\/alqawafel.com\/tr\/wp-json\/wp\/v2\/product"}],"about":[{"href":"https:\/\/alqawafel.com\/tr\/wp-json\/wp\/v2\/types\/product"}],"replies":[{"embeddable":true,"href":"https:\/\/alqawafel.com\/tr\/wp-json\/wp\/v2\/comments?post=11063"}],"version-history":[{"count":13,"href":"https:\/\/alqawafel.com\/tr\/wp-json\/wp\/v2\/product\/11063\/revisions"}],"predecessor-version":[{"id":18896,"href":"https:\/\/alqawafel.com\/tr\/wp-json\/wp\/v2\/product\/11063\/revisions\/18896"}],"wp:featuredmedia":[{"embeddable":true,"href":"https:\/\/alqawafel.com\/tr\/wp-json\/wp\/v2\/media\/18207"}],"wp:attachment":[{"href":"https:\/\/alqawafel.com\/tr\/wp-json\/wp\/v2\/media?parent=11063"}],"wp:term":[{"taxonomy":"product_brand","embeddable":true,"href":"https:\/\/alqawafel.com\/tr\/wp-json\/wp\/v2\/product_brand?post=11063"},{"taxonomy":"product_cat","embeddable":true,"href":"https:\/\/alqawafel.com\/tr\/wp-json\/wp\/v2\/product_cat?post=11063"},{"taxonomy":"product_tag","embeddable":true,"href":"https:\/\/alqawafel.com\/tr\/wp-json\/wp\/v2\/product_tag?post=11063"}],"curies":[{"name":"wp","href":"https:\/\/api.w.org\/{rel}","templated":true}]}}