{"id":20023,"date":"2026-01-08T09:25:42","date_gmt":"2026-01-08T09:25:42","guid":{"rendered":"https:\/\/alqawafel.com\/?post_type=product&#038;p=20023"},"modified":"2026-01-08T09:31:43","modified_gmt":"2026-01-08T09:31:43","slug":"zincafos-0-61-0-8zn","status":"publish","type":"product","link":"https:\/\/alqawafel.com\/tr\/product\/zincafos-0-61-0-8zn\/","title":{"rendered":"Zincafos 0-61-0 + 8Zn G\u00fcbre"},"content":{"rendered":"<p><span style=\"font-family: arial, helvetica, sans-serif;\"><strong>Neden Zincafos 0-61-0 + 8Zn Se\u00e7melisiniz?<\/strong><\/span><\/p>\n<p><span style=\"font-family: arial, helvetica, sans-serif;\">Zincafos 0-61-0 + 8Zn, y\u00fcksek konsantrasyonda \u00e7inko (8%) ile zenginle\u015ftirilmi\u015f geli\u015fmi\u015f bir s\u0131v\u0131 fosfor g\u00fcbresidir. Hem toprak hem de yapraktan uygulama yoluyla fosfor ve \u00e7inko eksikliklerinin h\u0131zl\u0131 ve etkili bir \u015fekilde d\u00fczeltilmesini sa\u011flamak i\u00e7in tasarlanm\u0131\u015ft\u0131r. Form\u00fclasyon \u00e7i\u00e7eklenmeyi art\u0131r\u0131r, meyve tutumunu iyile\u015ftirir ve bitkinin \u00e7evresel ve fizyolojik strese kar\u015f\u0131 tolerans\u0131n\u0131 g\u00fc\u00e7lendirir.<\/span><\/p>\n<p><span style=\"font-family: arial, helvetica, sans-serif;\"><strong>Temel Avantajlar<\/strong><\/span><\/p>\n<ul>\n<li><span style=\"font-family: arial, helvetica, sans-serif;\"><strong>H\u0131zl\u0131 fosfor ve \u00e7inko kayna\u011f\u0131d\u0131r:<\/strong> Topraktan veya yapraktan uygulama yoluyla fosfor ve \u00e7inko eksikliklerini h\u0131zla d\u00fczeltir.<\/span><\/li>\n<li><span style=\"font-family: arial, helvetica, sans-serif;\"><strong>\u00c7i\u00e7eklenmeyi ve meyve tutumunu art\u0131r\u0131r:<\/strong> \u00c7i\u00e7ek tomurcuklar\u0131n\u0131 g\u00fc\u00e7lendirir ve meyve tutumunu art\u0131rarak daha y\u00fcksek verim ve daha iyi kalite sa\u011flar.<\/span><\/li>\n<li><span style=\"font-family: arial, helvetica, sans-serif;\"><strong>Bitki direncini art\u0131r\u0131r:<\/strong> R\u00fczgar ve so\u011fuk gibi iklimsel streslere kar\u015f\u0131 tolerans\u0131 art\u0131r\u0131r ve bitki savunma mekanizmalar\u0131n\u0131 destekler.<\/span><\/li>\n<li><span style=\"font-family: arial, helvetica, sans-serif;\"><strong>Hayati b\u00fcy\u00fcme s\u00fcre\u00e7lerini destekler:<\/strong> K\u00f6k geli\u015fimini te\u015fvik eder, enerji \u00fcretimini aktive eder ve hem vejetatif hem de \u00fcreme b\u00fcy\u00fcme a\u015famalar\u0131n\u0131 destekler.<\/span><\/li>\n<\/ul>\n<p class=\"translation-block\"><span style=\"font-size: 18px\">Kimyasal Bile\u015fimi<\/span>ition<\/p>\n<ul>\n<li><span style=\"font-family: arial, helvetica, sans-serif;\">Fosfor (P\u2082O\u2085): 61%<\/span><\/li>\n<li><span style=\"font-family: arial, helvetica, sans-serif;\">\u00c7inko (Zn): 8%<\/span><\/li>\n<\/ul>\n<p><span style=\"font-family: arial, helvetica, sans-serif;\"><strong>\u0130deal Uygulama (Hedef Bitkiler)<\/strong><\/span><\/p>\n<ul>\n<li><span style=\"font-family: arial, helvetica, sans-serif;\">Sera sebzeleri<\/span><\/li>\n<li><span style=\"font-family: arial, helvetica, sans-serif;\">A\u00e7\u0131k tarla sebzeleri<\/span><\/li>\n<li><span style=\"font-family: arial, helvetica, sans-serif;\">Meyve a\u011fa\u00e7lar\u0131<\/span><\/li>\n<li><span style=\"font-family: arial, helvetica, sans-serif;\">S\u00fcs bitkileri<\/span><\/li>\n<\/ul>\n<p><span style=\"font-family: arial, helvetica, sans-serif;\"><strong>Uygulama Oran\u0131<\/strong><\/span><\/p>\n<ul>\n<li><span style=\"font-family: arial, helvetica, sans-serif;\"><strong>Sera sebzeleri:<\/strong> 250-500 mL\/sera<\/span><\/li>\n<li><span style=\"font-family: arial, helvetica, sans-serif;\"><strong>A\u00e7\u0131k tarla sebzeleri:<\/strong> 250-500 mL\/dunum<\/span><\/li>\n<li><span style=\"font-family: arial, helvetica, sans-serif;\"><strong>Meyve a\u011fa\u00e7lar\u0131:<\/strong> 25-50 mL\/a\u011fa\u00e7<\/span><\/li>\n<li><span style=\"font-family: arial, helvetica, sans-serif;\"><strong>S\u00fcs bitkileri:<\/strong> 1-2,5 mL\/L su<\/span><\/li>\n<li><span style=\"font-family: arial, helvetica, sans-serif;\"><strong>Genel yapraktan p\u00fcsk\u00fcrtme oran\u0131:<\/strong> 250-500 mL \/ 200 L su<\/span><\/li>\n<\/ul>\n<p><span style=\"font-family: arial, helvetica, sans-serif;\"><strong>Paketleme<\/strong><\/span><\/p>\n<ul>\n<li><span style=\"font-family: arial, helvetica, sans-serif;\">1 L \u015fi\u015fe<\/span><\/li>\n<\/ul>\n<p><img loading=\"lazy\" decoding=\"async\" class=\"size-medium wp-image-20025\" src=\"https:\/\/alqawafel.com\/wp-content\/uploads\/2026\/01\/Zinca-phose-LOGO-300x300.webp\" alt=\"Zincafos 0-61-0 + 8Zn, y\u00fcksek konsantrasyonda \u00e7inko (8%) ile zenginle\u015ftirilmi\u015f geli\u015fmi\u015f bir s\u0131v\u0131 fosfor g\u00fcbresidir.\" width=\"300\" height=\"300\" srcset=\"https:\/\/alqawafel.com\/wp-content\/uploads\/2026\/01\/Zinca-phose-LOGO-300x300.webp 300w, https:\/\/alqawafel.com\/wp-content\/uploads\/2026\/01\/Zinca-phose-LOGO-150x150.webp 150w, https:\/\/alqawafel.com\/wp-content\/uploads\/2026\/01\/Zinca-phose-LOGO-768x768.webp 768w, https:\/\/alqawafel.com\/wp-content\/uploads\/2026\/01\/Zinca-phose-LOGO-12x12.webp 12w, https:\/\/alqawafel.com\/wp-content\/uploads\/2026\/01\/Zinca-phose-LOGO.webp 1000w\" sizes=\"auto, (max-width: 300px) 100vw, 300px\" \/><\/p>","protected":false},"excerpt":{"rendered":"<p><span style=\"font-family: arial, helvetica, sans-serif;\">Zincafos 0-61-0 + 8Zn, y\u00fcksek konsantrasyonda \u00e7inko i\u00e7eren geli\u015fmi\u015f bir s\u0131v\u0131 fosforlu g\u00fcbredir. Fosfor ve \u00e7inkonun h\u0131zl\u0131 bir \u015fekilde d\u00fczeltilmesini sa\u011flar.<\/span><\/p>","protected":false},"featured_media":20025,"comment_status":"open","ping_status":"closed","template":"","meta":{"om_disable_all_campaigns":false,"_monsterinsights_skip_tracking":false,"_monsterinsights_sitenote_active":false,"_monsterinsights_sitenote_note":"","_monsterinsights_sitenote_category":0},"product_brand":[],"product_cat":[50,2137],"product_tag":[],"class_list":{"0":"post-20023","1":"product","2":"type-product","3":"status-publish","4":"has-post-thumbnail","6":"product_cat-fertilizers","7":"product_cat-smart-fertilizers","9":"first","10":"instock","11":"shipping-taxable","12":"product-type-simple"},"aioseo_notices":[],"_links":{"self":[{"href":"https:\/\/alqawafel.com\/tr\/wp-json\/wp\/v2\/product\/20023","targetHints":{"allow":["GET"]}}],"collection":[{"href":"https:\/\/alqawafel.com\/tr\/wp-json\/wp\/v2\/product"}],"about":[{"href":"https:\/\/alqawafel.com\/tr\/wp-json\/wp\/v2\/types\/product"}],"replies":[{"embeddable":true,"href":"https:\/\/alqawafel.com\/tr\/wp-json\/wp\/v2\/comments?post=20023"}],"version-history":[{"count":2,"href":"https:\/\/alqawafel.com\/tr\/wp-json\/wp\/v2\/product\/20023\/revisions"}],"predecessor-version":[{"id":20031,"href":"https:\/\/alqawafel.com\/tr\/wp-json\/wp\/v2\/product\/20023\/revisions\/20031"}],"wp:featuredmedia":[{"embeddable":true,"href":"https:\/\/alqawafel.com\/tr\/wp-json\/wp\/v2\/media\/20025"}],"wp:attachment":[{"href":"https:\/\/alqawafel.com\/tr\/wp-json\/wp\/v2\/media?parent=20023"}],"wp:term":[{"taxonomy":"product_brand","embeddable":true,"href":"https:\/\/alqawafel.com\/tr\/wp-json\/wp\/v2\/product_brand?post=20023"},{"taxonomy":"product_cat","embeddable":true,"href":"https:\/\/alqawafel.com\/tr\/wp-json\/wp\/v2\/product_cat?post=20023"},{"taxonomy":"product_tag","embeddable":true,"href":"https:\/\/alqawafel.com\/tr\/wp-json\/wp\/v2\/product_tag?post=20023"}],"curies":[{"name":"wp","href":"https:\/\/api.w.org\/{rel}","templated":true}]}}