{"id":9860,"date":"2024-11-11T19:19:46","date_gmt":"2024-11-11T19:19:46","guid":{"rendered":"https:\/\/alqawafel.com\/?post_type=product&#038;p=9860"},"modified":"2025-06-11T10:25:46","modified_gmt":"2025-06-11T10:25:46","slug":"spiromit-24-sc","status":"publish","type":"product","link":"https:\/\/alqawafel.com\/tr\/product\/spiromite-24-sc\/","title":{"rendered":"Spiromite 24% SC Mitisit"},"content":{"rendered":"<h3>Neden Spiromite 24% SC?<\/h3>\n<p><span style=\"font-size: 18px\">Spiromite 24% SC, yeti\u015fkin evresi hari\u00e7 t\u00fcm geli\u015fim evrelerinde akarlar\u0131n hedeflenen kontrol\u00fcn\u00fc sa\u011flamak i\u00e7in geli\u015ftirilmi\u015f se\u00e7ici, sistemik olmayan bir mitisittir. Y\u00fcksek etkinlik i\u00e7in tasarlanan Spiromite 24% SC, geni\u015f bir \u00fcr\u00fcn yelpazesini akar istilas\u0131ndan korumak i\u00e7in idealdir. Bu \u00fcr\u00fcn, akar pop\u00fclasyonlar\u0131n\u0131 y\u00f6netmek ve mahsul hasar\u0131n\u0131 \u00f6nlemek i\u00e7in g\u00fcvenilir bir \u00e7\u00f6z\u00fcm arayan tar\u0131m uzmanlar\u0131 i\u00e7in de\u011ferli bir ara\u00e7t\u0131r.<\/span><\/p>\n<h3>Tan\u0131mlama<\/h3>\n<ul>\n<li><span style=\"font-size: 18px\"><strong>Form\u00fclasyon<\/strong>: S\u00fcspansiyon Konsantresi (SC).<\/span><\/li>\n<li><span style=\"font-size: 18px\"><strong>Etken Madde<\/strong>: Spirodiklofen 24% (w\/v).<\/span><\/li>\n<li><span style=\"font-size: 18px\"><strong>Kimyasal Grup<\/strong>: Tetronik Asit.<\/span><\/li>\n<li><span style=\"font-size: 18px\"><strong>Etki \u015eekli<\/strong>: Akar geli\u015fimine m\u00fcdahale ederek, akar b\u00fcy\u00fcmesinin \u00e7e\u015fitli a\u015famalar\u0131nda etkili kontrol sa\u011flar ve mahsul sa\u011fl\u0131\u011f\u0131n\u0131 korur.<\/span><\/li>\n<\/ul>\n<h3>Spiromite 24% SC'nin \u0130deal Uygulamas\u0131<\/h3>\n<p><span style=\"font-size: 18px\">Spiromite-24% SC, listelenen tipik zararl\u0131 hedefleri ile a\u015fa\u011f\u0131daki \u00fcr\u00fcnlerde kullan\u0131lmas\u0131 tavsiye edilir:<\/span><\/p>\n<h4>Mahsuller ve Tipik Zararl\u0131lar:<\/h4>\n<ul>\n<li><span style=\"font-size: 18px\"><strong>Elma, armut, yenid\u00fcnya<\/strong>: Kontroller <em>K\u0131rm\u0131z\u0131 akar, iki benekli \u00f6r\u00fcmcek akar\u0131, \u00f6r\u00fcmcekler, pas.<\/em><\/span><\/li>\n<li><span style=\"font-size: 18px\"><strong>Kay\u0131s\u0131, kiraz (tatl\u0131 ve ek\u015fi), \u015feftali, nektarin<\/strong>: Kontroller <em>K\u0131rm\u0131z\u0131 akar, iki benekli \u00f6r\u00fcmcek akar\u0131, g\u00fcm\u00fc\u015f \u015feftali akar\u0131.<\/em><\/span><\/li>\n<li><span style=\"font-size: 18px\"><strong>Ceviz, badem<\/strong>: Kontroller <em>K\u0131rm\u0131z\u0131 akar, iki benekli \u00f6r\u00fcmcek akar\u0131.<\/em><\/span><\/li>\n<li><span style=\"font-size: 18px\"><strong>Asmalar<\/strong>: Kontroller <em>K\u0131rm\u0131z\u0131 akar, iki benekli \u00f6r\u00fcmcek akar\u0131.<\/em><\/span><\/li>\n<li><span style=\"font-size: 18px\"><strong>Turun\u00e7giller (portakal, limon, pomelo, mandalina)<\/strong>: Kontroller <em>Turun\u00e7gil k\u0131rm\u0131z\u0131 akar\u0131, iki benekli \u00f6r\u00fcmcek akar\u0131, turun\u00e7gil pas\u0131.<\/em><\/span><\/li>\n<\/ul>\n<h3>Kullan\u0131m Oran\u0131:<\/h3>\n<p><span style=\"font-size: 14pt\">200 L su ba\u015f\u0131na 120-150 ml<\/span><\/p>\n<h3>Paketleme<\/h3>\n<ul>\n<li><span style=\"font-size: 18px\"><strong>500 ml<\/strong><\/span><\/li>\n<\/ul>\n<p><img loading=\"lazy\" decoding=\"async\" class=\"alignnone size-medium wp-image-18546\" src=\"https:\/\/alqawafel.com\/wp-content\/uploads\/2024\/11\/Spiromite-24-SC-LOGO-300x300.webp\" alt=\"Spiromite 24% SC Etkili akar kontrol\u00fc i\u00e7in Spirodiclofen i\u00e7eren se\u00e7ici bir mitisit. Elma, narenciye ve daha fazlas\u0131n\u0131 koruyarak t\u00fcm ya\u015fam evrelerindeki akarlar\u0131 hedefler.\" width=\"300\" height=\"300\" srcset=\"https:\/\/alqawafel.com\/wp-content\/uploads\/2024\/11\/Spiromite-24-SC-LOGO-300x300.webp 300w, https:\/\/alqawafel.com\/wp-content\/uploads\/2024\/11\/Spiromite-24-SC-LOGO-150x150.webp 150w, https:\/\/alqawafel.com\/wp-content\/uploads\/2024\/11\/Spiromite-24-SC-LOGO-768x768.webp 768w, https:\/\/alqawafel.com\/wp-content\/uploads\/2024\/11\/Spiromite-24-SC-LOGO.webp 1000w\" sizes=\"auto, (max-width: 300px) 100vw, 300px\" \/><\/p>\n<p>&nbsp;<\/p>","protected":false},"excerpt":{"rendered":"<p><span style=\"font-size: 18px\">Spiromite 24% SC Etkili akar kontrol\u00fc i\u00e7in Spirodiclofen i\u00e7eren se\u00e7ici bir mitisit. Elma, narenciye ve daha fazlas\u0131n\u0131 koruyarak t\u00fcm ya\u015fam evrelerindeki akarlar\u0131 hedefler.<\/span><\/p>","protected":false},"featured_media":18546,"comment_status":"open","ping_status":"closed","template":"","meta":{"om_disable_all_campaigns":false,"_monsterinsights_skip_tracking":false,"_monsterinsights_sitenote_active":false,"_monsterinsights_sitenote_note":"","_monsterinsights_sitenote_category":0},"product_brand":[],"product_cat":[824,87],"product_tag":[866,845,844,843,873],"class_list":{"0":"post-9860","1":"product","2":"type-product","3":"status-publish","4":"has-post-thumbnail","6":"product_cat-miticide","7":"product_cat-pesticides","8":"product_tag-al-qawafel-ind-agr-co","9":"product_tag-mite","10":"product_tag-miticide","11":"product_tag-spirodiclofen","12":"product_tag-spiromite-24-sc","14":"first","15":"instock","16":"shipping-taxable","17":"product-type-simple"},"aioseo_notices":[],"_links":{"self":[{"href":"https:\/\/alqawafel.com\/tr\/wp-json\/wp\/v2\/product\/9860","targetHints":{"allow":["GET"]}}],"collection":[{"href":"https:\/\/alqawafel.com\/tr\/wp-json\/wp\/v2\/product"}],"about":[{"href":"https:\/\/alqawafel.com\/tr\/wp-json\/wp\/v2\/types\/product"}],"replies":[{"embeddable":true,"href":"https:\/\/alqawafel.com\/tr\/wp-json\/wp\/v2\/comments?post=9860"}],"version-history":[{"count":16,"href":"https:\/\/alqawafel.com\/tr\/wp-json\/wp\/v2\/product\/9860\/revisions"}],"predecessor-version":[{"id":18892,"href":"https:\/\/alqawafel.com\/tr\/wp-json\/wp\/v2\/product\/9860\/revisions\/18892"}],"wp:featuredmedia":[{"embeddable":true,"href":"https:\/\/alqawafel.com\/tr\/wp-json\/wp\/v2\/media\/18546"}],"wp:attachment":[{"href":"https:\/\/alqawafel.com\/tr\/wp-json\/wp\/v2\/media?parent=9860"}],"wp:term":[{"taxonomy":"product_brand","embeddable":true,"href":"https:\/\/alqawafel.com\/tr\/wp-json\/wp\/v2\/product_brand?post=9860"},{"taxonomy":"product_cat","embeddable":true,"href":"https:\/\/alqawafel.com\/tr\/wp-json\/wp\/v2\/product_cat?post=9860"},{"taxonomy":"product_tag","embeddable":true,"href":"https:\/\/alqawafel.com\/tr\/wp-json\/wp\/v2\/product_tag?post=9860"}],"curies":[{"name":"wp","href":"https:\/\/api.w.org\/{rel}","templated":true}]}}