{"id":9878,"date":"2024-11-11T20:05:52","date_gmt":"2024-11-11T20:05:52","guid":{"rendered":"https:\/\/alqawafel.com\/?post_type=product&#038;p=9878"},"modified":"2025-06-11T09:32:31","modified_gmt":"2025-06-11T09:32:31","slug":"q-methrin-2-5-ec","status":"publish","type":"product","link":"https:\/\/alqawafel.com\/tr\/product\/q-methrin-2-5-ec\/","title":{"rendered":"Q-Methrin 2.5 EC Halk Sa\u011fl\u0131\u011f\u0131 \u0130nsektisiti"},"content":{"rendered":"<h3>Neden Q-Methrin 2.5 EC?<\/h3>\n<p><span style=\"font-size: 18px\">Q-Methrin 2.5 EC, hem u\u00e7an hem de s\u00fcr\u00fcnen b\u00f6cekleri kontrol etmek i\u00e7in form\u00fcle edilmi\u015f olduk\u00e7a etkili bir halk sa\u011fl\u0131\u011f\u0131 insektisitidir. Sistemik olmayan g\u00fc\u00e7l\u00fc etkisiyle b\u00f6cekleri temas ve sindirim yoluyla etkileyerek sinir sistemlerini bozar ve beslenmelerini engeller. Uzun s\u00fcreli kal\u0131nt\u0131 etkisi, uzun s\u00fcreli ha\u015fere kontrol\u00fc gerektiren alanlar i\u00e7in idealdir ve halk sa\u011fl\u0131\u011f\u0131 uygulamalar\u0131nda kapsaml\u0131 koruma sa\u011flar.<\/span><\/p>\n<h3>Tan\u0131mlama<\/h3>\n<ul>\n<li><span style=\"font-size: 18px\"><strong>Form\u00fclasyon<\/strong>: Em\u00fclsifiye Edilebilir Konsantre (EC).<\/span><\/li>\n<li><span style=\"font-size: 18px\"><strong>Etken Madde<\/strong>: Deltamethrin 2.5% (w\/v).<\/span><\/li>\n<li><span style=\"font-size: 18px\"><strong>Kimyasal Grup<\/strong>: Pyrethroid.<\/span><\/li>\n<li><span style=\"font-size: 18px\"><strong>Etki \u015eekli<\/strong>: Temas ve mide etkisi ile sistemik olmayan, b\u00f6cek aktivitesini ve beslenmeyi kontrol etmek i\u00e7in sinir sistemine etki eder.<\/span><\/li>\n<\/ul>\n<h3>Q-Methrin 2.5 EC'nin \u0130deal Uygulamas\u0131<\/h3>\n<p><span style=\"font-size: 18px\">Kontrol i\u00e7in \u00f6nerilir:<\/span><\/p>\n<ul>\n<li><span style=\"font-size: 18px\"><strong>Ha\u015fereler<\/strong>:<\/span>\n<ul>\n<li><span style=\"font-size: 18px\"><strong>U\u00e7an b\u00f6cekler<\/strong>: Sinekler, sivrisinekler ve di\u011fer u\u00e7an rahats\u0131zl\u0131klar gibi ha\u015fereleri etkili bir \u015fekilde kontrol eder.<\/span><\/li>\n<li><span style=\"font-size: 18px\"><strong>S\u00fcr\u00fcnen b\u00f6cekler<\/strong>: Hamamb\u00f6cekleri, kar\u0131ncalar ve di\u011fer s\u00fcr\u00fcnen b\u00f6cekler gibi ha\u015fereleri hedef al\u0131r.<\/span><\/li>\n<\/ul>\n<\/li>\n<\/ul>\n<h3>Kullan\u0131m Oran\u0131:<\/h3>\n<p><span style=\"font-size: 14pt\">200 L su ba\u015f\u0131na 1150-2200 ml<\/span><\/p>\n<h3>Paketleme<\/h3>\n<ul>\n<li><span style=\"font-size: 18px\"><strong>1 L<\/strong><\/span><\/li>\n<\/ul>\n<p><img loading=\"lazy\" decoding=\"async\" class=\"alignnone size-medium wp-image-18157\" src=\"https:\/\/alqawafel.com\/wp-content\/uploads\/2024\/11\/Q-Methrin-2.5-EC-LOGO-300x300.webp\" alt=\"Q-Methrin 2.5 EC, u\u00e7an ve s\u00fcr\u00fcnen ha\u015fereleri kontrol etmek i\u00e7in Deltamethrin 2.5% i\u00e7eren bir insektisittir. Halk sa\u011fl\u0131\u011f\u0131, kal\u0131c\u0131 rezid\u00fcel koruma sa\u011flar.\" width=\"300\" height=\"300\" srcset=\"https:\/\/alqawafel.com\/wp-content\/uploads\/2024\/11\/Q-Methrin-2.5-EC-LOGO-300x300.webp 300w, https:\/\/alqawafel.com\/wp-content\/uploads\/2024\/11\/Q-Methrin-2.5-EC-LOGO-150x150.webp 150w, https:\/\/alqawafel.com\/wp-content\/uploads\/2024\/11\/Q-Methrin-2.5-EC-LOGO-768x768.webp 768w, https:\/\/alqawafel.com\/wp-content\/uploads\/2024\/11\/Q-Methrin-2.5-EC-LOGO.webp 1000w\" sizes=\"auto, (max-width: 300px) 100vw, 300px\" \/><\/p>","protected":false},"excerpt":{"rendered":"<p><span style=\"font-size: 18px\">Q-Methrin 2.5 EC, u\u00e7an ve s\u00fcr\u00fcnen ha\u015fereleri kontrol etmek i\u00e7in Deltamethrin 2.5% i\u00e7eren bir insektisittir. Halk sa\u011fl\u0131\u011f\u0131, kal\u0131c\u0131 rezid\u00fcel koruma sa\u011flar.<\/span><\/p>","protected":false},"featured_media":18157,"comment_status":"open","ping_status":"closed","template":"","meta":{"om_disable_all_campaigns":false,"_monsterinsights_skip_tracking":false,"_monsterinsights_sitenote_active":false,"_monsterinsights_sitenote_note":"","_monsterinsights_sitenote_category":0},"product_brand":[],"product_cat":[822,87],"product_tag":[866,851,880,841,850,879],"class_list":{"0":"post-9878","1":"product","2":"type-product","3":"status-publish","4":"has-post-thumbnail","6":"product_cat-insecticide","7":"product_cat-pesticides","8":"product_tag-al-qawafel-ind-agr-co","9":"product_tag-deltamethrin","10":"product_tag-flying-insects","11":"product_tag-insecticide","12":"product_tag-public-health","13":"product_tag-q-methrin-2-5-ec","15":"first","16":"instock","17":"shipping-taxable","18":"product-type-simple"},"aioseo_notices":[],"_links":{"self":[{"href":"https:\/\/alqawafel.com\/tr\/wp-json\/wp\/v2\/product\/9878","targetHints":{"allow":["GET"]}}],"collection":[{"href":"https:\/\/alqawafel.com\/tr\/wp-json\/wp\/v2\/product"}],"about":[{"href":"https:\/\/alqawafel.com\/tr\/wp-json\/wp\/v2\/types\/product"}],"replies":[{"embeddable":true,"href":"https:\/\/alqawafel.com\/tr\/wp-json\/wp\/v2\/comments?post=9878"}],"version-history":[{"count":11,"href":"https:\/\/alqawafel.com\/tr\/wp-json\/wp\/v2\/product\/9878\/revisions"}],"predecessor-version":[{"id":18871,"href":"https:\/\/alqawafel.com\/tr\/wp-json\/wp\/v2\/product\/9878\/revisions\/18871"}],"wp:featuredmedia":[{"embeddable":true,"href":"https:\/\/alqawafel.com\/tr\/wp-json\/wp\/v2\/media\/18157"}],"wp:attachment":[{"href":"https:\/\/alqawafel.com\/tr\/wp-json\/wp\/v2\/media?parent=9878"}],"wp:term":[{"taxonomy":"product_brand","embeddable":true,"href":"https:\/\/alqawafel.com\/tr\/wp-json\/wp\/v2\/product_brand?post=9878"},{"taxonomy":"product_cat","embeddable":true,"href":"https:\/\/alqawafel.com\/tr\/wp-json\/wp\/v2\/product_cat?post=9878"},{"taxonomy":"product_tag","embeddable":true,"href":"https:\/\/alqawafel.com\/tr\/wp-json\/wp\/v2\/product_tag?post=9878"}],"curies":[{"name":"wp","href":"https:\/\/api.w.org\/{rel}","templated":true}]}}