{"id":9880,"date":"2024-11-11T20:21:16","date_gmt":"2024-11-11T20:21:16","guid":{"rendered":"https:\/\/alqawafel.com\/?post_type=product&#038;p=9880"},"modified":"2025-06-11T09:29:17","modified_gmt":"2025-06-11T09:29:17","slug":"qwactin-8-4-sc","status":"publish","type":"product","link":"https:\/\/alqawafel.com\/tr\/product\/qwactin-8-4-sc\/","title":{"rendered":"Qwactin 8.4% SC \u0130nsektisit ve Mitisit"},"content":{"rendered":"<h3>Neden Qwactin 8.4% SC?<\/h3>\n<p><span style=\"font-size: 18px\">Qwactin 8.4% SC, akarlar\u0131n ve \u00e7e\u015fitli b\u00f6cek zararl\u0131lar\u0131n\u0131n g\u00fcvenilir kontrol\u00fcn\u00fc sa\u011flayan, translaminar hareketli, olduk\u00e7a etkili bir insektisit ve mitisittir. Hem temas hem de mide etkisi ile hedef zararl\u0131larda felce yol a\u00e7arak h\u0131zl\u0131 ve kapsaml\u0131 bir ha\u015fere y\u00f6netimi sa\u011flar. Akarlara ve yaprak madencilerine kar\u015f\u0131 s\u00fcrekli koruma gerektiren mahsuller i\u00e7in tasarlanm\u0131\u015ft\u0131r ve tar\u0131m profesyonelleri i\u00e7in m\u00fckemmel sonu\u00e7lar sunar.<\/span><\/p>\n<h3>Tan\u0131mlama<\/h3>\n<ul>\n<li><span style=\"font-size: 18px\"><strong>Form\u00fclasyon<\/strong>: S\u00fcspansiyon Konsantresi (SC)<\/span><\/li>\n<li><span style=\"font-size: 18px\"><strong>Etken Madde<\/strong>: Abamectin 8.4% (w\/v)<\/span><\/li>\n<li><span style=\"font-size: 18px\"><strong>Kimyasal Grup<\/strong>: Avermektin<\/span><\/li>\n<li><span style=\"font-size: 18px\"><strong>Etki \u015eekli<\/strong>: S\u0131n\u0131rl\u0131 sistemik aktivite ve translaminar hareket ile temas ve mide etkisi, hedef zararl\u0131larda felce yol a\u00e7ar.<\/span><\/li>\n<\/ul>\n<h3>Qwactin 8.4% SC'nin \u0130deal Uygulamas\u0131<\/h3>\n<p><span style=\"font-size: 18px\">Qwactin 8.4% SC, listelenen tipik zararl\u0131 hedefleri ile a\u015fa\u011f\u0131daki \u00fcr\u00fcnlerde kullan\u0131lmas\u0131 tavsiye edilir:<\/span><\/p>\n<h4><span style=\"font-size: 18px\">Mahsul ve Ha\u015fere Kontrol\u00fc:<\/span><\/h4>\n<ul>\n<li><span style=\"font-size: 18px\"><strong>Domates<\/strong>: Kontroller <em>K\u0131rm\u0131z\u0131 akar<\/em><\/span><\/li>\n<li><span style=\"font-size: 18px\"><strong>Marul, patl\u0131can, kavun, kabak, karpuz, salatal\u0131k, kabak<\/strong>: Kontroller <em>Yaprak madencisi, akarlar<\/em><\/span><\/li>\n<li><span style=\"font-size: 18px\"><strong>Narenciye<\/strong>: Kontroller <em>Yaprak miner, k\u0131rm\u0131z\u0131 akarlar, thrips<\/em><\/span><\/li>\n<li><span style=\"font-size: 18px\"><strong>Armutlar, elmalar<\/strong>: Kontroller <em>K\u0131rm\u0131z\u0131 akar<\/em><\/span><\/li>\n<li><span style=\"font-size: 18px\"><strong>\u00c7ilekli<\/strong>: Kontroller <em>K\u0131rm\u0131z\u0131 akar<\/em><\/span><\/li>\n<li><span style=\"font-size: 18px\"><strong>S\u00fcs Bitkileri<\/strong>: Kontroller <em>Yaprak madencisi, akarlar<\/em><\/span><\/li>\n<li><span style=\"font-size: 18px\"><strong>M\u0131s\u0131r<\/strong>: Kontroller <em>K\u0131rm\u0131z\u0131 akar<\/em><\/span><\/li>\n<li><span style=\"font-size: 18px\"><strong>So\u011fan<\/strong>: Kontroller <em>Yaprak madencisi, thrips<\/em><\/span><\/li>\n<li><span style=\"font-size: 18px\"><strong>Patates<\/strong>: Kontroller <em>Yaprak madencisi<\/em><\/span><\/li>\n<li><span style=\"font-size: 18px\"><strong>Avokado<\/strong>: Kontroller <em>Tripsler<\/em><\/span><\/li>\n<li><span style=\"font-size: 18px\"><strong>Kereviz<\/strong>: Kontroller <em>K\u0131rm\u0131z\u0131 akar<\/em><\/span><\/li>\n<\/ul>\n<h3>Kullan\u0131m Oran\u0131:<\/h3>\n<p><span style=\"font-size: 14pt\">200 L su ba\u015f\u0131na 60-100 ml<\/span><\/p>\n<h3>Paketleme<\/h3>\n<ul>\n<li><span style=\"font-size: 18px\"><strong>1 L<\/strong><\/span><\/li>\n<li><strong>250 ml<\/strong><\/li>\n<\/ul>\n<p><img loading=\"lazy\" decoding=\"async\" class=\"alignnone size-medium wp-image-17971\" src=\"https:\/\/alqawafel.com\/wp-content\/uploads\/2024\/11\/Qwactn-8.4-sc-LOGO-300x300.webp\" alt=\"\" width=\"300\" height=\"300\" srcset=\"https:\/\/alqawafel.com\/wp-content\/uploads\/2024\/11\/Qwactn-8.4-sc-LOGO-300x300.webp 300w, https:\/\/alqawafel.com\/wp-content\/uploads\/2024\/11\/Qwactn-8.4-sc-LOGO-150x150.webp 150w, https:\/\/alqawafel.com\/wp-content\/uploads\/2024\/11\/Qwactn-8.4-sc-LOGO-768x768.webp 768w, https:\/\/alqawafel.com\/wp-content\/uploads\/2024\/11\/Qwactn-8.4-sc-LOGO.webp 1000w\" sizes=\"auto, (max-width: 300px) 100vw, 300px\" \/><\/p>\n<p>&nbsp;<\/p>","protected":false},"excerpt":{"rendered":"<p><span style=\"font-size: 18px\">Qwactin 8.4% SC, akarlar\u0131n ve yaprak madencilerinin kontrol\u00fc i\u00e7in Abamectin 8.4% i\u00e7eren bir insektisit ve mitisittir. H\u0131zl\u0131 ha\u015fere felci ve mahsul korumas\u0131 sa\u011flar.<\/span><\/p>","protected":false},"featured_media":17971,"comment_status":"open","ping_status":"closed","template":"","meta":{"om_disable_all_campaigns":false,"_monsterinsights_skip_tracking":false,"_monsterinsights_sitenote_active":false,"_monsterinsights_sitenote_note":"","_monsterinsights_sitenote_category":0},"product_brand":[],"product_cat":[822,824,87],"product_tag":[852,866,841,845,844,1091],"class_list":{"0":"post-9880","1":"product","2":"type-product","3":"status-publish","4":"has-post-thumbnail","6":"product_cat-insecticide","7":"product_cat-miticide","8":"product_cat-pesticides","9":"product_tag-abamectin","10":"product_tag-al-qawafel-ind-agr-co","11":"product_tag-insecticide","12":"product_tag-mite","13":"product_tag-miticide","14":"product_tag-qwactin-8-4-sc","16":"first","17":"instock","18":"shipping-taxable","19":"product-type-simple"},"aioseo_notices":[],"_links":{"self":[{"href":"https:\/\/alqawafel.com\/tr\/wp-json\/wp\/v2\/product\/9880","targetHints":{"allow":["GET"]}}],"collection":[{"href":"https:\/\/alqawafel.com\/tr\/wp-json\/wp\/v2\/product"}],"about":[{"href":"https:\/\/alqawafel.com\/tr\/wp-json\/wp\/v2\/types\/product"}],"replies":[{"embeddable":true,"href":"https:\/\/alqawafel.com\/tr\/wp-json\/wp\/v2\/comments?post=9880"}],"version-history":[{"count":11,"href":"https:\/\/alqawafel.com\/tr\/wp-json\/wp\/v2\/product\/9880\/revisions"}],"predecessor-version":[{"id":19951,"href":"https:\/\/alqawafel.com\/tr\/wp-json\/wp\/v2\/product\/9880\/revisions\/19951"}],"wp:featuredmedia":[{"embeddable":true,"href":"https:\/\/alqawafel.com\/tr\/wp-json\/wp\/v2\/media\/17971"}],"wp:attachment":[{"href":"https:\/\/alqawafel.com\/tr\/wp-json\/wp\/v2\/media?parent=9880"}],"wp:term":[{"taxonomy":"product_brand","embeddable":true,"href":"https:\/\/alqawafel.com\/tr\/wp-json\/wp\/v2\/product_brand?post=9880"},{"taxonomy":"product_cat","embeddable":true,"href":"https:\/\/alqawafel.com\/tr\/wp-json\/wp\/v2\/product_cat?post=9880"},{"taxonomy":"product_tag","embeddable":true,"href":"https:\/\/alqawafel.com\/tr\/wp-json\/wp\/v2\/product_tag?post=9880"}],"curies":[{"name":"wp","href":"https:\/\/api.w.org\/{rel}","templated":true}]}}