{"id":9898,"date":"2024-11-12T08:25:53","date_gmt":"2024-11-12T08:25:53","guid":{"rendered":"https:\/\/alqawafel.com\/?post_type=product&#038;p=9898"},"modified":"2025-07-09T09:26:20","modified_gmt":"2025-07-09T09:26:20","slug":"an-nebras-16-8-323mgot-e","status":"publish","type":"product","link":"https:\/\/alqawafel.com\/tr\/product\/an-nebras-16-8-323mgot-e\/","title":{"rendered":"AN-Nebras 16-8-32+3MgO+T.E. G\u00fcbre"},"content":{"rendered":"<h3>Neden AN-Nebras 16-8-32+3MgO+T.E.<strong>\u00a0S\u00fcspansiyonlu G\u00fcbre?<\/strong><\/h3>\n<p><span style=\"font-size: 18px;\">AN-Nebras 16-8-32+3MgO+T.E. S\u00fcspansiyon G\u00fcbresi, do\u011frudan uygulamaya haz\u0131r benzersiz, \u00e7\u00f6zelti bazl\u0131 bir form\u00fcl sunar. Sadece azot, fosfor ve potasyum gibi temel besin maddelerini i\u00e7ermekle kalmaz, ayn\u0131 zamanda bu besin maddelerinin h\u0131zla emilmesini sa\u011flar, b\u00f6ylece toprak bile\u015fenleriyle herhangi bir olumsuz etkile\u015fimi \u00f6nler. Sonu\u00e7 olarak, etkinli\u011fine ve tutarl\u0131l\u0131\u011f\u0131na g\u00fcvenebilirsiniz, bu da onu g\u00fc\u00e7l\u00fc bitki b\u00fcy\u00fcmesini desteklemek i\u00e7in g\u00fcvenilir bir se\u00e7im haline getirir.<\/span><\/p>\n<p><span style=\"font-size: 18px;\">Ayr\u0131ca, AN-Nebras y\u00fcksek konsantrasyonda \u015felatl\u0131 iz elementler i\u00e7erir, bu da bitkilerin h\u0131zl\u0131 bir \u015fekilde yan\u0131t vermesini ve g\u00f6zle g\u00f6r\u00fcl\u00fcr b\u00fcy\u00fcme sonu\u00e7lar\u0131 g\u00f6stermesini sa\u011flar. Ek olarak, 2-3 aras\u0131ndaki d\u00fc\u015f\u00fck pH de\u011feri besin emilimini \u00f6nemli \u00f6l\u00e7\u00fcde art\u0131r\u0131r, b\u00f6ylece etkili al\u0131m\u0131 destekler. Ayr\u0131ca, d\u00fc\u015f\u00fck elektrik iletkenli\u011fi (1 gram\/litre \u00e7\u00f6zelti i\u00e7in EC = 1) ozmoz etkisini en aza indirir. Sonu\u00e7 olarak, bitkiye zarar vermeden daha b\u00fcy\u00fck miktarlarda uygulama yapabilir ve b\u00f6ylece her uygulaman\u0131n faydalar\u0131n\u0131 en \u00fcst d\u00fczeye \u00e7\u0131karabilirsiniz. Sonu\u00e7 olarak AN-Nebras, \u00fcr\u00fcnlerinizin optimum b\u00fcy\u00fcme ve sa\u011fl\u0131k i\u00e7in gerekli besinleri almas\u0131n\u0131 sa\u011flar.<\/span><\/p>\n<p><span style=\"font-size: 18px;\">Ayr\u0131ca, AN-Nebras y\u00fcksek suda \u00e7\u00f6z\u00fcn\u00fcrl\u00fc\u011fe sahiptir ve hem makro hem de mikro besin maddelerinin kapsaml\u0131 bir dengesini sa\u011flar. Bu nitelikler birlikte, sadece g\u00fc\u00e7l\u00fc bitki sa\u011fl\u0131\u011f\u0131n\u0131 desteklemekle kalmaz, ayn\u0131 zamanda daha y\u00fcksek verimlilik elde edilmesine katk\u0131da bulunur ve AN-Nebras'\u0131 optimum \u00fcr\u00fcn b\u00fcy\u00fcmesi i\u00e7in m\u00fckemmel bir se\u00e7im haline getirir.<\/span><\/p>\n<h3>Avantajlar<\/h3>\n<ul>\n<li><span style=\"font-size: 18px;\"><strong>Y\u00fcksek Potasyum \u0130\u00e7eri\u011fi<\/strong>: Bu form\u00fcl \u00f6zellikle potasyum a\u00e7\u0131s\u0131ndan zengindir.<\/span><\/li>\n<li><span style=\"font-size: 18px;\"><strong>\u00c7e\u015fitli B\u00fcy\u00fcme A\u015famalar\u0131na Uyarlanabilir<\/strong>: \u00c7ok y\u00f6nl\u00fc besin deste\u011fi sa\u011flayarak farkl\u0131 \u00fcretim a\u015famalar\u0131ndaki bitkiler i\u00e7in kullanabilirsiniz.<\/span><\/li>\n<li><span style=\"font-size: 18px;\"><strong>Tamamen Suda \u00c7\u00f6z\u00fcn\u00fcr<\/strong>: Herhangi bir sulama sistemine zahmetsizce entegre olur, b\u00f6ylece uygulama s\u00fcrecini basitle\u015ftirir.<\/span><\/li>\n<li><span style=\"font-size: 18px;\"><strong>Her t\u00fcr \u00fcr\u00fcn i\u00e7in uygundur<\/strong>: \u00c7ok \u00e7e\u015fitli tar\u0131msal ihtiya\u00e7lar\u0131 kapsayan tarla bitkileri, a\u011fa\u00e7lar, sebzeler ve s\u00fcs bitkileri ile kullan\u0131m i\u00e7in onaylanm\u0131\u015ft\u0131r.<\/span><\/li>\n<li><span style=\"font-size: 18px;\"><strong>Esnek Uygulama Se\u00e7enekleri<\/strong>: Hem yaprak hem de toprak uygulamalar\u0131 i\u00e7in uygundur, bu da onu \u00e7e\u015fitli mahsul gereksinimlerine uyarlanabilir hale getirir.<\/span><\/li>\n<\/ul>\n<h3><strong>AN-Nebras 16-8-32+3MgO+T.E. <\/strong>Kimyasal Bile\u015fim<\/h3>\n<ul>\n<li><span style=\"font-size: 18px;\"><strong>Birincil Besin Maddeleri<\/strong>: Azot (N 16%), Fosfor (P\u2082O\u2085 8%), Potasyum (K\u2082O 32%) ve Magnezyum (MgO)<\/span><\/li>\n<li><span style=\"font-size: 18px;\"><strong>\u0130kincil Unsurlar<\/strong>: S\u00fclf\u00fcr (S) ve Kalsiyum Oksit (CaO)<\/span><\/li>\n<li><span style=\"font-size: 18px;\"><strong>\u015eelatl\u0131 Eser Elementler<\/strong>: Demir (Fe), \u00c7inko (Zn), Manganez (Mn), Bak\u0131r (Cu) ve Bor (B) EDTA ve Sitrik Asit ile dikkatli bir \u015fekilde stabilize edilmi\u015f, b\u00f6ylece daha iyi besin al\u0131m\u0131 i\u00e7in biyoyararlan\u0131mlar\u0131 art\u0131r\u0131lm\u0131\u015ft\u0131r.<\/span><\/li>\n<li><span style=\"font-size: 18px;\"><strong>\u0130lave Katk\u0131 Maddeleri<\/strong>: Tiamin, Riboflavin, Piridoksin ve Nikotinamid gibi temel vitaminlerin yan\u0131 s\u0131ra bitki sa\u011fl\u0131\u011f\u0131n\u0131 ve canl\u0131l\u0131\u011f\u0131n\u0131 daha da art\u0131ran organik asitlerle zenginle\u015ftirilmi\u015ftir.<\/span><\/li>\n<li><span style=\"font-size: 18px;\"><strong>Klor\u00fcrs\u00fcz<\/strong>: Tuz stresini \u00f6nlemeye yard\u0131mc\u0131 olan ve ideal bir b\u00fcy\u00fcme ortam\u0131 yaratan klor\u00fcr olmadan tasarlanm\u0131\u015ft\u0131r.<\/span><\/li>\n<\/ul>\n<h3>\u0130deal Uygulama<\/h3>\n<p><strong><span style=\"font-size: 18px;\">AN-Nebras 16-8-32+3MgO+T.E. Toprak ve Yapraktan Uygulama i\u00e7in \u00f6nerilir:<\/span><\/strong><\/p>\n<ol>\n<li><span style=\"font-size: 18px;\">Sera Sebzeleri<\/span><\/li>\n<li><span style=\"font-size: 18px;\">A\u00e7\u0131k Tarla Sebzeleri<\/span><\/li>\n<li><span style=\"font-size: 18px;\">Meyve A\u011fa\u00e7lar\u0131<\/span><\/li>\n<li><span style=\"font-size: 18px;\">Tarla Bitkileri.<\/span><\/li>\n<li><span style=\"font-size: 14pt;\">S\u00fcs Bitkileri.<\/span><\/li>\n<\/ol>\n<h3>Ba\u015fvuru Oranlar\u0131<\/h3>\n<h4 data-start=\"168\" data-end=\"200\"><strong data-start=\"174\" data-end=\"200\">Sera Sebzeleri<\/strong><\/h4>\n<ul data-start=\"201\" data-end=\"391\">\n<li data-start=\"201\" data-end=\"331\">\n<p data-start=\"203\" data-end=\"331\"><strong data-start=\"203\" data-end=\"224\">Toprak Uygulamas\u0131:<\/strong><br data-start=\"224\" data-end=\"227\" \/>Ev ba\u015f\u0131na 1,5 L (500 m\u00b2) ekimden 30-40 g\u00fcne kadar<br data-start=\"281\" data-end=\"284\" \/>\u0130leri a\u015famalarda ev ba\u015f\u0131na 2-4 L (500 m\u00b2)<\/p>\n<\/li>\n<li data-start=\"332\" data-end=\"391\">\n<p data-start=\"334\" data-end=\"391\"><strong data-start=\"334\" data-end=\"357\">Yapraktan Uygulama:<\/strong><br data-start=\"357\" data-end=\"360\" \/>200 L su ba\u015f\u0131na 300-400 ml<\/p>\n<\/li>\n<\/ul>\n<h4 data-start=\"398\" data-end=\"430\"><strong data-start=\"404\" data-end=\"430\">A\u00e7\u0131k Alan Sebzeleri<\/strong><\/h4>\n<ul data-start=\"431\" data-end=\"538\">\n<li data-start=\"431\" data-end=\"478\">\n<p data-start=\"433\" data-end=\"478\"><strong data-start=\"433\" data-end=\"454\">Toprak Uygulamas\u0131:<\/strong><br data-start=\"454\" data-end=\"457\" \/>1000 m\u00b2 ba\u015f\u0131na 2-4 L<\/p>\n<\/li>\n<li data-start=\"479\" data-end=\"538\">\n<p data-start=\"481\" data-end=\"538\"><strong data-start=\"481\" data-end=\"504\">Yapraktan Uygulama:<\/strong><br data-start=\"504\" data-end=\"507\" \/>200 L su ba\u015f\u0131na 400-500 ml<\/p>\n<\/li>\n<\/ul>\n<h4 data-start=\"545\" data-end=\"567\"><strong data-start=\"551\" data-end=\"567\">Meyve A\u011fa\u00e7lar\u0131<\/strong><\/h4>\n<ul data-start=\"568\" data-end=\"717\">\n<li data-start=\"568\" data-end=\"656\">\n<p data-start=\"570\" data-end=\"656\"><strong data-start=\"570\" data-end=\"591\">Toprak Uygulamas\u0131:<\/strong><br data-start=\"591\" data-end=\"594\" \/>B\u00fcy\u00fcme ba\u015flang\u0131c\u0131ndan meyve verene kadar 1000 m\u00b2 ba\u015f\u0131na 1,25 L<\/p>\n<\/li>\n<li data-start=\"657\" data-end=\"717\">\n<p data-start=\"659\" data-end=\"717\"><strong data-start=\"659\" data-end=\"682\">Yapraktan Uygulama:<\/strong><br data-start=\"682\" data-end=\"685\" \/>200 L su ba\u015f\u0131na 500-1000 ml<\/p>\n<\/li>\n<\/ul>\n<h3>Paketleme<\/h3>\n<p><span style=\"font-size: 18px;\">AN-Nebras 16-8-32+3MgO+T.E. \u015eu \u00fcr\u00fcnlerde mevcuttur <strong>1 kg, 5 kg ve 20 kg'l\u0131k torbalar<\/strong> \u00e7ok y\u00f6nl\u00fc kullan\u0131m i\u00e7in.<\/span><\/p>\n<p><img loading=\"lazy\" decoding=\"async\" class=\"alignnone size-medium wp-image-16985\" src=\"https:\/\/alqawafel.com\/wp-content\/uploads\/2024\/11\/NPK-16-8-32-300x300.webp\" alt=\"AN-Nebras 16-8-32+3MgO+T.E.\" width=\"300\" height=\"300\" srcset=\"https:\/\/alqawafel.com\/wp-content\/uploads\/2024\/11\/NPK-16-8-32-300x300.webp 300w, https:\/\/alqawafel.com\/wp-content\/uploads\/2024\/11\/NPK-16-8-32-150x150.webp 150w, https:\/\/alqawafel.com\/wp-content\/uploads\/2024\/11\/NPK-16-8-32-768x768.webp 768w, https:\/\/alqawafel.com\/wp-content\/uploads\/2024\/11\/NPK-16-8-32.webp 1000w\" sizes=\"auto, (max-width: 300px) 100vw, 300px\" \/><\/p>","protected":false},"excerpt":{"rendered":"<p><span style=\"font-size: 18px;\">AN-Nebras 16-8-32+3MgO+T.E., \u00e7e\u015fitli bitki b\u00fcy\u00fcme a\u015famalar\u0131 i\u00e7in m\u00fckemmel, verimli besin emilimine sahip, y\u00fcksek potasyum bile\u015fimli bir S\u00fcspansiyon G\u00fcbresidir.<\/span><\/p>","protected":false},"featured_media":16985,"comment_status":"open","ping_status":"closed","template":"","meta":{"om_disable_all_campaigns":false,"_monsterinsights_skip_tracking":false,"_monsterinsights_sitenote_active":false,"_monsterinsights_sitenote_note":"","_monsterinsights_sitenote_category":0},"product_brand":[2215],"product_cat":[50,2133],"product_tag":[866,867,463,881,872,871,863],"class_list":{"0":"post-9898","1":"product","2":"type-product","3":"status-publish","4":"has-post-thumbnail","6":"product_brand-an-nebras","7":"product_cat-fertilizers","8":"product_cat-suspension-fertilizers","9":"product_tag-al-qawafel-ind-agr-co","10":"product_tag-an-nebras-16-8-323mgot-e","11":"product_tag-fertilizer","12":"product_tag-high-potassium","13":"product_tag-nutrient-uptake","14":"product_tag-suspension-fertilizer","15":"product_tag-water-soluble","17":"first","18":"instock","19":"shipping-taxable","20":"product-type-simple"},"aioseo_notices":[],"_links":{"self":[{"href":"https:\/\/alqawafel.com\/tr\/wp-json\/wp\/v2\/product\/9898","targetHints":{"allow":["GET"]}}],"collection":[{"href":"https:\/\/alqawafel.com\/tr\/wp-json\/wp\/v2\/product"}],"about":[{"href":"https:\/\/alqawafel.com\/tr\/wp-json\/wp\/v2\/types\/product"}],"replies":[{"embeddable":true,"href":"https:\/\/alqawafel.com\/tr\/wp-json\/wp\/v2\/comments?post=9898"}],"version-history":[{"count":17,"href":"https:\/\/alqawafel.com\/tr\/wp-json\/wp\/v2\/product\/9898\/revisions"}],"predecessor-version":[{"id":19297,"href":"https:\/\/alqawafel.com\/tr\/wp-json\/wp\/v2\/product\/9898\/revisions\/19297"}],"wp:featuredmedia":[{"embeddable":true,"href":"https:\/\/alqawafel.com\/tr\/wp-json\/wp\/v2\/media\/16985"}],"wp:attachment":[{"href":"https:\/\/alqawafel.com\/tr\/wp-json\/wp\/v2\/media?parent=9898"}],"wp:term":[{"taxonomy":"product_brand","embeddable":true,"href":"https:\/\/alqawafel.com\/tr\/wp-json\/wp\/v2\/product_brand?post=9898"},{"taxonomy":"product_cat","embeddable":true,"href":"https:\/\/alqawafel.com\/tr\/wp-json\/wp\/v2\/product_cat?post=9898"},{"taxonomy":"product_tag","embeddable":true,"href":"https:\/\/alqawafel.com\/tr\/wp-json\/wp\/v2\/product_tag?post=9898"}],"curies":[{"name":"wp","href":"https:\/\/api.w.org\/{rel}","templated":true}]}}