{"id":9997,"date":"2024-11-13T07:28:56","date_gmt":"2024-11-13T07:28:56","guid":{"rendered":"https:\/\/alqawafel.com\/?post_type=product&#038;p=9997"},"modified":"2025-07-20T12:09:29","modified_gmt":"2025-07-20T12:09:29","slug":"an-nebras-24-24-18t-e","status":"publish","type":"product","link":"https:\/\/alqawafel.com\/tr\/product\/an-nebras-24-24-18t-e\/","title":{"rendered":"AN-Nebras 24-24-18+T.E. G\u00fcbre"},"content":{"rendered":"<h3>Neden AN-Nebras 24-24-18+T.E. S\u00fcspansiyon G\u00fcbresini Se\u00e7melisiniz?<\/h3>\n<p><span style=\"font-size: 18px;\">AN-Nebras 24-24-18+T.E. S\u00fcspansiyon G\u00fcbresi, maksimum bitki besin maddesi emilimi i\u00e7in \u00f6zel olarak tasarlanm\u0131\u015f kullan\u0131\u015fl\u0131, kullan\u0131ma haz\u0131r bir s\u0131v\u0131 form\u00fclasyon sunar. \u00d6zenle haz\u0131rlanm\u0131\u015f organik bile\u015fik kar\u0131\u015f\u0131m\u0131 ile bu g\u00fcbre sadece azot, fosfor ve potasyum gibi temel besinleri sa\u011flamakla kalmaz, ayn\u0131 zamanda bu elementlerin toprakla herhangi bir yan reaksiyona neden olmadan kolayca emilmesini sa\u011flar.<\/span><\/p>\n<p><span style=\"font-size: 18px;\">Ayr\u0131ca, AN-Nebras y\u00fcksek oranda \u015felatl\u0131 iz elementler i\u00e7erir ve bu elementler bitkiler taraf\u0131ndan h\u0131zla emilerek g\u00f6zle g\u00f6r\u00fcl\u00fcr b\u00fcy\u00fcme tepkilerine yol a\u00e7ar. Ek olarak, g\u00fcbrenin pH'\u0131 2 ila 3 aras\u0131nda de\u011fi\u015fti\u011finden, \u00e7e\u015fitli toprak t\u00fcrlerinde besin al\u0131m\u0131n\u0131 etkili bir \u015fekilde art\u0131r\u0131r.<\/span><\/p>\n<p><span style=\"font-size: 18px;\">Ayr\u0131ca, d\u00fc\u015f\u00fck elektrik iletkenli\u011fi (1 g\/litre i\u00e7in EC = 1) ozmoz s\u00fcrecini azaltarak daha b\u00fcy\u00fck uygulamalar kullan\u0131ld\u0131\u011f\u0131nda bile bitkilerin tam olarak faydalanmas\u0131n\u0131 sa\u011flar. Son olarak, s\u00fcspansiyon suda y\u00fcksek oranda \u00e7\u00f6z\u00fcn\u00fcr ve sa\u011fl\u0131kl\u0131 b\u00fcy\u00fcmeyi desteklemek i\u00e7in gerekli mikro ve makro elementlerin verimli bir \u015fekilde da\u011f\u0131t\u0131lmas\u0131n\u0131 sa\u011flar.<\/span><\/p>\n<h3>Avantajlar<\/h3>\n<ul>\n<li><span style=\"font-size: 18px;\"><strong>Temel Besinler A\u00e7\u0131s\u0131ndan Zengindir:<\/strong> Her a\u015famada bitki b\u00fcy\u00fcmesini destekleyen t\u00fcm temel besinleri sa\u011flar.<\/span><\/li>\n<li><span style=\"font-size: 18px;\"><strong>B\u00fcy\u00fcme A\u015famas\u0131 Uyumlulu\u011fu:<\/strong> Farkl\u0131 b\u00fcy\u00fcme a\u015famalar\u0131ndaki bitkiler i\u00e7in idealdir ve ya\u015fam d\u00f6ng\u00fcs\u00fc boyunca sa\u011flam destek sa\u011flar.<\/span><\/li>\n<li><span style=\"font-size: 18px;\"><strong>Tam Suda \u00c7\u00f6z\u00fcn\u00fcrl\u00fck:<\/strong> Tamamen suda \u00e7\u00f6z\u00fcn\u00fcr ve sorunsuz uygulama i\u00e7in t\u00fcm sulama sistemleriyle uyumludur.<\/span><\/li>\n<li><span style=\"font-size: 18px;\"><strong>Her t\u00fcrl\u00fc \u00fcr\u00fcn i\u00e7in uygundur:<\/strong> Tarla bitkileri, a\u011fa\u00e7lar, sebzeler ve s\u00fcs bitkileri i\u00e7in m\u00fckemmeldir ve \u00e7ok y\u00f6nl\u00fcl\u00fc\u011f\u00fc en \u00fcst d\u00fczeye \u00e7\u0131kar\u0131r.<\/span><\/li>\n<li><span style=\"font-size: 18px;\"><strong>\u00c7ift Uygulama Verimlili\u011fi:<\/strong> Hem yaprak hem de toprak uygulamalar\u0131 i\u00e7in uygundur, bu da onu farkl\u0131 ihtiya\u00e7lar i\u00e7in olduk\u00e7a esnek hale getirir.<\/span><\/li>\n<\/ul>\n<h3>AN-Nebras 24-24-18+T.E. Kimyasal Bile\u015fimi<\/h3>\n<ul>\n<li><span style=\"font-size: 18px;\"><strong>Birincil Besinler:<\/strong> Azot (N 24%), Fosfor (P\u2082O\u2085 24%), Potasyum (K\u2082O 18%).<\/span><\/li>\n<li><span style=\"font-size: 18px;\"><strong>\u0130kincil Besinler:<\/strong> Magnezyum (MgO), S\u00fclf\u00fcr (S), Kalsiyum Oksit (CaO).<\/span><\/li>\n<li><span style=\"font-size: 18px;\"><strong>Mikro besinler:<\/strong> Demir (Fe) (EDTA sitrik asit \u015felatl\u0131), \u00c7inko (Zn) (EDTA sitrik asit \u015felatl\u0131), Manganez (Mn) (EDTA sitrik asit \u015felatl\u0131), Bak\u0131r (Cu) (EDTA sitrik asit \u015felatl\u0131), Bor (B).<\/span><\/li>\n<li><span style=\"font-size: 18px;\"><strong>Katk\u0131 maddeleri:<\/strong> Tiamin, Riboflavin, Piridoksin, Nikotinamid, Organik Asitler.<\/span><\/li>\n<li><span style=\"font-size: 18px;\"><strong>Klor\u00fcr i\u00e7ermez:<\/strong> Toprak sa\u011fl\u0131\u011f\u0131n\u0131 ve bitki g\u00fcvenli\u011fini sa\u011flar.<\/span><\/li>\n<\/ul>\n<h3>\u0130deal Uygulama<\/h3>\n<p><span style=\"font-size: 18px;\">AN-Nebras 24-24-18+T.E. \u00e7e\u015fitli \u00fcr\u00fcn t\u00fcrlerinde hem toprak hem de yaprak uygulamalar\u0131 i\u00e7in tavsiye edilir:<\/span><\/p>\n<ol>\n<li><span style=\"font-size: 18px;\">Sera sebzeleri.<\/span><\/li>\n<li><span style=\"font-size: 18px;\">A\u00e7\u0131k tarla sebzeleri.<\/span><\/li>\n<li><span style=\"font-size: 18px;\">Meyve a\u011fa\u00e7lar\u0131.<\/span><\/li>\n<li><span style=\"font-size: 14pt;\">Tarla Bitkileri.<\/span><\/li>\n<li><span style=\"font-size: 14pt;\">S\u00fcs Bitkileri.<\/span><\/li>\n<\/ol>\n<h3>Ba\u015fvuru Oranlar\u0131<\/h3>\n<h4 data-start=\"168\" data-end=\"200\"><strong data-start=\"174\" data-end=\"200\">Sera Sebzeleri<\/strong><\/h4>\n<ul data-start=\"201\" data-end=\"391\">\n<li data-start=\"201\" data-end=\"331\">\n<p data-start=\"203\" data-end=\"331\"><strong data-start=\"203\" data-end=\"224\">Toprak Uygulamas\u0131:<\/strong><br data-start=\"224\" data-end=\"227\" \/>Ev ba\u015f\u0131na 1,5 L (500 m\u00b2) ekimden 30-40 g\u00fcne kadar<br data-start=\"281\" data-end=\"284\" \/>\u0130leri a\u015famalarda ev ba\u015f\u0131na 2-4 L (500 m\u00b2)<\/p>\n<\/li>\n<li data-start=\"332\" data-end=\"391\">\n<p data-start=\"334\" data-end=\"391\"><strong data-start=\"334\" data-end=\"357\">Yapraktan Uygulama:<\/strong><br data-start=\"357\" data-end=\"360\" \/>200 L su ba\u015f\u0131na 300-400 ml<\/p>\n<\/li>\n<\/ul>\n<h4 data-start=\"398\" data-end=\"430\"><strong data-start=\"404\" data-end=\"430\">A\u00e7\u0131k Alan Sebzeleri<\/strong><\/h4>\n<ul data-start=\"431\" data-end=\"538\">\n<li data-start=\"431\" data-end=\"478\">\n<p data-start=\"433\" data-end=\"478\"><strong data-start=\"433\" data-end=\"454\">Toprak Uygulamas\u0131:<\/strong><br data-start=\"454\" data-end=\"457\" \/>1000 m\u00b2 ba\u015f\u0131na 2-4 L<\/p>\n<\/li>\n<li data-start=\"479\" data-end=\"538\">\n<p data-start=\"481\" data-end=\"538\"><strong data-start=\"481\" data-end=\"504\">Yapraktan Uygulama:<\/strong><br data-start=\"504\" data-end=\"507\" \/>200 L su ba\u015f\u0131na 400-500 ml<\/p>\n<\/li>\n<\/ul>\n<h4 data-start=\"545\" data-end=\"567\"><strong data-start=\"551\" data-end=\"567\">Meyve A\u011fa\u00e7lar\u0131<\/strong><\/h4>\n<ul data-start=\"568\" data-end=\"717\">\n<li data-start=\"568\" data-end=\"656\">\n<p data-start=\"570\" data-end=\"656\"><strong data-start=\"570\" data-end=\"591\">Toprak Uygulamas\u0131:<\/strong><br data-start=\"591\" data-end=\"594\" \/>B\u00fcy\u00fcme ba\u015flang\u0131c\u0131ndan meyve verene kadar 1000 m\u00b2 ba\u015f\u0131na 1,25 L<\/p>\n<\/li>\n<li data-start=\"657\" data-end=\"717\">\n<p data-start=\"659\" data-end=\"717\"><strong data-start=\"659\" data-end=\"682\">Yapraktan Uygulama:<\/strong><br data-start=\"682\" data-end=\"685\" \/>200 L su ba\u015f\u0131na 500-1000 ml<\/p>\n<\/li>\n<\/ul>\n<h3>Paketleme<\/h3>\n<p><span style=\"font-size: 18px;\">1 kg, 5 kg ve 20 kg'l\u0131k torbalarda mevcut olan AN-Nebras 24-24-18+T.E., k\u00fc\u00e7\u00fck \u00f6l\u00e7ekli \u00e7iftliklerden b\u00fcy\u00fck tar\u0131m i\u015fletmelerine kadar her b\u00fcy\u00fckl\u00fckteki operasyona hitap eden se\u00e7enekler sunar.<\/span><\/p>\n<p><img loading=\"lazy\" decoding=\"async\" class=\"alignnone size-medium wp-image-16965\" src=\"https:\/\/alqawafel.com\/wp-content\/uploads\/2024\/11\/NPK-24-24-18-300x300.webp\" alt=\"AN-Nebras 24-24-18+T.E. \" width=\"300\" height=\"300\" \/><\/p>","protected":false},"excerpt":{"rendered":"<p><span style=\"font-size: 18px;\">AN-Nebras 24-24-18+T.E. S\u00fcspansiyon Bile\u015fik G\u00fcbre, \u00e7e\u015fitli \u00fcr\u00fcnler i\u00e7in m\u00fckemmel, temel iz elementleri i\u00e7eren dengeli bir besin maddesidir.<\/span><\/p>","protected":false},"featured_media":0,"comment_status":"open","ping_status":"closed","template":"","meta":{"om_disable_all_campaigns":false,"_monsterinsights_skip_tracking":false,"_monsterinsights_sitenote_active":false,"_monsterinsights_sitenote_note":"","_monsterinsights_sitenote_category":0},"product_brand":[2215],"product_cat":[50,2133],"product_tag":[866,1983,886,463,885,871,887],"class_list":{"0":"post-9997","1":"product","2":"type-product","3":"status-publish","5":"product_brand-an-nebras","6":"product_cat-fertilizers","7":"product_cat-suspension-fertilizers","8":"product_tag-al-qawafel-ind-agr-co","9":"product_tag-an-nebras-24-24-18t-e","10":"product_tag-balanced-nutrients","11":"product_tag-fertilizer","12":"product_tag-high-absorption","13":"product_tag-suspension-fertilizer","14":"product_tag-versatile-application","16":"first","17":"instock","18":"shipping-taxable","19":"product-type-simple"},"aioseo_notices":[],"_links":{"self":[{"href":"https:\/\/alqawafel.com\/tr\/wp-json\/wp\/v2\/product\/9997","targetHints":{"allow":["GET"]}}],"collection":[{"href":"https:\/\/alqawafel.com\/tr\/wp-json\/wp\/v2\/product"}],"about":[{"href":"https:\/\/alqawafel.com\/tr\/wp-json\/wp\/v2\/types\/product"}],"replies":[{"embeddable":true,"href":"https:\/\/alqawafel.com\/tr\/wp-json\/wp\/v2\/comments?post=9997"}],"version-history":[{"count":10,"href":"https:\/\/alqawafel.com\/tr\/wp-json\/wp\/v2\/product\/9997\/revisions"}],"predecessor-version":[{"id":19444,"href":"https:\/\/alqawafel.com\/tr\/wp-json\/wp\/v2\/product\/9997\/revisions\/19444"}],"wp:attachment":[{"href":"https:\/\/alqawafel.com\/tr\/wp-json\/wp\/v2\/media?parent=9997"}],"wp:term":[{"taxonomy":"product_brand","embeddable":true,"href":"https:\/\/alqawafel.com\/tr\/wp-json\/wp\/v2\/product_brand?post=9997"},{"taxonomy":"product_cat","embeddable":true,"href":"https:\/\/alqawafel.com\/tr\/wp-json\/wp\/v2\/product_cat?post=9997"},{"taxonomy":"product_tag","embeddable":true,"href":"https:\/\/alqawafel.com\/tr\/wp-json\/wp\/v2\/product_tag?post=9997"}],"curies":[{"name":"wp","href":"https:\/\/api.w.org\/{rel}","templated":true}]}}